{"id":1184,"date":"2023-12-04T13:51:41","date_gmt":"2023-12-04T12:51:41","guid":{"rendered":"https:\/\/viager20.fr\/?page_id=1184"},"modified":"2025-11-14T20:41:27","modified_gmt":"2025-11-14T18:41:27","slug":"valoriser-un-viager","status":"publish","type":"page","link":"https:\/\/viager20.com\/index.php\/valoriser-un-viager\/","title":{"rendered":"Valoriser votre viager"},"content":{"rendered":"\n<p class=\"has-text-align-center has-text-color has-link-color wp-elements-abe7625963e2763a30df14a4a809f9e6\" style=\"color:#218ecc;font-size:16px;font-style:italic;font-weight:600\"><strong><span class=\"highlight\"><mark style=\"background-color:rgba(0, 0, 0, 0)\" class=\"has-inline-color has-vivid-cyan-blue-color\">Ces informations ne seront pas communiqu\u00e9es \u00e0 de tierces parties.<\/mark><\/span><\/strong> <strong><span class=\"highlight\"><mark style=\"background-color:rgba(0, 0, 0, 0)\" class=\"has-inline-color has-vivid-cyan-blue-color\"><br>Vous recevrez \u00e0 l&#8217;adresse e-mail les r\u00e9sultats de la valorisation. <\/mark><\/span><\/strong><\/p>\n\n\n<style id=\"wpforms-css-vars-1747-block-04fe4147-0b4d-4111-af2b-8f7bdbd4f9a3\">\n\t\t\t\t#wpforms-1747.wpforms-block-04fe4147-0b4d-4111-af2b-8f7bdbd4f9a3 {\n\t\t\t\t--wpforms-field-size-input-height: 43px;\n--wpforms-field-size-input-spacing: 15px;\n--wpforms-field-size-font-size: 16px;\n--wpforms-field-size-line-height: 19px;\n--wpforms-field-size-padding-h: 14px;\n--wpforms-field-size-checkbox-size: 16px;\n--wpforms-field-size-sublabel-spacing: 5px;\n--wpforms-field-size-icon-size: 1;\n--wpforms-label-size-font-size: 16px;\n--wpforms-label-size-line-height: 19px;\n--wpforms-label-size-sublabel-font-size: 14px;\n--wpforms-label-size-sublabel-line-height: 17px;\n--wpforms-button-size-font-size: 17px;\n--wpforms-button-size-height: 41px;\n--wpforms-button-size-padding-h: 15px;\n--wpforms-button-size-margin-top: 10px;\n--wpforms-container-shadow-size-box-shadow: none;\n\t\t\t}\n\t\t\t<\/style><div class=\"wpforms-container wpforms-container-full wpforms-container-save-resume wpforms-block wpforms-block-04fe4147-0b4d-4111-af2b-8f7bdbd4f9a3 wpforms-render-modern\" id=\"wpforms-1747\"><form id=\"wpforms-form-1747\" class=\"wpforms-validate wpforms-form wpforms-ajax-form\" data-formid=\"1747\" method=\"post\" enctype=\"multipart\/form-data\" action=\"\/index.php\/wp-json\/wp\/v2\/pages\/1184\" data-token=\"4afd19197882602ba0ffe25e9bec2605\" data-token-time=\"1777666882\"><noscript class=\"wpforms-error-noscript\">Veuillez activer JavaScript dans votre navigateur pour remplir ce formulaire.<\/noscript><div id=\"wpforms-error-noscript\" style=\"display: none;\">Veuillez activer JavaScript dans votre navigateur pour remplir ce formulaire.<\/div><div class=\"wpforms-field-container\"><div id=\"wpforms-1747-field_0-container\" class=\"wpforms-field wpforms-field-name\" data-field-id=\"0\"><fieldset><legend class=\"wpforms-field-label\">Nom <span class=\"wpforms-required-label\" aria-hidden=\"true\">*<\/span><\/legend><div class=\"wpforms-field-row wpforms-field-medium\"><div class=\"wpforms-field-row-block wpforms-first wpforms-one-half\"><input type=\"text\" id=\"wpforms-1747-field_0\" class=\"wpforms-field-name-first wpforms-field-required\" name=\"wpforms[fields][0][first]\" value=\"Jean\" aria-errormessage=\"wpforms-1747-field_0-error\" required><label for=\"wpforms-1747-field_0\" class=\"wpforms-field-sublabel after\">Pr\u00e9nom<\/label><\/div><div class=\"wpforms-field-row-block wpforms-one-half\"><input type=\"text\" id=\"wpforms-1747-field_0-last\" class=\"wpforms-field-name-last wpforms-field-required\" name=\"wpforms[fields][0][last]\" value=\"Dupond\" aria-errormessage=\"wpforms-1747-field_0-last-error\" required><label for=\"wpforms-1747-field_0-last\" class=\"wpforms-field-sublabel after\">Nom<\/label><\/div><\/div><\/fieldset><\/div><div id=\"wpforms-1747-field_1-container\" class=\"wpforms-field wpforms-field-email\" data-field-id=\"1\"><label class=\"wpforms-field-label\" for=\"wpforms-1747-field_1\">E-mail <span class=\"wpforms-required-label\" aria-hidden=\"true\">*<\/span><\/label><input type=\"email\" id=\"wpforms-1747-field_1\" class=\"wpforms-field-small wpforms-field-required\" name=\"wpforms[fields][1]\" value=\"jdupond@gmail.com\" spellcheck=\"false\" aria-errormessage=\"wpforms-1747-field_1-error\" required><\/div><div id=\"wpforms-1747-field_5-container\" class=\"wpforms-field wpforms-field-radio wpforms-list-inline\" data-field-id=\"5\"><fieldset><legend class=\"wpforms-field-label\">Vous \u00eates : <span class=\"wpforms-required-label\" aria-hidden=\"true\">*<\/span><\/legend><ul id=\"wpforms-1747-field_5\" class=\"wpforms-field-required\"><li class=\"choice-1 depth-1\"><input type=\"radio\" id=\"wpforms-1747-field_5_1\" name=\"wpforms[fields][5]\" value=\"Un particulier\" aria-errormessage=\"wpforms-1747-field_5_1-error\" required ><label class=\"wpforms-field-label-inline\" for=\"wpforms-1747-field_5_1\">Un particulier<\/label><\/li><li class=\"choice-2 depth-1\"><input type=\"radio\" id=\"wpforms-1747-field_5_2\" name=\"wpforms[fields][5]\" value=\"Un agent immobilier\" aria-errormessage=\"wpforms-1747-field_5_2-error\" required ><label class=\"wpforms-field-label-inline\" for=\"wpforms-1747-field_5_2\">Un agent immobilier<\/label><\/li><li class=\"choice-4 depth-1\"><input type=\"radio\" id=\"wpforms-1747-field_5_4\" name=\"wpforms[fields][5]\" value=\"Autre professionel de l&#039;immobilier\" aria-errormessage=\"wpforms-1747-field_5_4-error\" required ><label class=\"wpforms-field-label-inline\" for=\"wpforms-1747-field_5_4\">Autre professionel de l&#8217;immobilier<\/label><\/li><li class=\"choice-3 depth-1\"><input type=\"radio\" id=\"wpforms-1747-field_5_3\" name=\"wpforms[fields][5]\" value=\"Autre\" aria-errormessage=\"wpforms-1747-field_5_3-error\" required ><label class=\"wpforms-field-label-inline\" for=\"wpforms-1747-field_5_3\">Autre<\/label><\/li><\/ul><\/fieldset><\/div><div id=\"wpforms-1747-field_6-container\" class=\"wpforms-field wpforms-field-checkbox CSS_global\" data-field-id=\"6\"><fieldset><legend class=\"wpforms-field-label\">Conditions d&#039;utilisation <span class=\"wpforms-required-label\" aria-hidden=\"true\">*<\/span><\/legend><ul id=\"wpforms-1747-field_6\" class=\"wpforms-field-required\"><li class=\"choice-1 depth-1\"><input type=\"checkbox\" id=\"wpforms-1747-field_6_1\" name=\"wpforms[fields][6][]\" value=\"Acceptation\" aria-errormessage=\"wpforms-1747-field_6_1-error\" aria-describedby=\"wpforms-1747-field_6-description\" required ><label class=\"wpforms-field-label-inline\" for=\"wpforms-1747-field_6_1\">Acceptation<\/label><\/li><\/ul><div id=\"wpforms-1747-field_6-description\" class=\"wpforms-field-description\">En cochant cette case, l&#8217;utilsateur du site reconnait qu&#8217;il lui appartient de s&#8217;assurer de sa compr\u00e9hension de la m\u00e9thodologie pr\u00e9sent\u00e9e et de ses limites \u00e9ventuelles pour une utilisation particuli\u00e8re. Il exon\u00e8re par avance DPA Risk Premiums de toute responsabilit\u00e9 s&#8217;il utilisait les \nr\u00e9sultats fournis pour une transaction viag\u00e8re.<\/div><\/fieldset><\/div><div id=\"wpforms-1747-field_17-container\" class=\"wpforms-field wpforms-field-checkbox\" data-field-id=\"17\"><fieldset><legend class=\"wpforms-field-label\">Protection des donn\u00e9es <span class=\"wpforms-required-label\" aria-hidden=\"true\">*<\/span><\/legend><ul id=\"wpforms-1747-field_17\" class=\"wpforms-field-required\"><li class=\"choice-1 depth-1\"><input type=\"checkbox\" id=\"wpforms-1747-field_17_1\" name=\"wpforms[fields][17][]\" value=\"Acceptation - RGPD\" aria-errormessage=\"wpforms-1747-field_17_1-error\" aria-describedby=\"wpforms-1747-field_17-description\" required ><label class=\"wpforms-field-label-inline\" for=\"wpforms-1747-field_17_1\">Acceptation &#8211; RGPD<\/label><\/li><\/ul><div id=\"wpforms-1747-field_17-description\" class=\"wpforms-field-description\">Les informations recueillies sur ce formulaire et les suivants sont enregistr\u00e9es dans un fichier informatis\u00e9 par DPA Risk Premiums et conserv\u00e9es pendant 6 mois, \u00e0 l\u2019unique fin de r\u00e9pondre \u00e0 vos questions \u00e9ventuelles. Elles ne seront donc ni trait\u00e9es ni communiqu\u00e9es \u00e0 une tierce partie.  Pour acc\u00e9der aux donn\u00e9es vous concernant ou demander leur effacement, contactez contact@viager20.com.<\/div><\/fieldset><\/div><div id=\"wpforms-1747-field_19-container\" class=\"wpforms-field wpforms-field-hidden\" data-field-id=\"19\"><input type=\"hidden\" id=\"wpforms-1747-field_19\" name=\"wpforms[fields][19]\" value=\"0\"><\/div><\/div><!-- .wpforms-field-container --><div class=\"wpforms-submit-container\" ><input type=\"hidden\" name=\"wpforms[id]\" value=\"1747\"><input type=\"hidden\" name=\"page_title\" value=\"\"><input type=\"hidden\" name=\"page_url\" value=\"https:\/\/viager20.com\/index.php\/wp-json\/wp\/v2\/pages\/1184\"><input type=\"hidden\" name=\"url_referer\" value=\"\"><button type=\"submit\" name=\"wpforms[submit]\" id=\"wpforms-submit-1747\" class=\"wpforms-submit CSS_global\" data-alt-text=\"Envoi...\" data-submit-text=\"Envoyer\" aria-live=\"assertive\" value=\"wpforms-submit\">Envoyer<\/button><img decoding=\"async\" src=\"https:\/\/viager20.com\/wordpress\/wp-content\/plugins\/wpforms\/assets\/images\/submit-spin.svg\" class=\"wpforms-submit-spinner\" style=\"display: none;\" width=\"26\" height=\"26\" alt=\"Chargement en cours\"><\/div><\/form><\/div>  <!-- .wpforms-container -->\n\n\n<p><\/p>\n","protected":false},"excerpt":{"rendered":"<p>Ces informations ne seront pas communiqu\u00e9es \u00e0 de tierces parties. Vous recevrez \u00e0 l&#8217;adresse e-mail les r\u00e9sultats de la valorisation.<\/p>\n","protected":false},"author":1,"featured_media":0,"parent":0,"menu_order":0,"comment_status":"closed","ping_status":"closed","template":"template-fullwidth.php","meta":{"footnotes":""},"class_list":["post-1184","page","type-page","status-publish","hentry"],"yoast_head":"<!-- This site is optimized with the Yoast SEO plugin v27.5 - https:\/\/yoast.com\/product\/yoast-seo-wordpress\/ -->\n<title>Valoriser votre viager - Viager 2.0<\/title>\n<meta name=\"robots\" content=\"index, follow, max-snippet:-1, max-image-preview:large, max-video-preview:-1\" \/>\n<link rel=\"canonical\" href=\"https:\/\/viager20.com\/index.php\/valoriser-un-viager\/\" \/>\n<meta property=\"og:locale\" content=\"fr_FR\" \/>\n<meta property=\"og:type\" content=\"article\" \/>\n<meta property=\"og:title\" content=\"Valoriser votre viager - Viager 2.0\" \/>\n<meta property=\"og:description\" content=\"Ces informations ne seront pas communiqu\u00e9es \u00e0 de tierces parties. Vous recevrez \u00e0 l&#8217;adresse e-mail les r\u00e9sultats de la valorisation.\" \/>\n<meta property=\"og:url\" content=\"https:\/\/viager20.com\/index.php\/valoriser-un-viager\/\" \/>\n<meta property=\"og:site_name\" content=\"Viager 2.0\" \/>\n<meta property=\"article:modified_time\" content=\"2025-11-14T18:41:27+00:00\" \/>\n<meta name=\"twitter:card\" content=\"summary_large_image\" \/>\n<meta name=\"twitter:label1\" content=\"Dur\u00e9e de lecture estim\u00e9e\" \/>\n\t<meta name=\"twitter:data1\" content=\"1 minute\" \/>\n<script type=\"application\/ld+json\" class=\"yoast-schema-graph\">{\"@context\":\"https:\\\/\\\/schema.org\",\"@graph\":[{\"@type\":\"WebPage\",\"@id\":\"https:\\\/\\\/viager20.com\\\/index.php\\\/valoriser-un-viager\\\/\",\"url\":\"https:\\\/\\\/viager20.com\\\/index.php\\\/valoriser-un-viager\\\/\",\"name\":\"Valoriser votre viager - Viager 2.0\",\"isPartOf\":{\"@id\":\"https:\\\/\\\/viager20.com\\\/#website\"},\"datePublished\":\"2023-12-04T12:51:41+00:00\",\"dateModified\":\"2025-11-14T18:41:27+00:00\",\"breadcrumb\":{\"@id\":\"https:\\\/\\\/viager20.com\\\/index.php\\\/valoriser-un-viager\\\/#breadcrumb\"},\"inLanguage\":\"fr-FR\",\"potentialAction\":[{\"@type\":\"ReadAction\",\"target\":[\"https:\\\/\\\/viager20.com\\\/index.php\\\/valoriser-un-viager\\\/\"]}]},{\"@type\":\"BreadcrumbList\",\"@id\":\"https:\\\/\\\/viager20.com\\\/index.php\\\/valoriser-un-viager\\\/#breadcrumb\",\"itemListElement\":[{\"@type\":\"ListItem\",\"position\":1,\"name\":\"Accueil\",\"item\":\"https:\\\/\\\/viager20.com\\\/\"},{\"@type\":\"ListItem\",\"position\":2,\"name\":\"Valoriser votre viager\"}]},{\"@type\":\"WebSite\",\"@id\":\"https:\\\/\\\/viager20.com\\\/#website\",\"url\":\"https:\\\/\\\/viager20.com\\\/\",\"name\":\"Viager 2.0\",\"description\":\"Le viager (plus) facile !\",\"publisher\":{\"@id\":\"https:\\\/\\\/viager20.com\\\/#organization\"},\"potentialAction\":[{\"@type\":\"SearchAction\",\"target\":{\"@type\":\"EntryPoint\",\"urlTemplate\":\"https:\\\/\\\/viager20.com\\\/?s={search_term_string}\"},\"query-input\":{\"@type\":\"PropertyValueSpecification\",\"valueRequired\":true,\"valueName\":\"search_term_string\"}}],\"inLanguage\":\"fr-FR\"},{\"@type\":\"Organization\",\"@id\":\"https:\\\/\\\/viager20.com\\\/#organization\",\"name\":\"Viager 2.0\",\"url\":\"https:\\\/\\\/viager20.com\\\/\",\"logo\":{\"@type\":\"ImageObject\",\"inLanguage\":\"fr-FR\",\"@id\":\"https:\\\/\\\/viager20.com\\\/#\\\/schema\\\/logo\\\/image\\\/\",\"url\":\"https:\\\/\\\/viager20.com\\\/wordpress\\\/wp-content\\\/uploads\\\/2024\\\/11\\\/LogoViager20a.jpg\",\"contentUrl\":\"https:\\\/\\\/viager20.com\\\/wordpress\\\/wp-content\\\/uploads\\\/2024\\\/11\\\/LogoViager20a.jpg\",\"width\":972,\"height\":302,\"caption\":\"Viager 2.0\"},\"image\":{\"@id\":\"https:\\\/\\\/viager20.com\\\/#\\\/schema\\\/logo\\\/image\\\/\"}}]}<\/script>\n<!-- \/ Yoast SEO plugin. -->","yoast_head_json":{"title":"Valoriser votre viager - Viager 2.0","robots":{"index":"index","follow":"follow","max-snippet":"max-snippet:-1","max-image-preview":"max-image-preview:large","max-video-preview":"max-video-preview:-1"},"canonical":"https:\/\/viager20.com\/index.php\/valoriser-un-viager\/","og_locale":"fr_FR","og_type":"article","og_title":"Valoriser votre viager - Viager 2.0","og_description":"Ces informations ne seront pas communiqu\u00e9es \u00e0 de tierces parties. Vous recevrez \u00e0 l&#8217;adresse e-mail les r\u00e9sultats de la valorisation.","og_url":"https:\/\/viager20.com\/index.php\/valoriser-un-viager\/","og_site_name":"Viager 2.0","article_modified_time":"2025-11-14T18:41:27+00:00","twitter_card":"summary_large_image","twitter_misc":{"Dur\u00e9e de lecture estim\u00e9e":"1 minute"},"schema":{"@context":"https:\/\/schema.org","@graph":[{"@type":"WebPage","@id":"https:\/\/viager20.com\/index.php\/valoriser-un-viager\/","url":"https:\/\/viager20.com\/index.php\/valoriser-un-viager\/","name":"Valoriser votre viager - Viager 2.0","isPartOf":{"@id":"https:\/\/viager20.com\/#website"},"datePublished":"2023-12-04T12:51:41+00:00","dateModified":"2025-11-14T18:41:27+00:00","breadcrumb":{"@id":"https:\/\/viager20.com\/index.php\/valoriser-un-viager\/#breadcrumb"},"inLanguage":"fr-FR","potentialAction":[{"@type":"ReadAction","target":["https:\/\/viager20.com\/index.php\/valoriser-un-viager\/"]}]},{"@type":"BreadcrumbList","@id":"https:\/\/viager20.com\/index.php\/valoriser-un-viager\/#breadcrumb","itemListElement":[{"@type":"ListItem","position":1,"name":"Accueil","item":"https:\/\/viager20.com\/"},{"@type":"ListItem","position":2,"name":"Valoriser votre viager"}]},{"@type":"WebSite","@id":"https:\/\/viager20.com\/#website","url":"https:\/\/viager20.com\/","name":"Viager 2.0","description":"Le viager (plus) facile !","publisher":{"@id":"https:\/\/viager20.com\/#organization"},"potentialAction":[{"@type":"SearchAction","target":{"@type":"EntryPoint","urlTemplate":"https:\/\/viager20.com\/?s={search_term_string}"},"query-input":{"@type":"PropertyValueSpecification","valueRequired":true,"valueName":"search_term_string"}}],"inLanguage":"fr-FR"},{"@type":"Organization","@id":"https:\/\/viager20.com\/#organization","name":"Viager 2.0","url":"https:\/\/viager20.com\/","logo":{"@type":"ImageObject","inLanguage":"fr-FR","@id":"https:\/\/viager20.com\/#\/schema\/logo\/image\/","url":"https:\/\/viager20.com\/wordpress\/wp-content\/uploads\/2024\/11\/LogoViager20a.jpg","contentUrl":"https:\/\/viager20.com\/wordpress\/wp-content\/uploads\/2024\/11\/LogoViager20a.jpg","width":972,"height":302,"caption":"Viager 2.0"},"image":{"@id":"https:\/\/viager20.com\/#\/schema\/logo\/image\/"}}]}},"_links":{"self":[{"href":"https:\/\/viager20.com\/index.php\/wp-json\/wp\/v2\/pages\/1184","targetHints":{"allow":["GET"]}}],"collection":[{"href":"https:\/\/viager20.com\/index.php\/wp-json\/wp\/v2\/pages"}],"about":[{"href":"https:\/\/viager20.com\/index.php\/wp-json\/wp\/v2\/types\/page"}],"author":[{"embeddable":true,"href":"https:\/\/viager20.com\/index.php\/wp-json\/wp\/v2\/users\/1"}],"replies":[{"embeddable":true,"href":"https:\/\/viager20.com\/index.php\/wp-json\/wp\/v2\/comments?post=1184"}],"version-history":[{"count":32,"href":"https:\/\/viager20.com\/index.php\/wp-json\/wp\/v2\/pages\/1184\/revisions"}],"predecessor-version":[{"id":3486,"href":"https:\/\/viager20.com\/index.php\/wp-json\/wp\/v2\/pages\/1184\/revisions\/3486"}],"wp:attachment":[{"href":"https:\/\/viager20.com\/index.php\/wp-json\/wp\/v2\/media?parent=1184"}],"curies":[{"name":"wp","href":"https:\/\/api.w.org\/{rel}","templated":true}]}}