{"id":1229,"date":"2023-12-13T16:23:27","date_gmt":"2023-12-13T15:23:27","guid":{"rendered":"https:\/\/viager20.fr\/?page_id=1229"},"modified":"2025-12-18T17:34:44","modified_gmt":"2025-12-18T15:34:44","slug":"selection-table-mortalite-calcul-esperance-vie","status":"publish","type":"page","link":"https:\/\/viager20.com\/index.php\/selection-table-mortalite-calcul-esperance-vie\/","title":{"rendered":"Le(s) cr\u00e9direntier(s)"},"content":{"rendered":"\n<p class=\"has-black-color has-text-color has-link-color wp-elements-3343787e8dfb39befa1fd37f39462b32\" style=\"font-size:14px\">Dans <a data-type=\"link\" data-id=\"https:\/\/viager20.fr\/?page_id=1184\" style=\"color:#218ecc\" href=\"https:\/\/viager20.fr\/?page_id=1184\">Valoriser un Viager<\/a>, l&#8217;\u00e9cran ci-dessous permet de renseigner l&#8217;\u00e2ge (atteint pendant l&#8217;ann\u00e9e civile en cours) et le sex du couple de cr\u00e9direntiers. Dans cet exemple, les deux membres du couple sont de sexes diff\u00e9rents. Mais <strong><em>Viager 2.0<\/em><\/strong>  propose aussi une valorisation pour les couples de m\u00eame sexe .<\/p>\n\n\n<div class=\"wp-block-image is-style-default\">\n<figure class=\"aligncenter size-full is-resized\" id=\"wp-block-themeisle-blocks-image-8446548f\"><img decoding=\"async\" width=\"999\" height=\"463\" src=\"https:\/\/viager20.com\/wordpress\/wp-content\/uploads\/2025\/11\/Screenshot-credirentier-1.jpg\" alt=\"\" class=\"wp-image-3553\" style=\"width:863px;height:auto\" srcset=\"https:\/\/viager20.com\/wordpress\/wp-content\/uploads\/2025\/11\/Screenshot-credirentier-1.jpg 999w, https:\/\/viager20.com\/wordpress\/wp-content\/uploads\/2025\/11\/Screenshot-credirentier-1-300x139.jpg 300w, https:\/\/viager20.com\/wordpress\/wp-content\/uploads\/2025\/11\/Screenshot-credirentier-1-768x356.jpg 768w\" sizes=\"(max-width: 999px) 100vw, 999px\" \/><\/figure>\n<\/div>\n\n\n<div style=\"height:10px\" aria-hidden=\"true\" class=\"wp-block-spacer\"><\/div>\n\n\n\n<p class=\"has-black-color has-text-color has-link-color wp-elements-4174f0dc0b22861d75b0724921f733b9\" style=\"font-size:14px\"><strong><em>Viager 2.0<\/em><\/strong> offre surtout la possibilit\u00e9 de s\u00e9lectionner la table de mortalit\u00e9, pour qu&#8217;elle refl\u00e8te l\u2019esp\u00e9rance de vie des cr\u00e9direntiers, selon le <a style=\"color:#218ecc\" href=\"https:\/\/viager20.com\/index.php\/tables-de-mortalite-esperance-vie\/\" target=\"_blank\" rel=\"noreferrer noopener\">Principe V<\/a>. Est-ce bien le cas ici ?<\/p>\n\n\n\n<p class=\"has-black-color has-text-color has-link-color wp-elements-84ee2c11cf7cf1bc553eacfcbd7b6f44\" style=\"font-size:14px\">La table TGH05-TGF05 est \u00e9labor\u00e9e \u00e0 partir d&#8217;une population de <strong>rentiers<\/strong> dont l\u2019esp\u00e9rance de vie est <a data-type=\"link\" data-id=\"https:\/\/www.insee.fr\/fr\/statistiques\/3319895\" style=\"color:#218ecc\" href=\"https:\/\/www.insee.fr\/fr\/statistiques\/3319895\">sup\u00e9rieure \u00e0 la moyenne<\/a>. En effet, ces individus sont g\u00e9n\u00e9ralement en bonne sant\u00e9 au moment de l\u2019acquisition de leur rente et b\u00e9n\u00e9ficient souvent d\u2019une situation financi\u00e8re confortable. Il en va de m\u00eame pour les <strong>cr\u00e9direntiers<\/strong>. Dans cet exemple, ils sont probablement ais\u00e9s car la valeur de leur bien d\u00e9passe la moyenne nationale.<\/p>\n\n\n\n<p class=\"has-text-align-center has-text-color has-link-color wp-elements-6741b72fe69a4fb567aae3bfee6da526\" style=\"color:#218ecc;font-size:16px;font-style:italic;font-weight:600\"><em>Viager 2.0 <\/em>permet de comparer les esp\u00e9rances de vie selon les diff\u00e9rentes tables. <\/p>\n\n\n\n<p class=\"has-black-color has-text-color has-link-color wp-elements-b82d6d5dd35c2000e2f19dd928759e88\" style=\"font-size:14px\">Pour ce couple, <strong>l&#8217;esp\u00e9rance de vie varie de cinq ans selon la table choisie. <\/strong>\u00c0 20.5 ann\u00e9es, la Table INSEE 2019 la sous-estime probablement car elle n&#8217;extrapole pas la mortalit\u00e9 future ; l&#8217;esp\u00e9rance de vie avec la table TGH05-TGF05 est de 25.8 ans.<\/p>\n\n\n\n<p class=\"has-text-align-center has-text-color has-background has-link-color wp-elements-9c3631d817addeb3748277536bca333f\" style=\"color:#218ecc;background-color:#cecece;font-size:16px;font-style:italic;font-weight:600\">Les Tables TGH05-TGF05 sont a priori mieux adapt\u00e9es. <br> Mais elles peuvent surestimer l&#8217;esp\u00e9rance de vie du cr\u00e9direntier, pour des biens de faible valeur.<\/p>\n\n\n\n<div style=\"height:21px\" aria-hidden=\"true\" class=\"wp-block-spacer\"><\/div>\n\n\n\n<p class=\"has-black-color has-text-color has-link-color wp-elements-eeb422d5c9a99bb64b3ba03256627fc7\" style=\"font-size:14px\">On peut simuler l&#8217;esp\u00e9rance de vie avec les diff\u00e9rentes tables de mortalit\u00e9. Une fois la table de mortalit\u00e9 choisie, on appuie sur le bouton &#8220;<strong>CONFIRMEZ VOTRE CHOIX<\/strong>&#8220;. Le choix de la table ne pourra alors plus \u00eatre modifi\u00e9.<\/p>\n\n\n<div class=\"wp-block-image\">\n<figure class=\"aligncenter size-full\"><img decoding=\"async\" width=\"997\" height=\"168\" src=\"https:\/\/viager20.com\/wordpress\/wp-content\/uploads\/2025\/11\/Screenshot-credirentier-bis-1.jpg\" alt=\"\" class=\"wp-image-3554\" srcset=\"https:\/\/viager20.com\/wordpress\/wp-content\/uploads\/2025\/11\/Screenshot-credirentier-bis-1.jpg 997w, https:\/\/viager20.com\/wordpress\/wp-content\/uploads\/2025\/11\/Screenshot-credirentier-bis-1-300x51.jpg 300w, https:\/\/viager20.com\/wordpress\/wp-content\/uploads\/2025\/11\/Screenshot-credirentier-bis-1-768x129.jpg 768w\" sizes=\"(max-width: 997px) 100vw, 997px\" \/><\/figure>\n<\/div>\n\n\n<p><\/p>\n","protected":false},"excerpt":{"rendered":"<p>Dans Valoriser un Viager, l&#8217;\u00e9cran ci-dessous permet de renseigner l&#8217;\u00e2ge (atteint pendant l&#8217;ann\u00e9e civile en cours) et le sex du couple de cr\u00e9direntiers. Dans cet exemple, les deux membres du &#8230;<\/p>\n","protected":false},"author":1,"featured_media":0,"parent":0,"menu_order":0,"comment_status":"closed","ping_status":"closed","template":"template-fullwidth.php","meta":{"footnotes":""},"class_list":["post-1229","page","type-page","status-publish","hentry"],"yoast_head":"<!-- This site is optimized with the Yoast SEO plugin v27.5 - https:\/\/yoast.com\/product\/yoast-seo-wordpress\/ -->\n<title>S\u00e9lectionner la table de mortalit\u00e9<\/title>\n<meta name=\"description\" content=\"On montre comment s\u00e9lectionner de la table de mortalit\u00e9 et calculer l&#039;esp\u00e9rance de vie selon l&#039;\u00e2ge et le sexe des cr\u00e9direntiers\" \/>\n<meta name=\"robots\" content=\"index, follow, max-snippet:-1, max-image-preview:large, max-video-preview:-1\" \/>\n<link rel=\"canonical\" href=\"https:\/\/viager20.com\/index.php\/selection-table-mortalite-calcul-esperance-vie\/\" \/>\n<meta property=\"og:locale\" content=\"fr_FR\" \/>\n<meta property=\"og:type\" content=\"article\" \/>\n<meta property=\"og:title\" content=\"S\u00e9lectionner la table de mortalit\u00e9\" \/>\n<meta property=\"og:description\" content=\"On montre comment s\u00e9lectionner de la table de mortalit\u00e9 et calculer l&#039;esp\u00e9rance de vie selon l&#039;\u00e2ge et le sexe des cr\u00e9direntiers\" \/>\n<meta property=\"og:url\" content=\"https:\/\/viager20.com\/index.php\/selection-table-mortalite-calcul-esperance-vie\/\" \/>\n<meta property=\"og:site_name\" content=\"Viager 2.0\" \/>\n<meta property=\"article:modified_time\" content=\"2025-12-18T15:34:44+00:00\" \/>\n<meta property=\"og:image\" content=\"https:\/\/viager20.com\/wordpress\/wp-content\/uploads\/2025\/11\/Screenshot-credirentier-1.jpg\" \/>\n\t<meta property=\"og:image:width\" content=\"999\" \/>\n\t<meta property=\"og:image:height\" content=\"463\" \/>\n\t<meta property=\"og:image:type\" content=\"image\/jpeg\" \/>\n<meta name=\"twitter:card\" content=\"summary_large_image\" \/>\n<meta name=\"twitter:label1\" content=\"Dur\u00e9e de lecture estim\u00e9e\" \/>\n\t<meta name=\"twitter:data1\" content=\"2 minutes\" \/>\n<script type=\"application\/ld+json\" class=\"yoast-schema-graph\">{\"@context\":\"https:\\\/\\\/schema.org\",\"@graph\":[{\"@type\":\"WebPage\",\"@id\":\"https:\\\/\\\/viager20.com\\\/index.php\\\/selection-table-mortalite-calcul-esperance-vie\\\/\",\"url\":\"https:\\\/\\\/viager20.com\\\/index.php\\\/selection-table-mortalite-calcul-esperance-vie\\\/\",\"name\":\"S\u00e9lectionner la table de mortalit\u00e9\",\"isPartOf\":{\"@id\":\"https:\\\/\\\/viager20.com\\\/#website\"},\"primaryImageOfPage\":{\"@id\":\"https:\\\/\\\/viager20.com\\\/index.php\\\/selection-table-mortalite-calcul-esperance-vie\\\/#primaryimage\"},\"image\":{\"@id\":\"https:\\\/\\\/viager20.com\\\/index.php\\\/selection-table-mortalite-calcul-esperance-vie\\\/#primaryimage\"},\"thumbnailUrl\":\"https:\\\/\\\/viager20.com\\\/wordpress\\\/wp-content\\\/uploads\\\/2025\\\/11\\\/Screenshot-credirentier-1.jpg\",\"datePublished\":\"2023-12-13T15:23:27+00:00\",\"dateModified\":\"2025-12-18T15:34:44+00:00\",\"description\":\"On montre comment s\u00e9lectionner de la table de mortalit\u00e9 et calculer l'esp\u00e9rance de vie selon l'\u00e2ge et le sexe des cr\u00e9direntiers\",\"breadcrumb\":{\"@id\":\"https:\\\/\\\/viager20.com\\\/index.php\\\/selection-table-mortalite-calcul-esperance-vie\\\/#breadcrumb\"},\"inLanguage\":\"fr-FR\",\"potentialAction\":[{\"@type\":\"ReadAction\",\"target\":[\"https:\\\/\\\/viager20.com\\\/index.php\\\/selection-table-mortalite-calcul-esperance-vie\\\/\"]}]},{\"@type\":\"ImageObject\",\"inLanguage\":\"fr-FR\",\"@id\":\"https:\\\/\\\/viager20.com\\\/index.php\\\/selection-table-mortalite-calcul-esperance-vie\\\/#primaryimage\",\"url\":\"https:\\\/\\\/viager20.com\\\/wordpress\\\/wp-content\\\/uploads\\\/2025\\\/11\\\/Screenshot-credirentier-1.jpg\",\"contentUrl\":\"https:\\\/\\\/viager20.com\\\/wordpress\\\/wp-content\\\/uploads\\\/2025\\\/11\\\/Screenshot-credirentier-1.jpg\",\"width\":999,\"height\":463},{\"@type\":\"BreadcrumbList\",\"@id\":\"https:\\\/\\\/viager20.com\\\/index.php\\\/selection-table-mortalite-calcul-esperance-vie\\\/#breadcrumb\",\"itemListElement\":[{\"@type\":\"ListItem\",\"position\":1,\"name\":\"Accueil\",\"item\":\"https:\\\/\\\/viager20.com\\\/\"},{\"@type\":\"ListItem\",\"position\":2,\"name\":\"Le(s) cr\u00e9direntier(s)\"}]},{\"@type\":\"WebSite\",\"@id\":\"https:\\\/\\\/viager20.com\\\/#website\",\"url\":\"https:\\\/\\\/viager20.com\\\/\",\"name\":\"Viager 2.0\",\"description\":\"Le viager (plus) facile !\",\"publisher\":{\"@id\":\"https:\\\/\\\/viager20.com\\\/#organization\"},\"potentialAction\":[{\"@type\":\"SearchAction\",\"target\":{\"@type\":\"EntryPoint\",\"urlTemplate\":\"https:\\\/\\\/viager20.com\\\/?s={search_term_string}\"},\"query-input\":{\"@type\":\"PropertyValueSpecification\",\"valueRequired\":true,\"valueName\":\"search_term_string\"}}],\"inLanguage\":\"fr-FR\"},{\"@type\":\"Organization\",\"@id\":\"https:\\\/\\\/viager20.com\\\/#organization\",\"name\":\"Viager 2.0\",\"url\":\"https:\\\/\\\/viager20.com\\\/\",\"logo\":{\"@type\":\"ImageObject\",\"inLanguage\":\"fr-FR\",\"@id\":\"https:\\\/\\\/viager20.com\\\/#\\\/schema\\\/logo\\\/image\\\/\",\"url\":\"https:\\\/\\\/viager20.com\\\/wordpress\\\/wp-content\\\/uploads\\\/2024\\\/11\\\/LogoViager20a.jpg\",\"contentUrl\":\"https:\\\/\\\/viager20.com\\\/wordpress\\\/wp-content\\\/uploads\\\/2024\\\/11\\\/LogoViager20a.jpg\",\"width\":972,\"height\":302,\"caption\":\"Viager 2.0\"},\"image\":{\"@id\":\"https:\\\/\\\/viager20.com\\\/#\\\/schema\\\/logo\\\/image\\\/\"}}]}<\/script>\n<!-- \/ Yoast SEO plugin. -->","yoast_head_json":{"title":"S\u00e9lectionner la table de mortalit\u00e9","description":"On montre comment s\u00e9lectionner de la table de mortalit\u00e9 et calculer l'esp\u00e9rance de vie selon l'\u00e2ge et le sexe des cr\u00e9direntiers","robots":{"index":"index","follow":"follow","max-snippet":"max-snippet:-1","max-image-preview":"max-image-preview:large","max-video-preview":"max-video-preview:-1"},"canonical":"https:\/\/viager20.com\/index.php\/selection-table-mortalite-calcul-esperance-vie\/","og_locale":"fr_FR","og_type":"article","og_title":"S\u00e9lectionner la table de mortalit\u00e9","og_description":"On montre comment s\u00e9lectionner de la table de mortalit\u00e9 et calculer l'esp\u00e9rance de vie selon l'\u00e2ge et le sexe des cr\u00e9direntiers","og_url":"https:\/\/viager20.com\/index.php\/selection-table-mortalite-calcul-esperance-vie\/","og_site_name":"Viager 2.0","article_modified_time":"2025-12-18T15:34:44+00:00","og_image":[{"width":999,"height":463,"url":"https:\/\/viager20.com\/wordpress\/wp-content\/uploads\/2025\/11\/Screenshot-credirentier-1.jpg","type":"image\/jpeg"}],"twitter_card":"summary_large_image","twitter_misc":{"Dur\u00e9e de lecture estim\u00e9e":"2 minutes"},"schema":{"@context":"https:\/\/schema.org","@graph":[{"@type":"WebPage","@id":"https:\/\/viager20.com\/index.php\/selection-table-mortalite-calcul-esperance-vie\/","url":"https:\/\/viager20.com\/index.php\/selection-table-mortalite-calcul-esperance-vie\/","name":"S\u00e9lectionner la table de mortalit\u00e9","isPartOf":{"@id":"https:\/\/viager20.com\/#website"},"primaryImageOfPage":{"@id":"https:\/\/viager20.com\/index.php\/selection-table-mortalite-calcul-esperance-vie\/#primaryimage"},"image":{"@id":"https:\/\/viager20.com\/index.php\/selection-table-mortalite-calcul-esperance-vie\/#primaryimage"},"thumbnailUrl":"https:\/\/viager20.com\/wordpress\/wp-content\/uploads\/2025\/11\/Screenshot-credirentier-1.jpg","datePublished":"2023-12-13T15:23:27+00:00","dateModified":"2025-12-18T15:34:44+00:00","description":"On montre comment s\u00e9lectionner de la table de mortalit\u00e9 et calculer l'esp\u00e9rance de vie selon l'\u00e2ge et le sexe des cr\u00e9direntiers","breadcrumb":{"@id":"https:\/\/viager20.com\/index.php\/selection-table-mortalite-calcul-esperance-vie\/#breadcrumb"},"inLanguage":"fr-FR","potentialAction":[{"@type":"ReadAction","target":["https:\/\/viager20.com\/index.php\/selection-table-mortalite-calcul-esperance-vie\/"]}]},{"@type":"ImageObject","inLanguage":"fr-FR","@id":"https:\/\/viager20.com\/index.php\/selection-table-mortalite-calcul-esperance-vie\/#primaryimage","url":"https:\/\/viager20.com\/wordpress\/wp-content\/uploads\/2025\/11\/Screenshot-credirentier-1.jpg","contentUrl":"https:\/\/viager20.com\/wordpress\/wp-content\/uploads\/2025\/11\/Screenshot-credirentier-1.jpg","width":999,"height":463},{"@type":"BreadcrumbList","@id":"https:\/\/viager20.com\/index.php\/selection-table-mortalite-calcul-esperance-vie\/#breadcrumb","itemListElement":[{"@type":"ListItem","position":1,"name":"Accueil","item":"https:\/\/viager20.com\/"},{"@type":"ListItem","position":2,"name":"Le(s) cr\u00e9direntier(s)"}]},{"@type":"WebSite","@id":"https:\/\/viager20.com\/#website","url":"https:\/\/viager20.com\/","name":"Viager 2.0","description":"Le viager (plus) facile !","publisher":{"@id":"https:\/\/viager20.com\/#organization"},"potentialAction":[{"@type":"SearchAction","target":{"@type":"EntryPoint","urlTemplate":"https:\/\/viager20.com\/?s={search_term_string}"},"query-input":{"@type":"PropertyValueSpecification","valueRequired":true,"valueName":"search_term_string"}}],"inLanguage":"fr-FR"},{"@type":"Organization","@id":"https:\/\/viager20.com\/#organization","name":"Viager 2.0","url":"https:\/\/viager20.com\/","logo":{"@type":"ImageObject","inLanguage":"fr-FR","@id":"https:\/\/viager20.com\/#\/schema\/logo\/image\/","url":"https:\/\/viager20.com\/wordpress\/wp-content\/uploads\/2024\/11\/LogoViager20a.jpg","contentUrl":"https:\/\/viager20.com\/wordpress\/wp-content\/uploads\/2024\/11\/LogoViager20a.jpg","width":972,"height":302,"caption":"Viager 2.0"},"image":{"@id":"https:\/\/viager20.com\/#\/schema\/logo\/image\/"}}]}},"_links":{"self":[{"href":"https:\/\/viager20.com\/index.php\/wp-json\/wp\/v2\/pages\/1229","targetHints":{"allow":["GET"]}}],"collection":[{"href":"https:\/\/viager20.com\/index.php\/wp-json\/wp\/v2\/pages"}],"about":[{"href":"https:\/\/viager20.com\/index.php\/wp-json\/wp\/v2\/types\/page"}],"author":[{"embeddable":true,"href":"https:\/\/viager20.com\/index.php\/wp-json\/wp\/v2\/users\/1"}],"replies":[{"embeddable":true,"href":"https:\/\/viager20.com\/index.php\/wp-json\/wp\/v2\/comments?post=1229"}],"version-history":[{"count":54,"href":"https:\/\/viager20.com\/index.php\/wp-json\/wp\/v2\/pages\/1229\/revisions"}],"predecessor-version":[{"id":3821,"href":"https:\/\/viager20.com\/index.php\/wp-json\/wp\/v2\/pages\/1229\/revisions\/3821"}],"wp:attachment":[{"href":"https:\/\/viager20.com\/index.php\/wp-json\/wp\/v2\/media?parent=1229"}],"curies":[{"name":"wp","href":"https:\/\/api.w.org\/{rel}","templated":true}]}}