{"id":1236,"date":"2023-12-13T16:54:04","date_gmt":"2023-12-13T15:54:04","guid":{"rendered":"https:\/\/viager20.fr\/?page_id=1236"},"modified":"2026-02-27T10:46:14","modified_gmt":"2026-02-27T08:46:14","slug":"valeur-locative-calcul-usufruit","status":"publish","type":"page","link":"https:\/\/viager20.com\/index.php\/valeur-locative-calcul-usufruit\/","title":{"rendered":"Le bien"},"content":{"rendered":"\n<p class=\"has-text-align-center has-text-color has-link-color wp-elements-06fc96bea93bd7b92f3628a6d308cbd8\" style=\"color:#218ecc;font-size:20px;font-style:italic;font-weight:600\">Etape essentielle, notamment pour valoriser l&#8217;usufruit, l\u2019analyse immobili\u00e8re d\u00e9termine la valeur v\u00e9nale du bien, sa valeur locative et les d\u00e9penses support\u00e9es.<\/p>\n\n\n<div class=\"wp-block-image\">\n<figure class=\"aligncenter size-full\"><img decoding=\"async\" width=\"1000\" height=\"134\" src=\"https:\/\/viager20.com\/wordpress\/wp-content\/uploads\/2025\/11\/Screenshot-immobilier-1.jpg\" alt=\"\" class=\"wp-image-3561\" srcset=\"https:\/\/viager20.com\/wordpress\/wp-content\/uploads\/2025\/11\/Screenshot-immobilier-1.jpg 1000w, https:\/\/viager20.com\/wordpress\/wp-content\/uploads\/2025\/11\/Screenshot-immobilier-1-300x40.jpg 300w, https:\/\/viager20.com\/wordpress\/wp-content\/uploads\/2025\/11\/Screenshot-immobilier-1-768x103.jpg 768w\" sizes=\"(max-width: 1000px) 100vw, 1000px\" \/><\/figure>\n<\/div>\n\n\n<p class=\"has-black-color has-text-color has-link-color wp-elements-5e2ef21ad1c58ec21e4469e70f25db9d\" style=\"font-size:14px\">Comme pour une transaction classique, d\u00e9birentier et cr\u00e9direntier doivent s\u2019accorder sur <strong>la valeur v\u00e9nale du bien<\/strong>, qui conditionne la valorisation du viager.<\/p>\n\n\n\n<p class=\"has-black-color has-text-color has-link-color wp-elements-3d7ddd600174473a7146af4bb2e28fa3\" style=\"font-size:14px\">La <strong>valeur locative<\/strong>, pour le calcul de la <a style=\"color:#218ecc\" href=\"https:\/\/viager20.com\/wordpress\/wp-content\/uploads\/2024\/11\/Usufruit_vf.pdf\" target=\"_blank\" rel=\"noreferrer noopener\">valeur de l\u2019usufruit<\/a>, varie selon la tension du march\u00e9 locatif local et le type de bien. Si n\u00e9cessaire, on \u00e9valuera les loyers avec l&#8217;aide d&#8217;agents immobiliers ou avec un <a style=\"color:#218ecc\" href=\"https:\/\/www.ecologie.gouv.fr\/carte-des-loyers\" target=\"_blank\" rel=\"noreferrer noopener\">site officiel<\/a>&nbsp;d\u2019observation des loyers.<\/p>\n\n\n\n<p class=\"has-text-align-center has-text-color has-background has-link-color wp-elements-fc645f83146b7fd72dfa7d87b0b50a58\" style=\"color:#218ecc;background-color:#cecece;font-size:16px;font-style:italic;font-weight:600\">Plus la rentabilit\u00e9 locative est \u00e9lev\u00e9e, plus la valeur de l&#8217;usufruit augmente.<\/p>\n\n\n\n<p class=\"has-black-color has-text-color has-link-color wp-elements-00abbba3257d831cd83ac39de3779558\" style=\"font-size:14px\">Cependant, cette rentabilit\u00e9 est diminu\u00e9e par les charges support\u00e9es par le loueur. En particulier, il doit anticiper l&#8217;obsolescence du bien. Les d\u00e9penses associ\u00e9es, g\u00e9n\u00e9ralement autour de \u00bd % de la valeur du bien, peuvent \u00eatre plus \u00e9lev\u00e9es pour des biens tr\u00e8s anciens ou en mauvais \u00e9tat. Dans cet exemple, le montant retenu correspond \u00e0 \u00be % de la valeur v\u00e9nale.<\/p>\n\n\n\n<p class=\"has-black-color has-text-color has-link-color wp-elements-45f1b928d7eb17da328ee5ee993824ed\" style=\"font-size:14px\">De plus, les risques d&#8217;impay\u00e9s ou de p\u00e9riodes de vacance diminuent la rentabilit\u00e9 locative. Dans ce contexte, <strong>le cr\u00e9direntier est un locataire id\u00e9al, <\/strong>qui s&#8217;est par avance acquitt\u00e9 de ses loyers.<\/p>\n\n\n\n<div class=\"wp-block-media-text is-stacked-on-mobile\" style=\"grid-template-columns:30% auto\"><figure class=\"wp-block-media-text__media\"><img decoding=\"async\" src=\"https:\/\/viager20.com\/wordpress\/wp-content\/uploads\/2023\/11\/Charges-1.jpg\" alt=\"\" class=\"wp-image-781 size-full\"\/><\/figure><div class=\"wp-block-media-text__content\">\n<p><\/p>\n<\/div><\/div>\n\n\n\n<div class=\"wp-block-media-text is-stacked-on-mobile\" style=\"grid-template-columns:52% auto\"><figure class=\"wp-block-media-text__media\"><img decoding=\"async\" width=\"771\" height=\"241\" src=\"https:\/\/viager20.com\/wordpress\/wp-content\/uploads\/2023\/11\/Charges.jpg\" alt=\"Analyse de la r\u00e9partition des charges pour un locataire et un usufruitier.\" class=\"wp-image-781 size-full\" srcset=\"https:\/\/viager20.com\/wordpress\/wp-content\/uploads\/2023\/11\/Charges.jpg 771w, https:\/\/viager20.com\/wordpress\/wp-content\/uploads\/2023\/11\/Charges-300x94.jpg 300w, https:\/\/viager20.com\/wordpress\/wp-content\/uploads\/2023\/11\/Charges-768x240.jpg 768w\" sizes=\"(max-width: 771px) 100vw, 771px\" \/><\/figure><div class=\"wp-block-media-text__content\">\n<p class=\"has-black-color has-text-color has-link-color wp-elements-8953b7a9976719097abd6ccb928856c1\">L\u00e9galement, l&#8217;usufruitier a plus d&#8217;obligations qu&#8217;un locataire. En effet, il doit restituer le bien dans l&#8217;\u00e9tat o\u00f9 il l&#8217;a re\u00e7u. Entre-temps, il supporte davantage de d\u00e9penses qu&#8217;un locataire.<\/p>\n\n\n\n<p class=\"has-black-color has-text-color has-link-color wp-elements-bda32b5f46008b8d9fe1e35344feb637\"><strong>On ajuste donc la valeur locative pour compenser les  frais d&#8217;entretien support\u00e9s par un usufuitier mais non par un locataire<\/strong>.<\/p>\n<\/div><\/div>\n\n\n\n<div style=\"height:29px\" aria-hidden=\"true\" class=\"wp-block-spacer\"><\/div>\n\n\n\n<p class=\"has-text-align-center has-text-color has-background has-link-color wp-elements-03a1fb6b4e1fb7fb46386609aeeef97b\" style=\"color:#218ecc;background-color:#cecece;font-size:16px;font-style:italic;font-weight:600\">L\u2019usufruitier prend g\u00e9n\u00e9ralement \u00e0 sa charge la taxe fonci\u00e8re et les charges et travaux, \u00e0 l\u2019exception du gros oeuvre.<\/p>\n\n\n\n<p><\/p>\n","protected":false},"excerpt":{"rendered":"<p>Etape essentielle, notamment pour valoriser l&#8217;usufruit, l\u2019analyse immobili\u00e8re d\u00e9termine la valeur v\u00e9nale du bien, sa valeur locative et les d\u00e9penses support\u00e9es. Comme pour une transaction classique, d\u00e9birentier et cr\u00e9direntier doivent &#8230;<\/p>\n","protected":false},"author":1,"featured_media":0,"parent":0,"menu_order":0,"comment_status":"closed","ping_status":"closed","template":"template-fullwidth.php","meta":{"footnotes":""},"class_list":["post-1236","page","type-page","status-publish","hentry"],"yoast_head":"<!-- This site is optimized with the Yoast SEO plugin v27.5 - https:\/\/yoast.com\/product\/yoast-seo-wordpress\/ -->\n<title>Valeur locative et calcul de l&#039;usufruit<\/title>\n<meta name=\"description\" content=\"Pour le calcul de la valeur de l&#039;usufruit, on utilise la valeur locative du bien, nette des charges support\u00e9es par le propri\u00e9taire.\" \/>\n<meta name=\"robots\" content=\"index, follow, max-snippet:-1, max-image-preview:large, max-video-preview:-1\" \/>\n<link rel=\"canonical\" href=\"https:\/\/viager20.com\/index.php\/valeur-locative-calcul-usufruit\/\" \/>\n<meta property=\"og:locale\" content=\"fr_FR\" \/>\n<meta property=\"og:type\" content=\"article\" \/>\n<meta property=\"og:title\" content=\"Valeur locative et calcul de l&#039;usufruit\" \/>\n<meta property=\"og:description\" content=\"Pour le calcul de la valeur de l&#039;usufruit, on utilise la valeur locative du bien, nette des charges support\u00e9es par le propri\u00e9taire.\" \/>\n<meta property=\"og:url\" content=\"https:\/\/viager20.com\/index.php\/valeur-locative-calcul-usufruit\/\" \/>\n<meta property=\"og:site_name\" content=\"Viager 2.0\" \/>\n<meta property=\"article:modified_time\" content=\"2026-02-27T08:46:14+00:00\" \/>\n<meta property=\"og:image\" content=\"https:\/\/viager20.com\/wordpress\/wp-content\/uploads\/2025\/11\/Screenshot-immobilier-1.jpg\" \/>\n\t<meta property=\"og:image:width\" content=\"1000\" \/>\n\t<meta property=\"og:image:height\" content=\"134\" \/>\n\t<meta property=\"og:image:type\" content=\"image\/jpeg\" \/>\n<meta name=\"twitter:card\" content=\"summary_large_image\" \/>\n<meta name=\"twitter:label1\" content=\"Dur\u00e9e de lecture estim\u00e9e\" \/>\n\t<meta name=\"twitter:data1\" content=\"2 minutes\" \/>\n<script type=\"application\/ld+json\" class=\"yoast-schema-graph\">{\"@context\":\"https:\\\/\\\/schema.org\",\"@graph\":[{\"@type\":\"WebPage\",\"@id\":\"https:\\\/\\\/viager20.com\\\/index.php\\\/valeur-locative-calcul-usufruit\\\/\",\"url\":\"https:\\\/\\\/viager20.com\\\/index.php\\\/valeur-locative-calcul-usufruit\\\/\",\"name\":\"Valeur locative et calcul de l'usufruit\",\"isPartOf\":{\"@id\":\"https:\\\/\\\/viager20.com\\\/#website\"},\"primaryImageOfPage\":{\"@id\":\"https:\\\/\\\/viager20.com\\\/index.php\\\/valeur-locative-calcul-usufruit\\\/#primaryimage\"},\"image\":{\"@id\":\"https:\\\/\\\/viager20.com\\\/index.php\\\/valeur-locative-calcul-usufruit\\\/#primaryimage\"},\"thumbnailUrl\":\"https:\\\/\\\/viager20.com\\\/wordpress\\\/wp-content\\\/uploads\\\/2025\\\/11\\\/Screenshot-immobilier-1.jpg\",\"datePublished\":\"2023-12-13T15:54:04+00:00\",\"dateModified\":\"2026-02-27T08:46:14+00:00\",\"description\":\"Pour le calcul de la valeur de l'usufruit, on utilise la valeur locative du bien, nette des charges support\u00e9es par le propri\u00e9taire.\",\"breadcrumb\":{\"@id\":\"https:\\\/\\\/viager20.com\\\/index.php\\\/valeur-locative-calcul-usufruit\\\/#breadcrumb\"},\"inLanguage\":\"fr-FR\",\"potentialAction\":[{\"@type\":\"ReadAction\",\"target\":[\"https:\\\/\\\/viager20.com\\\/index.php\\\/valeur-locative-calcul-usufruit\\\/\"]}]},{\"@type\":\"ImageObject\",\"inLanguage\":\"fr-FR\",\"@id\":\"https:\\\/\\\/viager20.com\\\/index.php\\\/valeur-locative-calcul-usufruit\\\/#primaryimage\",\"url\":\"https:\\\/\\\/viager20.com\\\/wordpress\\\/wp-content\\\/uploads\\\/2025\\\/11\\\/Screenshot-immobilier-1.jpg\",\"contentUrl\":\"https:\\\/\\\/viager20.com\\\/wordpress\\\/wp-content\\\/uploads\\\/2025\\\/11\\\/Screenshot-immobilier-1.jpg\",\"width\":1000,\"height\":134},{\"@type\":\"BreadcrumbList\",\"@id\":\"https:\\\/\\\/viager20.com\\\/index.php\\\/valeur-locative-calcul-usufruit\\\/#breadcrumb\",\"itemListElement\":[{\"@type\":\"ListItem\",\"position\":1,\"name\":\"Accueil\",\"item\":\"https:\\\/\\\/viager20.com\\\/\"},{\"@type\":\"ListItem\",\"position\":2,\"name\":\"Le bien\"}]},{\"@type\":\"WebSite\",\"@id\":\"https:\\\/\\\/viager20.com\\\/#website\",\"url\":\"https:\\\/\\\/viager20.com\\\/\",\"name\":\"Viager 2.0\",\"description\":\"Le viager (plus) facile !\",\"publisher\":{\"@id\":\"https:\\\/\\\/viager20.com\\\/#organization\"},\"potentialAction\":[{\"@type\":\"SearchAction\",\"target\":{\"@type\":\"EntryPoint\",\"urlTemplate\":\"https:\\\/\\\/viager20.com\\\/?s={search_term_string}\"},\"query-input\":{\"@type\":\"PropertyValueSpecification\",\"valueRequired\":true,\"valueName\":\"search_term_string\"}}],\"inLanguage\":\"fr-FR\"},{\"@type\":\"Organization\",\"@id\":\"https:\\\/\\\/viager20.com\\\/#organization\",\"name\":\"Viager 2.0\",\"url\":\"https:\\\/\\\/viager20.com\\\/\",\"logo\":{\"@type\":\"ImageObject\",\"inLanguage\":\"fr-FR\",\"@id\":\"https:\\\/\\\/viager20.com\\\/#\\\/schema\\\/logo\\\/image\\\/\",\"url\":\"https:\\\/\\\/viager20.com\\\/wordpress\\\/wp-content\\\/uploads\\\/2024\\\/11\\\/LogoViager20a.jpg\",\"contentUrl\":\"https:\\\/\\\/viager20.com\\\/wordpress\\\/wp-content\\\/uploads\\\/2024\\\/11\\\/LogoViager20a.jpg\",\"width\":972,\"height\":302,\"caption\":\"Viager 2.0\"},\"image\":{\"@id\":\"https:\\\/\\\/viager20.com\\\/#\\\/schema\\\/logo\\\/image\\\/\"}}]}<\/script>\n<!-- \/ Yoast SEO plugin. -->","yoast_head_json":{"title":"Valeur locative et calcul de l'usufruit","description":"Pour le calcul de la valeur de l'usufruit, on utilise la valeur locative du bien, nette des charges support\u00e9es par le propri\u00e9taire.","robots":{"index":"index","follow":"follow","max-snippet":"max-snippet:-1","max-image-preview":"max-image-preview:large","max-video-preview":"max-video-preview:-1"},"canonical":"https:\/\/viager20.com\/index.php\/valeur-locative-calcul-usufruit\/","og_locale":"fr_FR","og_type":"article","og_title":"Valeur locative et calcul de l'usufruit","og_description":"Pour le calcul de la valeur de l'usufruit, on utilise la valeur locative du bien, nette des charges support\u00e9es par le propri\u00e9taire.","og_url":"https:\/\/viager20.com\/index.php\/valeur-locative-calcul-usufruit\/","og_site_name":"Viager 2.0","article_modified_time":"2026-02-27T08:46:14+00:00","og_image":[{"width":1000,"height":134,"url":"https:\/\/viager20.com\/wordpress\/wp-content\/uploads\/2025\/11\/Screenshot-immobilier-1.jpg","type":"image\/jpeg"}],"twitter_card":"summary_large_image","twitter_misc":{"Dur\u00e9e de lecture estim\u00e9e":"2 minutes"},"schema":{"@context":"https:\/\/schema.org","@graph":[{"@type":"WebPage","@id":"https:\/\/viager20.com\/index.php\/valeur-locative-calcul-usufruit\/","url":"https:\/\/viager20.com\/index.php\/valeur-locative-calcul-usufruit\/","name":"Valeur locative et calcul de l'usufruit","isPartOf":{"@id":"https:\/\/viager20.com\/#website"},"primaryImageOfPage":{"@id":"https:\/\/viager20.com\/index.php\/valeur-locative-calcul-usufruit\/#primaryimage"},"image":{"@id":"https:\/\/viager20.com\/index.php\/valeur-locative-calcul-usufruit\/#primaryimage"},"thumbnailUrl":"https:\/\/viager20.com\/wordpress\/wp-content\/uploads\/2025\/11\/Screenshot-immobilier-1.jpg","datePublished":"2023-12-13T15:54:04+00:00","dateModified":"2026-02-27T08:46:14+00:00","description":"Pour le calcul de la valeur de l'usufruit, on utilise la valeur locative du bien, nette des charges support\u00e9es par le propri\u00e9taire.","breadcrumb":{"@id":"https:\/\/viager20.com\/index.php\/valeur-locative-calcul-usufruit\/#breadcrumb"},"inLanguage":"fr-FR","potentialAction":[{"@type":"ReadAction","target":["https:\/\/viager20.com\/index.php\/valeur-locative-calcul-usufruit\/"]}]},{"@type":"ImageObject","inLanguage":"fr-FR","@id":"https:\/\/viager20.com\/index.php\/valeur-locative-calcul-usufruit\/#primaryimage","url":"https:\/\/viager20.com\/wordpress\/wp-content\/uploads\/2025\/11\/Screenshot-immobilier-1.jpg","contentUrl":"https:\/\/viager20.com\/wordpress\/wp-content\/uploads\/2025\/11\/Screenshot-immobilier-1.jpg","width":1000,"height":134},{"@type":"BreadcrumbList","@id":"https:\/\/viager20.com\/index.php\/valeur-locative-calcul-usufruit\/#breadcrumb","itemListElement":[{"@type":"ListItem","position":1,"name":"Accueil","item":"https:\/\/viager20.com\/"},{"@type":"ListItem","position":2,"name":"Le bien"}]},{"@type":"WebSite","@id":"https:\/\/viager20.com\/#website","url":"https:\/\/viager20.com\/","name":"Viager 2.0","description":"Le viager (plus) facile !","publisher":{"@id":"https:\/\/viager20.com\/#organization"},"potentialAction":[{"@type":"SearchAction","target":{"@type":"EntryPoint","urlTemplate":"https:\/\/viager20.com\/?s={search_term_string}"},"query-input":{"@type":"PropertyValueSpecification","valueRequired":true,"valueName":"search_term_string"}}],"inLanguage":"fr-FR"},{"@type":"Organization","@id":"https:\/\/viager20.com\/#organization","name":"Viager 2.0","url":"https:\/\/viager20.com\/","logo":{"@type":"ImageObject","inLanguage":"fr-FR","@id":"https:\/\/viager20.com\/#\/schema\/logo\/image\/","url":"https:\/\/viager20.com\/wordpress\/wp-content\/uploads\/2024\/11\/LogoViager20a.jpg","contentUrl":"https:\/\/viager20.com\/wordpress\/wp-content\/uploads\/2024\/11\/LogoViager20a.jpg","width":972,"height":302,"caption":"Viager 2.0"},"image":{"@id":"https:\/\/viager20.com\/#\/schema\/logo\/image\/"}}]}},"_links":{"self":[{"href":"https:\/\/viager20.com\/index.php\/wp-json\/wp\/v2\/pages\/1236","targetHints":{"allow":["GET"]}}],"collection":[{"href":"https:\/\/viager20.com\/index.php\/wp-json\/wp\/v2\/pages"}],"about":[{"href":"https:\/\/viager20.com\/index.php\/wp-json\/wp\/v2\/types\/page"}],"author":[{"embeddable":true,"href":"https:\/\/viager20.com\/index.php\/wp-json\/wp\/v2\/users\/1"}],"replies":[{"embeddable":true,"href":"https:\/\/viager20.com\/index.php\/wp-json\/wp\/v2\/comments?post=1236"}],"version-history":[{"count":61,"href":"https:\/\/viager20.com\/index.php\/wp-json\/wp\/v2\/pages\/1236\/revisions"}],"predecessor-version":[{"id":4049,"href":"https:\/\/viager20.com\/index.php\/wp-json\/wp\/v2\/pages\/1236\/revisions\/4049"}],"wp:attachment":[{"href":"https:\/\/viager20.com\/index.php\/wp-json\/wp\/v2\/media?parent=1236"}],"curies":[{"name":"wp","href":"https:\/\/api.w.org\/{rel}","templated":true}]}}