{"id":1250,"date":"2023-12-13T18:48:36","date_gmt":"2023-12-13T17:48:36","guid":{"rendered":"https:\/\/viager20.fr\/?page_id=1250"},"modified":"2025-12-18T21:39:37","modified_gmt":"2025-12-18T19:39:37","slug":"mesure-risques-financiers","status":"publish","type":"page","link":"https:\/\/viager20.com\/index.php\/mesure-risques-financiers\/","title":{"rendered":"Les risques financiers"},"content":{"rendered":"\n<div style=\"height:19px\" aria-hidden=\"true\" class=\"wp-block-spacer\"><\/div>\n\n\n\n<p class=\"has-text-align-center has-text-color has-background has-link-color wp-elements-a339d630e7ebb7972ac3827e1e942fbe\" style=\"color:#218ecc;background-color:#cecece;font-size:16px;font-style:italic;font-weight:600\">Viager 2.0 mesure les risques financiers d&#8217;un viager en simulant la distribution statistique du co\u00fbt d&#8217;acquisition.<\/p>\n\n\n\n<p class=\"has-black-color has-text-color has-link-color wp-elements-ded9f77cd0e56706229ae358fd1cdff0\" style=\"font-size:14px\">Si le cr\u00e9direntier d\u00e9c\u00e8de plus t\u00f4t que ne le laissait pr\u00e9voir son esp\u00e9rance de vie, le d\u00e9birentier r\u00e9alise un gain. En revanche, il subit une perte si le cr\u00e9direntier vit plus longtemps. <\/p>\n\n\n\n<p class=\"has-black-color has-text-color has-link-color wp-elements-5f8c0ce93fc9135652cbad9773871599\" style=\"font-size:14px\">Ce <strong>risque de long\u00e9vit\u00e9 fait varier le co\u00fbt d&#8217;acquisition r\u00e9el du bien<\/strong>. Il soul\u00e8ve une question centrale : <strong>Quelle est la distribution des risques ?<\/strong><\/p>\n\n\n\n<p class=\"has-black-color has-text-color has-link-color wp-elements-493a175ae9e68ec51cd3fab65e50a196\" style=\"font-size:14px\">Viager 2.0 y r\u00e9pond en simulant des milliers de trajectoires possibles de long\u00e9vit\u00e9 des cr\u00e9direntiers, g\u00e9n\u00e9r\u00e9es avec les probabilit\u00e9s de d\u00e9c\u00e8s par \u00e2ge des tables de mortalit\u00e9. \u00c0 chaque simulation correspond un co\u00fbt d\u2019acquisition du bien. Par exemple, on calcule le surco\u00fbt pour le d\u00e9birentier si le cr\u00e9direntier d\u00e9c\u00e8de \u00e0 90 ans et non \u00e0 80 ans comme attendu. En multipliant les simulations, on obtient la distribution statistique du co\u00fbt d\u2019acquisition effectif pour le d\u00e9birentier.<\/p>\n\n\n\n<p class=\"has-black-color has-text-color has-link-color wp-elements-80390679be4c6b8a1ebe010b61362565\" style=\"font-size:14px\">Un histogramme d\u00e9crit cette distribution. Il fournit la probabilit\u00e9 que le co\u00fbt d&#8217;acquisition d\u00e9passe un montant donn\u00e9.<\/p>\n\n\n\n<div class=\"wp-block-media-text is-stacked-on-mobile\" style=\"grid-template-columns:58% auto\"><figure class=\"wp-block-media-text__media\"><img decoding=\"async\" width=\"1024\" height=\"768\" src=\"https:\/\/viager20.com\/wordpress\/wp-content\/uploads\/2025\/12\/Acquisition_cost_H73_F71.jpg-1024x768.jpg\" alt=\"\" class=\"wp-image-3835 size-full\" srcset=\"https:\/\/viager20.com\/wordpress\/wp-content\/uploads\/2025\/12\/Acquisition_cost_H73_F71.jpg-1024x768.jpg 1024w, https:\/\/viager20.com\/wordpress\/wp-content\/uploads\/2025\/12\/Acquisition_cost_H73_F71.jpg-300x225.jpg 300w, https:\/\/viager20.com\/wordpress\/wp-content\/uploads\/2025\/12\/Acquisition_cost_H73_F71.jpg-768x576.jpg 768w, https:\/\/viager20.com\/wordpress\/wp-content\/uploads\/2025\/12\/Acquisition_cost_H73_F71.jpg.jpg 1200w\" sizes=\"(max-width: 1024px) 100vw, 1024px\" \/><\/figure><div class=\"wp-block-media-text__content\">\n<p class=\"has-black-color has-text-color has-link-color wp-elements-2b8a5f7a2fd983a288baa5c9c9a831ee\" style=\"font-size:14px\">\u2019Px\u2019 repr\u00e9sente l\u2019\u00e9cart en pourcentage entre le co\u00fbt d\u2019acquisition et la valeur v\u00e9nale dans les x % de cas o\u00f9 cet \u00e9cart est le plus \u00e9lev\u00e9. Par exemple, si \u2019P10 : 23.4 %\u2019, dans 10 % des cas, le co\u00fbt d\u2019acquisition d\u00e9passera 617 000 \u20ac (500 000 x (1 + 23.4 %)).<\/p>\n\n\n\n<p class=\"has-black-color has-text-color has-link-color wp-elements-ede3deca1a594c8986ed5dd02487ff58\" style=\"font-size:14px\">Dans cet exemple, la distribution des co\u00fbts d&#8217;acquisition est sym\u00e9trique. Donc, l<strong>es risques financiers sont \u00e9quilibr\u00e9s<\/strong>. Ainsi, les probabilit\u00e9s d&#8217;un d\u00e9c\u00e8s du couple avant et apr\u00e8s son esp\u00e9rance de vie de 25.8 ans sont similaires.<\/p>\n\n\n\n<p class=\"has-black-color has-text-color has-link-color wp-elements-c0cdabbd7fbfe14368fc8a2f16625524\" style=\"font-size:14px\"><strong>Le r\u00e9sultat serait diff\u00e9rent avec des cr\u00e9direntiers tr\u00e8s \u00e2g\u00e9s<\/strong>. Les risques sont alors asym\u00e9triques. Le d\u00e9birentier a une <span style=\"text-decoration: underline;\">forte <\/span>probabilit\u00e9 de payer <span style=\"text-decoration: underline;\">un peu moins<\/span> que la valeur v\u00e9nale du bien, contrebalanc\u00e9e par une <span style=\"text-decoration: underline;\">faible<\/span> probabilit\u00e9 de payer <span style=\"text-decoration: underline;\">beaucoup plus<\/span>.<\/p>\n<\/div><\/div>\n\n\n\n<p class=\"has-black-color has-text-color has-link-color wp-elements-c871f82c5331679c13942d0048dcd1c2\">Le <a style=\"color: #218ecc\" href=\"https:\/\/nl1-ss104.a2hosting.com:2083\/cpsess7786454470\/frontend\/jupiter\/filemanager\/showfile.html?file=viager_M73F71.pdf&amp;fileop=&amp;dir=%2Fhome%2Fviagerco%2Fpublic_html%2Fwordpress%2Fwp-content%2Fuploads%2F2025%2F12&amp;dirop=&amp;charset=&amp;file_charset=_DETECT_&amp;baseurl=&amp;basedir=\">document r\u00e9capitulatif de la transaction<\/a> envoie la valorisation obtenue et cette analyse de risque \u00e0 l&#8217;adresse e-mail fournie.<\/p>\n\n\n\n<p class=\"has-text-align-center has-text-color has-background has-link-color wp-elements-b9a1808667d993c734382d6bcbf319a0\" style=\"color:#218ecc;background-color:#cecece;font-size:16px;font-style:italic;font-weight:600\">Un viager avec un cr\u00e9direntier tr\u00e8s \u00e2g\u00e9 est risqu\u00e9 et son risque augmente avec une rente \u00e9lev\u00e9e.<\/p>\n\n\n\n<p><\/p>\n","protected":false},"excerpt":{"rendered":"<p>Viager 2.0 mesure les risques financiers d&#8217;un viager en simulant la distribution statistique du co\u00fbt d&#8217;acquisition. Si le cr\u00e9direntier d\u00e9c\u00e8de plus t\u00f4t que ne le laissait pr\u00e9voir son esp\u00e9rance de &#8230;<\/p>\n","protected":false},"author":1,"featured_media":0,"parent":0,"menu_order":0,"comment_status":"closed","ping_status":"closed","template":"template-fullwidth.php","meta":{"footnotes":""},"class_list":["post-1250","page","type-page","status-publish","hentry"],"yoast_head":"<!-- This site is optimized with the Yoast SEO plugin v27.5 - https:\/\/yoast.com\/product\/yoast-seo-wordpress\/ -->\n<title>Une mesure des risques financiers<\/title>\n<meta name=\"description\" content=\"Viager 2.0 fournit une mesure des risques financiers d&#039;un viager, la probabilit\u00e9 pour que son co\u00fbt d&#039;acquisition d\u00e9passe un certain niveau.\" \/>\n<meta name=\"robots\" content=\"index, follow, max-snippet:-1, max-image-preview:large, max-video-preview:-1\" \/>\n<link rel=\"canonical\" href=\"https:\/\/viager20.com\/index.php\/mesure-risques-financiers\/\" \/>\n<meta property=\"og:locale\" content=\"fr_FR\" \/>\n<meta property=\"og:type\" content=\"article\" \/>\n<meta property=\"og:title\" content=\"Une mesure des risques financiers\" \/>\n<meta property=\"og:description\" content=\"Viager 2.0 fournit une mesure des risques financiers d&#039;un viager, la probabilit\u00e9 pour que son co\u00fbt d&#039;acquisition d\u00e9passe un certain niveau.\" \/>\n<meta property=\"og:url\" content=\"https:\/\/viager20.com\/index.php\/mesure-risques-financiers\/\" \/>\n<meta property=\"og:site_name\" content=\"Viager 2.0\" \/>\n<meta property=\"article:modified_time\" content=\"2025-12-18T19:39:37+00:00\" \/>\n<meta property=\"og:image\" content=\"https:\/\/viager20.com\/wordpress\/wp-content\/uploads\/2025\/12\/Acquisition_cost_H73_F71.jpg.jpg\" \/>\n\t<meta property=\"og:image:width\" content=\"1200\" \/>\n\t<meta property=\"og:image:height\" content=\"900\" \/>\n\t<meta property=\"og:image:type\" content=\"image\/jpeg\" \/>\n<meta name=\"twitter:card\" content=\"summary_large_image\" \/>\n<meta name=\"twitter:label1\" content=\"Dur\u00e9e de lecture estim\u00e9e\" \/>\n\t<meta name=\"twitter:data1\" content=\"2 minutes\" \/>\n<script type=\"application\/ld+json\" class=\"yoast-schema-graph\">{\"@context\":\"https:\\\/\\\/schema.org\",\"@graph\":[{\"@type\":\"WebPage\",\"@id\":\"https:\\\/\\\/viager20.com\\\/index.php\\\/mesure-risques-financiers\\\/\",\"url\":\"https:\\\/\\\/viager20.com\\\/index.php\\\/mesure-risques-financiers\\\/\",\"name\":\"Une mesure des risques financiers\",\"isPartOf\":{\"@id\":\"https:\\\/\\\/viager20.com\\\/#website\"},\"primaryImageOfPage\":{\"@id\":\"https:\\\/\\\/viager20.com\\\/index.php\\\/mesure-risques-financiers\\\/#primaryimage\"},\"image\":{\"@id\":\"https:\\\/\\\/viager20.com\\\/index.php\\\/mesure-risques-financiers\\\/#primaryimage\"},\"thumbnailUrl\":\"https:\\\/\\\/viager20.com\\\/wordpress\\\/wp-content\\\/uploads\\\/2025\\\/12\\\/Acquisition_cost_H73_F71.jpg-1024x768.jpg\",\"datePublished\":\"2023-12-13T17:48:36+00:00\",\"dateModified\":\"2025-12-18T19:39:37+00:00\",\"description\":\"Viager 2.0 fournit une mesure des risques financiers d'un viager, la probabilit\u00e9 pour que son co\u00fbt d'acquisition d\u00e9passe un certain niveau.\",\"breadcrumb\":{\"@id\":\"https:\\\/\\\/viager20.com\\\/index.php\\\/mesure-risques-financiers\\\/#breadcrumb\"},\"inLanguage\":\"fr-FR\",\"potentialAction\":[{\"@type\":\"ReadAction\",\"target\":[\"https:\\\/\\\/viager20.com\\\/index.php\\\/mesure-risques-financiers\\\/\"]}]},{\"@type\":\"ImageObject\",\"inLanguage\":\"fr-FR\",\"@id\":\"https:\\\/\\\/viager20.com\\\/index.php\\\/mesure-risques-financiers\\\/#primaryimage\",\"url\":\"https:\\\/\\\/viager20.com\\\/wordpress\\\/wp-content\\\/uploads\\\/2025\\\/12\\\/Acquisition_cost_H73_F71.jpg.jpg\",\"contentUrl\":\"https:\\\/\\\/viager20.com\\\/wordpress\\\/wp-content\\\/uploads\\\/2025\\\/12\\\/Acquisition_cost_H73_F71.jpg.jpg\",\"width\":1200,\"height\":900},{\"@type\":\"BreadcrumbList\",\"@id\":\"https:\\\/\\\/viager20.com\\\/index.php\\\/mesure-risques-financiers\\\/#breadcrumb\",\"itemListElement\":[{\"@type\":\"ListItem\",\"position\":1,\"name\":\"Accueil\",\"item\":\"https:\\\/\\\/viager20.com\\\/\"},{\"@type\":\"ListItem\",\"position\":2,\"name\":\"Les risques financiers\"}]},{\"@type\":\"WebSite\",\"@id\":\"https:\\\/\\\/viager20.com\\\/#website\",\"url\":\"https:\\\/\\\/viager20.com\\\/\",\"name\":\"Viager 2.0\",\"description\":\"Le viager (plus) facile !\",\"publisher\":{\"@id\":\"https:\\\/\\\/viager20.com\\\/#organization\"},\"potentialAction\":[{\"@type\":\"SearchAction\",\"target\":{\"@type\":\"EntryPoint\",\"urlTemplate\":\"https:\\\/\\\/viager20.com\\\/?s={search_term_string}\"},\"query-input\":{\"@type\":\"PropertyValueSpecification\",\"valueRequired\":true,\"valueName\":\"search_term_string\"}}],\"inLanguage\":\"fr-FR\"},{\"@type\":\"Organization\",\"@id\":\"https:\\\/\\\/viager20.com\\\/#organization\",\"name\":\"Viager 2.0\",\"url\":\"https:\\\/\\\/viager20.com\\\/\",\"logo\":{\"@type\":\"ImageObject\",\"inLanguage\":\"fr-FR\",\"@id\":\"https:\\\/\\\/viager20.com\\\/#\\\/schema\\\/logo\\\/image\\\/\",\"url\":\"https:\\\/\\\/viager20.com\\\/wordpress\\\/wp-content\\\/uploads\\\/2024\\\/11\\\/LogoViager20a.jpg\",\"contentUrl\":\"https:\\\/\\\/viager20.com\\\/wordpress\\\/wp-content\\\/uploads\\\/2024\\\/11\\\/LogoViager20a.jpg\",\"width\":972,\"height\":302,\"caption\":\"Viager 2.0\"},\"image\":{\"@id\":\"https:\\\/\\\/viager20.com\\\/#\\\/schema\\\/logo\\\/image\\\/\"}}]}<\/script>\n<!-- \/ Yoast SEO plugin. -->","yoast_head_json":{"title":"Une mesure des risques financiers","description":"Viager 2.0 fournit une mesure des risques financiers d'un viager, la probabilit\u00e9 pour que son co\u00fbt d'acquisition d\u00e9passe un certain niveau.","robots":{"index":"index","follow":"follow","max-snippet":"max-snippet:-1","max-image-preview":"max-image-preview:large","max-video-preview":"max-video-preview:-1"},"canonical":"https:\/\/viager20.com\/index.php\/mesure-risques-financiers\/","og_locale":"fr_FR","og_type":"article","og_title":"Une mesure des risques financiers","og_description":"Viager 2.0 fournit une mesure des risques financiers d'un viager, la probabilit\u00e9 pour que son co\u00fbt d'acquisition d\u00e9passe un certain niveau.","og_url":"https:\/\/viager20.com\/index.php\/mesure-risques-financiers\/","og_site_name":"Viager 2.0","article_modified_time":"2025-12-18T19:39:37+00:00","og_image":[{"width":1200,"height":900,"url":"https:\/\/viager20.com\/wordpress\/wp-content\/uploads\/2025\/12\/Acquisition_cost_H73_F71.jpg.jpg","type":"image\/jpeg"}],"twitter_card":"summary_large_image","twitter_misc":{"Dur\u00e9e de lecture estim\u00e9e":"2 minutes"},"schema":{"@context":"https:\/\/schema.org","@graph":[{"@type":"WebPage","@id":"https:\/\/viager20.com\/index.php\/mesure-risques-financiers\/","url":"https:\/\/viager20.com\/index.php\/mesure-risques-financiers\/","name":"Une mesure des risques financiers","isPartOf":{"@id":"https:\/\/viager20.com\/#website"},"primaryImageOfPage":{"@id":"https:\/\/viager20.com\/index.php\/mesure-risques-financiers\/#primaryimage"},"image":{"@id":"https:\/\/viager20.com\/index.php\/mesure-risques-financiers\/#primaryimage"},"thumbnailUrl":"https:\/\/viager20.com\/wordpress\/wp-content\/uploads\/2025\/12\/Acquisition_cost_H73_F71.jpg-1024x768.jpg","datePublished":"2023-12-13T17:48:36+00:00","dateModified":"2025-12-18T19:39:37+00:00","description":"Viager 2.0 fournit une mesure des risques financiers d'un viager, la probabilit\u00e9 pour que son co\u00fbt d'acquisition d\u00e9passe un certain niveau.","breadcrumb":{"@id":"https:\/\/viager20.com\/index.php\/mesure-risques-financiers\/#breadcrumb"},"inLanguage":"fr-FR","potentialAction":[{"@type":"ReadAction","target":["https:\/\/viager20.com\/index.php\/mesure-risques-financiers\/"]}]},{"@type":"ImageObject","inLanguage":"fr-FR","@id":"https:\/\/viager20.com\/index.php\/mesure-risques-financiers\/#primaryimage","url":"https:\/\/viager20.com\/wordpress\/wp-content\/uploads\/2025\/12\/Acquisition_cost_H73_F71.jpg.jpg","contentUrl":"https:\/\/viager20.com\/wordpress\/wp-content\/uploads\/2025\/12\/Acquisition_cost_H73_F71.jpg.jpg","width":1200,"height":900},{"@type":"BreadcrumbList","@id":"https:\/\/viager20.com\/index.php\/mesure-risques-financiers\/#breadcrumb","itemListElement":[{"@type":"ListItem","position":1,"name":"Accueil","item":"https:\/\/viager20.com\/"},{"@type":"ListItem","position":2,"name":"Les risques financiers"}]},{"@type":"WebSite","@id":"https:\/\/viager20.com\/#website","url":"https:\/\/viager20.com\/","name":"Viager 2.0","description":"Le viager (plus) facile !","publisher":{"@id":"https:\/\/viager20.com\/#organization"},"potentialAction":[{"@type":"SearchAction","target":{"@type":"EntryPoint","urlTemplate":"https:\/\/viager20.com\/?s={search_term_string}"},"query-input":{"@type":"PropertyValueSpecification","valueRequired":true,"valueName":"search_term_string"}}],"inLanguage":"fr-FR"},{"@type":"Organization","@id":"https:\/\/viager20.com\/#organization","name":"Viager 2.0","url":"https:\/\/viager20.com\/","logo":{"@type":"ImageObject","inLanguage":"fr-FR","@id":"https:\/\/viager20.com\/#\/schema\/logo\/image\/","url":"https:\/\/viager20.com\/wordpress\/wp-content\/uploads\/2024\/11\/LogoViager20a.jpg","contentUrl":"https:\/\/viager20.com\/wordpress\/wp-content\/uploads\/2024\/11\/LogoViager20a.jpg","width":972,"height":302,"caption":"Viager 2.0"},"image":{"@id":"https:\/\/viager20.com\/#\/schema\/logo\/image\/"}}]}},"_links":{"self":[{"href":"https:\/\/viager20.com\/index.php\/wp-json\/wp\/v2\/pages\/1250","targetHints":{"allow":["GET"]}}],"collection":[{"href":"https:\/\/viager20.com\/index.php\/wp-json\/wp\/v2\/pages"}],"about":[{"href":"https:\/\/viager20.com\/index.php\/wp-json\/wp\/v2\/types\/page"}],"author":[{"embeddable":true,"href":"https:\/\/viager20.com\/index.php\/wp-json\/wp\/v2\/users\/1"}],"replies":[{"embeddable":true,"href":"https:\/\/viager20.com\/index.php\/wp-json\/wp\/v2\/comments?post=1250"}],"version-history":[{"count":46,"href":"https:\/\/viager20.com\/index.php\/wp-json\/wp\/v2\/pages\/1250\/revisions"}],"predecessor-version":[{"id":3848,"href":"https:\/\/viager20.com\/index.php\/wp-json\/wp\/v2\/pages\/1250\/revisions\/3848"}],"wp:attachment":[{"href":"https:\/\/viager20.com\/index.php\/wp-json\/wp\/v2\/media?parent=1250"}],"curies":[{"name":"wp","href":"https:\/\/api.w.org\/{rel}","templated":true}]}}