{"id":1253,"date":"2023-12-13T18:52:04","date_gmt":"2023-12-13T17:52:04","guid":{"rendered":"https:\/\/viager20.fr\/?page_id=1253"},"modified":"2025-11-19T12:25:30","modified_gmt":"2025-11-19T10:25:30","slug":"parametres-cles-valorisation","status":"publish","type":"page","link":"https:\/\/viager20.com\/index.php\/parametres-cles-valorisation\/","title":{"rendered":"En r\u00e9sum\u00e9&#8230;"},"content":{"rendered":"\n<p class=\"has-text-align-center has-text-color has-background has-link-color wp-elements-3b087da7ff6821f1ea265e179d2bdcc8\" style=\"color:#218ecc;background-color:#cecece;font-size:16px;font-style:italic;font-weight:600\">Il est essentiel de s\u00e9lectionner avec soin les param\u00e8tres cl\u00e9s pour la valorisation d&#8217;un viager.<\/p>\n\n\n\n<p class=\"has-black-color has-text-color has-link-color wp-elements-e1b4d3e60e1d724e582fa63fa6b05554\">Ces param\u00e8tres influencent le co\u00fbt d&#8217;acquisition d\u2019un viager, parfois <a style=\"color:#218ecc\" href=\"https:\/\/viager20.com\/index.php\/2025\/02\/16\/cout-viagers\/\">de 15 ou 20 %<\/a>. Les comprendre et les s\u00e9lectionner avec soin est donc essentiel pour que d\u00e9birentiers et cr\u00e9direntiers tirent pleinement parti des<a style=\"color:#218ecc\" href=\"https:\/\/viager20.com\/\"> avantages offerts par un viager<\/a>.<\/p>\n\n\n\n<div class=\"wp-block-media-text is-stacked-on-mobile\" style=\"grid-template-columns:43% auto\"><figure class=\"wp-block-media-text__media\"><img decoding=\"async\" width=\"600\" height=\"400\" src=\"https:\/\/viager20.com\/wordpress\/wp-content\/uploads\/2023\/09\/Leviager.jpeg\" alt=\"\" class=\"wp-image-557 size-full\" srcset=\"https:\/\/viager20.com\/wordpress\/wp-content\/uploads\/2023\/09\/Leviager.jpeg 600w, https:\/\/viager20.com\/wordpress\/wp-content\/uploads\/2023\/09\/Leviager-300x200.jpeg 300w\" sizes=\"(max-width: 600px) 100vw, 600px\" \/><\/figure><div class=\"wp-block-media-text__content\">\n<p class=\"has-black-color has-text-color has-link-color wp-elements-cf5e9385fb3420533d2f77625c63ff29\">La<strong><em> <\/em><\/strong><em><strong>table de mortalit\u00e9 TGH05-TGF05<\/strong><\/em>, utilis\u00e9e par les assureurs pour le calcul des rentes, constitue la r\u00e9f\u00e9rence, sauf pour les transactions de faible montant. Avec cette table, des sc\u00e9narios exceptionnels comme celui de Jeanne Calment, bien que rares, restent tout \u00e0 fait envisageables.<\/p>\n\n\n\n<p class=\"has-black-color has-text-color has-link-color wp-elements-56a7b4c0ccf4418faf0e11f3dc62b0eb\">On doit \u00e9valuer soigneusement la<em> <strong>rentabilit\u00e9 locative<\/strong><\/em>, tr\u00e8s variable selon les types de biens et leur emplacement. De plus, il faut ajuster cette rentabilit\u00e9 en tenant compte des co\u00fbts d\u2019entretien \u00e0 la charge de l\u2019usufruitier.<\/p>\n\n\n\n<p class=\"has-black-color has-text-color has-link-color wp-elements-71e4ba2456338d77c7234c9c228dc44c\">Le <strong>taux d&#8217;int\u00e9r\u00eat<\/strong> repr\u00e9sente le co\u00fbt de financement pour le d\u00e9birentier et le rendement du viager pour le cr\u00e9direntier. De nombreux bar\u00e8mes appliquent un taux constant, souvent trop \u00e9lev\u00e9, parfois avec un taux <strong>r\u00e9el<\/strong> de 3 % ou plus. Or, un tel niveau de taux r\u00e9el n&#8217;a plus \u00e9t\u00e9 observ\u00e9 depuis la fin des ann\u00e9es 1990.<\/p>\n\n\n\n<p class=\"has-text-align-center has-vivid-cyan-blue-color has-text-color has-link-color wp-elements-31d1681057322221ba55b070029f257a\" style=\"font-size:16px;font-style:italic;font-weight:600\">Un taux d&#8217;int\u00e9r\u00eat tr\u00e8s \u00e9lev\u00e9 avantage le cr\u00e9direntier; tr\u00e8s faible, il b\u00e9n\u00e9ficie au d\u00e9birentier.<\/p>\n<\/div><\/div>\n\n\n\n<p class=\"has-black-color has-text-color has-link-color wp-elements-cea466024f48fe40f785351b1fd7553a\"><strong>La structure viag\u00e8re appropri\u00e9e<\/strong> est trop rarement \u00e9tudi\u00e9e. Pourtant, il est possible d\u2019ajuster les caract\u00e9ristiques d\u2019un viager, notamment lorsqu\u2019il est conclu sur deux t\u00eates, afin de r\u00e9pondre aux besoins des cr\u00e9direntiers et des d\u00e9birentiers. Par exemple, la rente peut \u00eatre modifi\u00e9e ou l\u2019usufruit abandonn\u00e9 au premier d\u00e9c\u00e8s. Cette approche permet de concilier \u00e9quitablement les int\u00e9r\u00eats de toutes les parties.<\/p>\n\n\n\n<p class=\"has-black-color has-text-color has-link-color wp-elements-bc7fe158000f9ce8a36c5693f13877d0\">Enfin, l<strong><em>&#8216;\u00e9valuation des risques financiers<\/em><\/strong> est une n\u00e9cessit\u00e9 absolue, puisqu&#8217;un viager engager potentiellement le d\u00e9birentier pour plusieurs d\u00e9cennies.<\/p>\n\n\n\n<p class=\"has-text-align-center has-text-color has-background has-link-color wp-elements-a094b0e081e513d03160c3670f65dc42\" style=\"color:#218ecc;background-color:#cecece;font-size:16px;font-style:italic;font-weight:600\">Un viager n&#8217;est pas une loterie ! <\/p>\n","protected":false},"excerpt":{"rendered":"<p>Il est essentiel de s\u00e9lectionner avec soin les param\u00e8tres cl\u00e9s pour la valorisation d&#8217;un viager. Ces param\u00e8tres influencent le co\u00fbt d&#8217;acquisition d\u2019un viager, parfois de 15 ou 20 %. Les &#8230;<\/p>\n","protected":false},"author":1,"featured_media":0,"parent":0,"menu_order":0,"comment_status":"closed","ping_status":"closed","template":"template-fullwidth.php","meta":{"footnotes":""},"class_list":["post-1253","page","type-page","status-publish","hentry"],"yoast_head":"<!-- This site is optimized with the Yoast SEO plugin v27.5 - https:\/\/yoast.com\/product\/yoast-seo-wordpress\/ -->\n<title>En r\u00e9sum\u00e9... param\u00e8tres cl\u00e9s d&#039;une valorisation<\/title>\n<meta name=\"description\" content=\"D\u00e9birentiers et cr\u00e9direntiers doivent s&#039;accorder sur certains param\u00e8tres cl\u00e9s pour la valorisation. Pour \u00e9viter, de mauvaises surprises...\" \/>\n<meta name=\"robots\" content=\"index, follow, max-snippet:-1, max-image-preview:large, max-video-preview:-1\" \/>\n<link rel=\"canonical\" href=\"https:\/\/viager20.com\/index.php\/parametres-cles-valorisation\/\" \/>\n<meta property=\"og:locale\" content=\"fr_FR\" \/>\n<meta property=\"og:type\" content=\"article\" \/>\n<meta property=\"og:title\" content=\"En r\u00e9sum\u00e9... param\u00e8tres cl\u00e9s d&#039;une valorisation\" \/>\n<meta property=\"og:description\" content=\"D\u00e9birentiers et cr\u00e9direntiers doivent s&#039;accorder sur certains param\u00e8tres cl\u00e9s pour la valorisation. Pour \u00e9viter, de mauvaises surprises...\" \/>\n<meta property=\"og:url\" content=\"https:\/\/viager20.com\/index.php\/parametres-cles-valorisation\/\" \/>\n<meta property=\"og:site_name\" content=\"Viager 2.0\" \/>\n<meta property=\"article:modified_time\" content=\"2025-11-19T10:25:30+00:00\" \/>\n<meta property=\"og:image\" content=\"https:\/\/viager20.com\/wordpress\/wp-content\/uploads\/2023\/09\/Leviager.jpeg\" \/>\n\t<meta property=\"og:image:width\" content=\"600\" \/>\n\t<meta property=\"og:image:height\" content=\"400\" \/>\n\t<meta property=\"og:image:type\" content=\"image\/jpeg\" \/>\n<meta name=\"twitter:card\" content=\"summary_large_image\" \/>\n<meta name=\"twitter:label1\" content=\"Dur\u00e9e de lecture estim\u00e9e\" \/>\n\t<meta name=\"twitter:data1\" content=\"2 minutes\" \/>\n<script type=\"application\/ld+json\" class=\"yoast-schema-graph\">{\"@context\":\"https:\\\/\\\/schema.org\",\"@graph\":[{\"@type\":\"WebPage\",\"@id\":\"https:\\\/\\\/viager20.com\\\/index.php\\\/parametres-cles-valorisation\\\/\",\"url\":\"https:\\\/\\\/viager20.com\\\/index.php\\\/parametres-cles-valorisation\\\/\",\"name\":\"En r\u00e9sum\u00e9... param\u00e8tres cl\u00e9s d'une valorisation\",\"isPartOf\":{\"@id\":\"https:\\\/\\\/viager20.com\\\/#website\"},\"primaryImageOfPage\":{\"@id\":\"https:\\\/\\\/viager20.com\\\/index.php\\\/parametres-cles-valorisation\\\/#primaryimage\"},\"image\":{\"@id\":\"https:\\\/\\\/viager20.com\\\/index.php\\\/parametres-cles-valorisation\\\/#primaryimage\"},\"thumbnailUrl\":\"https:\\\/\\\/viager20.com\\\/wordpress\\\/wp-content\\\/uploads\\\/2023\\\/09\\\/Leviager.jpeg\",\"datePublished\":\"2023-12-13T17:52:04+00:00\",\"dateModified\":\"2025-11-19T10:25:30+00:00\",\"description\":\"D\u00e9birentiers et cr\u00e9direntiers doivent s'accorder sur certains param\u00e8tres cl\u00e9s pour la valorisation. Pour \u00e9viter, de mauvaises surprises...\",\"breadcrumb\":{\"@id\":\"https:\\\/\\\/viager20.com\\\/index.php\\\/parametres-cles-valorisation\\\/#breadcrumb\"},\"inLanguage\":\"fr-FR\",\"potentialAction\":[{\"@type\":\"ReadAction\",\"target\":[\"https:\\\/\\\/viager20.com\\\/index.php\\\/parametres-cles-valorisation\\\/\"]}]},{\"@type\":\"ImageObject\",\"inLanguage\":\"fr-FR\",\"@id\":\"https:\\\/\\\/viager20.com\\\/index.php\\\/parametres-cles-valorisation\\\/#primaryimage\",\"url\":\"https:\\\/\\\/viager20.com\\\/wordpress\\\/wp-content\\\/uploads\\\/2023\\\/09\\\/Leviager.jpeg\",\"contentUrl\":\"https:\\\/\\\/viager20.com\\\/wordpress\\\/wp-content\\\/uploads\\\/2023\\\/09\\\/Leviager.jpeg\",\"width\":600,\"height\":400,\"caption\":\"Le film a convaincu les Fran\u00e7ais de l'importance du risque de long\u00e9vit\u00e9.\"},{\"@type\":\"BreadcrumbList\",\"@id\":\"https:\\\/\\\/viager20.com\\\/index.php\\\/parametres-cles-valorisation\\\/#breadcrumb\",\"itemListElement\":[{\"@type\":\"ListItem\",\"position\":1,\"name\":\"Accueil\",\"item\":\"https:\\\/\\\/viager20.com\\\/\"},{\"@type\":\"ListItem\",\"position\":2,\"name\":\"En r\u00e9sum\u00e9&#8230;\"}]},{\"@type\":\"WebSite\",\"@id\":\"https:\\\/\\\/viager20.com\\\/#website\",\"url\":\"https:\\\/\\\/viager20.com\\\/\",\"name\":\"Viager 2.0\",\"description\":\"Le viager (plus) facile !\",\"publisher\":{\"@id\":\"https:\\\/\\\/viager20.com\\\/#organization\"},\"potentialAction\":[{\"@type\":\"SearchAction\",\"target\":{\"@type\":\"EntryPoint\",\"urlTemplate\":\"https:\\\/\\\/viager20.com\\\/?s={search_term_string}\"},\"query-input\":{\"@type\":\"PropertyValueSpecification\",\"valueRequired\":true,\"valueName\":\"search_term_string\"}}],\"inLanguage\":\"fr-FR\"},{\"@type\":\"Organization\",\"@id\":\"https:\\\/\\\/viager20.com\\\/#organization\",\"name\":\"Viager 2.0\",\"url\":\"https:\\\/\\\/viager20.com\\\/\",\"logo\":{\"@type\":\"ImageObject\",\"inLanguage\":\"fr-FR\",\"@id\":\"https:\\\/\\\/viager20.com\\\/#\\\/schema\\\/logo\\\/image\\\/\",\"url\":\"https:\\\/\\\/viager20.com\\\/wordpress\\\/wp-content\\\/uploads\\\/2024\\\/11\\\/LogoViager20a.jpg\",\"contentUrl\":\"https:\\\/\\\/viager20.com\\\/wordpress\\\/wp-content\\\/uploads\\\/2024\\\/11\\\/LogoViager20a.jpg\",\"width\":972,\"height\":302,\"caption\":\"Viager 2.0\"},\"image\":{\"@id\":\"https:\\\/\\\/viager20.com\\\/#\\\/schema\\\/logo\\\/image\\\/\"}}]}<\/script>\n<!-- \/ Yoast SEO plugin. -->","yoast_head_json":{"title":"En r\u00e9sum\u00e9... param\u00e8tres cl\u00e9s d'une valorisation","description":"D\u00e9birentiers et cr\u00e9direntiers doivent s'accorder sur certains param\u00e8tres cl\u00e9s pour la valorisation. Pour \u00e9viter, de mauvaises surprises...","robots":{"index":"index","follow":"follow","max-snippet":"max-snippet:-1","max-image-preview":"max-image-preview:large","max-video-preview":"max-video-preview:-1"},"canonical":"https:\/\/viager20.com\/index.php\/parametres-cles-valorisation\/","og_locale":"fr_FR","og_type":"article","og_title":"En r\u00e9sum\u00e9... param\u00e8tres cl\u00e9s d'une valorisation","og_description":"D\u00e9birentiers et cr\u00e9direntiers doivent s'accorder sur certains param\u00e8tres cl\u00e9s pour la valorisation. Pour \u00e9viter, de mauvaises surprises...","og_url":"https:\/\/viager20.com\/index.php\/parametres-cles-valorisation\/","og_site_name":"Viager 2.0","article_modified_time":"2025-11-19T10:25:30+00:00","og_image":[{"width":600,"height":400,"url":"https:\/\/viager20.com\/wordpress\/wp-content\/uploads\/2023\/09\/Leviager.jpeg","type":"image\/jpeg"}],"twitter_card":"summary_large_image","twitter_misc":{"Dur\u00e9e de lecture estim\u00e9e":"2 minutes"},"schema":{"@context":"https:\/\/schema.org","@graph":[{"@type":"WebPage","@id":"https:\/\/viager20.com\/index.php\/parametres-cles-valorisation\/","url":"https:\/\/viager20.com\/index.php\/parametres-cles-valorisation\/","name":"En r\u00e9sum\u00e9... param\u00e8tres cl\u00e9s d'une valorisation","isPartOf":{"@id":"https:\/\/viager20.com\/#website"},"primaryImageOfPage":{"@id":"https:\/\/viager20.com\/index.php\/parametres-cles-valorisation\/#primaryimage"},"image":{"@id":"https:\/\/viager20.com\/index.php\/parametres-cles-valorisation\/#primaryimage"},"thumbnailUrl":"https:\/\/viager20.com\/wordpress\/wp-content\/uploads\/2023\/09\/Leviager.jpeg","datePublished":"2023-12-13T17:52:04+00:00","dateModified":"2025-11-19T10:25:30+00:00","description":"D\u00e9birentiers et cr\u00e9direntiers doivent s'accorder sur certains param\u00e8tres cl\u00e9s pour la valorisation. Pour \u00e9viter, de mauvaises surprises...","breadcrumb":{"@id":"https:\/\/viager20.com\/index.php\/parametres-cles-valorisation\/#breadcrumb"},"inLanguage":"fr-FR","potentialAction":[{"@type":"ReadAction","target":["https:\/\/viager20.com\/index.php\/parametres-cles-valorisation\/"]}]},{"@type":"ImageObject","inLanguage":"fr-FR","@id":"https:\/\/viager20.com\/index.php\/parametres-cles-valorisation\/#primaryimage","url":"https:\/\/viager20.com\/wordpress\/wp-content\/uploads\/2023\/09\/Leviager.jpeg","contentUrl":"https:\/\/viager20.com\/wordpress\/wp-content\/uploads\/2023\/09\/Leviager.jpeg","width":600,"height":400,"caption":"Le film a convaincu les Fran\u00e7ais de l'importance du risque de long\u00e9vit\u00e9."},{"@type":"BreadcrumbList","@id":"https:\/\/viager20.com\/index.php\/parametres-cles-valorisation\/#breadcrumb","itemListElement":[{"@type":"ListItem","position":1,"name":"Accueil","item":"https:\/\/viager20.com\/"},{"@type":"ListItem","position":2,"name":"En r\u00e9sum\u00e9&#8230;"}]},{"@type":"WebSite","@id":"https:\/\/viager20.com\/#website","url":"https:\/\/viager20.com\/","name":"Viager 2.0","description":"Le viager (plus) facile !","publisher":{"@id":"https:\/\/viager20.com\/#organization"},"potentialAction":[{"@type":"SearchAction","target":{"@type":"EntryPoint","urlTemplate":"https:\/\/viager20.com\/?s={search_term_string}"},"query-input":{"@type":"PropertyValueSpecification","valueRequired":true,"valueName":"search_term_string"}}],"inLanguage":"fr-FR"},{"@type":"Organization","@id":"https:\/\/viager20.com\/#organization","name":"Viager 2.0","url":"https:\/\/viager20.com\/","logo":{"@type":"ImageObject","inLanguage":"fr-FR","@id":"https:\/\/viager20.com\/#\/schema\/logo\/image\/","url":"https:\/\/viager20.com\/wordpress\/wp-content\/uploads\/2024\/11\/LogoViager20a.jpg","contentUrl":"https:\/\/viager20.com\/wordpress\/wp-content\/uploads\/2024\/11\/LogoViager20a.jpg","width":972,"height":302,"caption":"Viager 2.0"},"image":{"@id":"https:\/\/viager20.com\/#\/schema\/logo\/image\/"}}]}},"_links":{"self":[{"href":"https:\/\/viager20.com\/index.php\/wp-json\/wp\/v2\/pages\/1253","targetHints":{"allow":["GET"]}}],"collection":[{"href":"https:\/\/viager20.com\/index.php\/wp-json\/wp\/v2\/pages"}],"about":[{"href":"https:\/\/viager20.com\/index.php\/wp-json\/wp\/v2\/types\/page"}],"author":[{"embeddable":true,"href":"https:\/\/viager20.com\/index.php\/wp-json\/wp\/v2\/users\/1"}],"replies":[{"embeddable":true,"href":"https:\/\/viager20.com\/index.php\/wp-json\/wp\/v2\/comments?post=1253"}],"version-history":[{"count":36,"href":"https:\/\/viager20.com\/index.php\/wp-json\/wp\/v2\/pages\/1253\/revisions"}],"predecessor-version":[{"id":3652,"href":"https:\/\/viager20.com\/index.php\/wp-json\/wp\/v2\/pages\/1253\/revisions\/3652"}],"wp:attachment":[{"href":"https:\/\/viager20.com\/index.php\/wp-json\/wp\/v2\/media?parent=1253"}],"curies":[{"name":"wp","href":"https:\/\/api.w.org\/{rel}","templated":true}]}}