{"id":1267,"date":"2023-12-13T19:45:39","date_gmt":"2023-12-13T18:45:39","guid":{"rendered":"https:\/\/viager20.fr\/?page_id=1267"},"modified":"2025-11-14T09:52:22","modified_gmt":"2025-11-14T07:52:22","slug":"une-valorisation-equitable","status":"publish","type":"page","link":"https:\/\/viager20.com\/index.php\/une-valorisation-equitable\/","title":{"rendered":"Une valorisation \u00e9quitable"},"content":{"rendered":"\n<h3 class=\"wp-block-heading has-text-color has-background has-link-color wp-elements-28a9884f5ee890595135ba0505f637c5\" style=\"color:#218ecc;background-color:#cecece;font-size:20px;font-style:italic;font-weight:600\"><strong>Principe I : La valorisation doit \u00eatre \u00e9quitable pour le cr\u00e9direntier et le d\u00e9birentier.<\/strong><\/h3>\n\n\n\n<div class=\"wp-block-media-text alignwide is-stacked-on-mobile\" style=\"grid-template-columns:22% auto\"><figure class=\"wp-block-media-text__media\"><img decoding=\"async\" width=\"200\" height=\"300\" src=\"https:\/\/viager20.com\/wordpress\/wp-content\/uploads\/2023\/06\/pic07a-200x300.jpg\" alt=\"\" class=\"wp-image-112 size-medium\" srcset=\"https:\/\/viager20.com\/wordpress\/wp-content\/uploads\/2023\/06\/pic07a-200x300.jpg 200w, https:\/\/viager20.com\/wordpress\/wp-content\/uploads\/2023\/06\/pic07a-683x1024.jpg 683w, https:\/\/viager20.com\/wordpress\/wp-content\/uploads\/2023\/06\/pic07a.jpg 750w\" sizes=\"(max-width: 200px) 100vw, 200px\" \/><\/figure><div class=\"wp-block-media-text__content\">\n<div class=\"wp-block-group is-vertical is-layout-flex wp-container-core-group-is-layout-8cf370e7 wp-block-group-is-layout-flex\">\n<div class=\"wp-block-group\"><div class=\"wp-block-group__inner-container is-layout-constrained wp-block-group-is-layout-constrained\">\n<p class=\"has-black-color has-text-color has-link-color wp-elements-cb3a8e57880a40bf8f6e4d3367e1ff65\" style=\"font-size:14px\">La valorisation d&#8217;un viager doit \u00eatre \u00e9quitable. C&#8217;est \u00e9vident ! En fait, pas compl\u00e8tement&#8230;<\/p>\n\n\n\n<p class=\"has-black-color has-text-color has-link-color wp-elements-da9b53ad17ae239fa516f8e17f7f85d3\" style=\"font-size:14px\"><strong>Juridiquement,<\/strong> tant que certaines conditions minimales sont remplies (valeur v\u00e9nale raisonnable du bien, pr\u00e9sence d&#8217;un al\u00e9a, etc.), d\u00e9birentier et cr\u00e9direntier peuvent librement n\u00e9gocier les termes d&#8217;un viager. <strong>D\u00e8s lors, <\/strong>l<strong>es conditions d&#8217;un viager peuvent \u00eatre in\u00e9quitables sans \u00eatre ill\u00e9gales.<\/strong> Le <a style=\"color:#218ecc\" href=\"https:\/\/www.legifrance.gouv.fr\/codes\/article_lc\/LEGIARTI000006445228\">Code Civil<\/a> l&#8217;affirme d&#8217;ailleurs clairement : &#8220;<em>La rente viag\u00e8re peut \u00eatre constitu\u00e9e au taux qu&#8217;il plait aux parties contractantes de fixer<\/em>&#8220;. Vous voil\u00e0 pr\u00e9venus !<\/p>\n\n\n\n<p class=\"has-black-color has-text-color has-link-color wp-elements-1b5442e8559facf2f4bf0d4421118672\" style=\"font-size:14px\"><strong>Economiquement, <\/strong>des hypoth\u00e8ses inadapt\u00e9es, par exemple sur les tables de mortalit\u00e9 ou le taux d&#8217;int\u00e9r\u00eat,   peuvent biaiser la valorisation. Ainsi, les tables de mortalit\u00e9 retenues sont parfois inadapt\u00e9es pour une population de cr\u00e9direntiers. De m\u00eame, les viagers sont g\u00e9n\u00e9ralement chers lorsque les taux d&#8217;int\u00e9r\u00eat sont bas et plus abordables lorsqu&#8217;ils sont \u00e9lev\u00e9s. Dans certains cas, <a style=\"color:#218ecc\" href=\"https:\/\/viager20.com\/index.php\/2025\/02\/16\/cout-viagers\/\">l&#8217;\u00e9cart au juste prix peut d\u00e9passer 20 %<\/a> et le d\u00e9birentier ou le cr\u00e9direntier se sentiront flou\u00e9s.<\/p>\n\n\n\n<p class=\"has-black-color has-text-color has-link-color wp-elements-caa281e99f6699b02ccc9106c2dabcd7\" style=\"font-size:14px\">Fort heureusement, actuaires et \u00e9conomistes ma\u00eetrisent depuis longtemps des techniques de valorisation des rentes et des viagers. Leurs premiers travaux remontent \u00e0 Jean de Witt, au XVII<sup>\u00e8me<\/sup> si\u00e8cle, dont Alexandre Dumas narre la fin tragique dans <a style=\"color:#218ecc\" href=\"https:\/\/gallica.bnf.fr\/ark:\/12148\/bpt6k6119595q\/f4.item.texteImage\">La Tulipe Noire<\/a>. Par la suite, les compagnies d&#8217;assurance-vie et les caisses de retraite ont grandement perfectionn\u00e9 ces techniques afin d\u2019\u00e9valuer leurs engagements au passif.<\/p>\n\n\n\n<p class=\"has-black-color has-text-color has-link-color wp-elements-72c517eb486b5037312d70c869113431\" style=\"font-size:14px\">On dispose maintenant de techniques \u00e9prouv\u00e9es qui permettent une valorisation \u00e9quitable des viagers.<\/p>\n\n\n\n<p class=\"has-black-color has-text-color has-link-color wp-elements-3860652c87817029defa4a3e56d03daa\" style=\"font-size:14px\"><em><strong>Viager 2.0<\/strong><\/em> les applique de fa\u00e7on transparente, dans l&#8217;int\u00e9r\u00eat du cr\u00e9direntier et du d\u00e9birentier. <\/p>\n<\/div><\/div>\n<\/div>\n<\/div><\/div>\n\n\n\n<p class=\"has-text-align-center has-text-color has-background has-link-color wp-elements-e6ff4696628b776bc078137540bfa3c4\" style=\"color:#218ecc;background-color:#cecece;font-size:16px;font-style:italic;font-weight:600\">Les techniques de valorisation \u00e9quitable d&#8217;un viager existent depuis longtemps. <br>Malheureusement, rien n&#8217;oblige les viag\u00e9ristes \u00e0 les utiliser &#8230;<\/p>\n\n\n\n<p><\/p>\n","protected":false},"excerpt":{"rendered":"<p>Principe I : La valorisation doit \u00eatre \u00e9quitable pour le cr\u00e9direntier et le d\u00e9birentier. Les techniques de valorisation \u00e9quitable d&#8217;un viager existent depuis longtemps. Malheureusement, rien n&#8217;oblige les viag\u00e9ristes \u00e0 &#8230;<\/p>\n","protected":false},"author":1,"featured_media":112,"parent":0,"menu_order":0,"comment_status":"closed","ping_status":"closed","template":"template-fullwidth.php","meta":{"footnotes":""},"class_list":["post-1267","page","type-page","status-publish","has-post-thumbnail","hentry"],"yoast_head":"<!-- This site is optimized with the Yoast SEO plugin v27.5 - https:\/\/yoast.com\/product\/yoast-seo-wordpress\/ -->\n<title>Une valorisation \u00e9quitable - Viager 2.0<\/title>\n<meta name=\"description\" content=\"L\u00e9galement, un viager est librement n\u00e9goci\u00e9 par les parties. Il faut donc s&#039;assurer que sa valorisation est \u00e9quitable \u00e9conomiquement.\" \/>\n<meta name=\"robots\" content=\"index, follow, max-snippet:-1, max-image-preview:large, max-video-preview:-1\" \/>\n<link rel=\"canonical\" href=\"https:\/\/viager20.com\/index.php\/une-valorisation-equitable\/\" \/>\n<meta property=\"og:locale\" content=\"fr_FR\" \/>\n<meta property=\"og:type\" content=\"article\" \/>\n<meta property=\"og:title\" content=\"Une valorisation \u00e9quitable - Viager 2.0\" \/>\n<meta property=\"og:description\" content=\"L\u00e9galement, un viager est librement n\u00e9goci\u00e9 par les parties. Il faut donc s&#039;assurer que sa valorisation est \u00e9quitable \u00e9conomiquement.\" \/>\n<meta property=\"og:url\" content=\"https:\/\/viager20.com\/index.php\/une-valorisation-equitable\/\" \/>\n<meta property=\"og:site_name\" content=\"Viager 2.0\" \/>\n<meta property=\"article:modified_time\" content=\"2025-11-14T07:52:22+00:00\" \/>\n<meta property=\"og:image\" content=\"https:\/\/viager20.com\/wordpress\/wp-content\/uploads\/2023\/06\/pic07a.jpg\" \/>\n\t<meta property=\"og:image:width\" content=\"750\" \/>\n\t<meta property=\"og:image:height\" content=\"1125\" \/>\n\t<meta property=\"og:image:type\" content=\"image\/jpeg\" \/>\n<meta name=\"twitter:card\" content=\"summary_large_image\" \/>\n<meta name=\"twitter:label1\" content=\"Dur\u00e9e de lecture estim\u00e9e\" \/>\n\t<meta name=\"twitter:data1\" content=\"2 minutes\" \/>\n<script type=\"application\/ld+json\" class=\"yoast-schema-graph\">{\"@context\":\"https:\\\/\\\/schema.org\",\"@graph\":[{\"@type\":\"WebPage\",\"@id\":\"https:\\\/\\\/viager20.com\\\/index.php\\\/une-valorisation-equitable\\\/\",\"url\":\"https:\\\/\\\/viager20.com\\\/index.php\\\/une-valorisation-equitable\\\/\",\"name\":\"Une valorisation \u00e9quitable - Viager 2.0\",\"isPartOf\":{\"@id\":\"https:\\\/\\\/viager20.com\\\/#website\"},\"primaryImageOfPage\":{\"@id\":\"https:\\\/\\\/viager20.com\\\/index.php\\\/une-valorisation-equitable\\\/#primaryimage\"},\"image\":{\"@id\":\"https:\\\/\\\/viager20.com\\\/index.php\\\/une-valorisation-equitable\\\/#primaryimage\"},\"thumbnailUrl\":\"https:\\\/\\\/viager20.com\\\/wordpress\\\/wp-content\\\/uploads\\\/2023\\\/06\\\/pic07a.jpg\",\"datePublished\":\"2023-12-13T18:45:39+00:00\",\"dateModified\":\"2025-11-14T07:52:22+00:00\",\"description\":\"L\u00e9galement, un viager est librement n\u00e9goci\u00e9 par les parties. Il faut donc s'assurer que sa valorisation est \u00e9quitable \u00e9conomiquement.\",\"breadcrumb\":{\"@id\":\"https:\\\/\\\/viager20.com\\\/index.php\\\/une-valorisation-equitable\\\/#breadcrumb\"},\"inLanguage\":\"fr-FR\",\"potentialAction\":[{\"@type\":\"ReadAction\",\"target\":[\"https:\\\/\\\/viager20.com\\\/index.php\\\/une-valorisation-equitable\\\/\"]}]},{\"@type\":\"ImageObject\",\"inLanguage\":\"fr-FR\",\"@id\":\"https:\\\/\\\/viager20.com\\\/index.php\\\/une-valorisation-equitable\\\/#primaryimage\",\"url\":\"https:\\\/\\\/viager20.com\\\/wordpress\\\/wp-content\\\/uploads\\\/2023\\\/06\\\/pic07a.jpg\",\"contentUrl\":\"https:\\\/\\\/viager20.com\\\/wordpress\\\/wp-content\\\/uploads\\\/2023\\\/06\\\/pic07a.jpg\",\"width\":750,\"height\":1125,\"caption\":\"La fin de Jean de Witt, le pr\u00e9curseur du calcul des rentes viag\u00e8res et de l'utilisation des tables de mortalit\u00e9, est d\u00e9crite dans La Tulipe Noire d'Alexandre Dumas.\"},{\"@type\":\"BreadcrumbList\",\"@id\":\"https:\\\/\\\/viager20.com\\\/index.php\\\/une-valorisation-equitable\\\/#breadcrumb\",\"itemListElement\":[{\"@type\":\"ListItem\",\"position\":1,\"name\":\"Accueil\",\"item\":\"https:\\\/\\\/viager20.com\\\/\"},{\"@type\":\"ListItem\",\"position\":2,\"name\":\"Une valorisation \u00e9quitable\"}]},{\"@type\":\"WebSite\",\"@id\":\"https:\\\/\\\/viager20.com\\\/#website\",\"url\":\"https:\\\/\\\/viager20.com\\\/\",\"name\":\"Viager 2.0\",\"description\":\"Le viager (plus) facile !\",\"publisher\":{\"@id\":\"https:\\\/\\\/viager20.com\\\/#organization\"},\"potentialAction\":[{\"@type\":\"SearchAction\",\"target\":{\"@type\":\"EntryPoint\",\"urlTemplate\":\"https:\\\/\\\/viager20.com\\\/?s={search_term_string}\"},\"query-input\":{\"@type\":\"PropertyValueSpecification\",\"valueRequired\":true,\"valueName\":\"search_term_string\"}}],\"inLanguage\":\"fr-FR\"},{\"@type\":\"Organization\",\"@id\":\"https:\\\/\\\/viager20.com\\\/#organization\",\"name\":\"Viager 2.0\",\"url\":\"https:\\\/\\\/viager20.com\\\/\",\"logo\":{\"@type\":\"ImageObject\",\"inLanguage\":\"fr-FR\",\"@id\":\"https:\\\/\\\/viager20.com\\\/#\\\/schema\\\/logo\\\/image\\\/\",\"url\":\"https:\\\/\\\/viager20.com\\\/wordpress\\\/wp-content\\\/uploads\\\/2024\\\/11\\\/LogoViager20a.jpg\",\"contentUrl\":\"https:\\\/\\\/viager20.com\\\/wordpress\\\/wp-content\\\/uploads\\\/2024\\\/11\\\/LogoViager20a.jpg\",\"width\":972,\"height\":302,\"caption\":\"Viager 2.0\"},\"image\":{\"@id\":\"https:\\\/\\\/viager20.com\\\/#\\\/schema\\\/logo\\\/image\\\/\"}}]}<\/script>\n<!-- \/ Yoast SEO plugin. -->","yoast_head_json":{"title":"Une valorisation \u00e9quitable - Viager 2.0","description":"L\u00e9galement, un viager est librement n\u00e9goci\u00e9 par les parties. Il faut donc s'assurer que sa valorisation est \u00e9quitable \u00e9conomiquement.","robots":{"index":"index","follow":"follow","max-snippet":"max-snippet:-1","max-image-preview":"max-image-preview:large","max-video-preview":"max-video-preview:-1"},"canonical":"https:\/\/viager20.com\/index.php\/une-valorisation-equitable\/","og_locale":"fr_FR","og_type":"article","og_title":"Une valorisation \u00e9quitable - Viager 2.0","og_description":"L\u00e9galement, un viager est librement n\u00e9goci\u00e9 par les parties. Il faut donc s'assurer que sa valorisation est \u00e9quitable \u00e9conomiquement.","og_url":"https:\/\/viager20.com\/index.php\/une-valorisation-equitable\/","og_site_name":"Viager 2.0","article_modified_time":"2025-11-14T07:52:22+00:00","og_image":[{"width":750,"height":1125,"url":"https:\/\/viager20.com\/wordpress\/wp-content\/uploads\/2023\/06\/pic07a.jpg","type":"image\/jpeg"}],"twitter_card":"summary_large_image","twitter_misc":{"Dur\u00e9e de lecture estim\u00e9e":"2 minutes"},"schema":{"@context":"https:\/\/schema.org","@graph":[{"@type":"WebPage","@id":"https:\/\/viager20.com\/index.php\/une-valorisation-equitable\/","url":"https:\/\/viager20.com\/index.php\/une-valorisation-equitable\/","name":"Une valorisation \u00e9quitable - Viager 2.0","isPartOf":{"@id":"https:\/\/viager20.com\/#website"},"primaryImageOfPage":{"@id":"https:\/\/viager20.com\/index.php\/une-valorisation-equitable\/#primaryimage"},"image":{"@id":"https:\/\/viager20.com\/index.php\/une-valorisation-equitable\/#primaryimage"},"thumbnailUrl":"https:\/\/viager20.com\/wordpress\/wp-content\/uploads\/2023\/06\/pic07a.jpg","datePublished":"2023-12-13T18:45:39+00:00","dateModified":"2025-11-14T07:52:22+00:00","description":"L\u00e9galement, un viager est librement n\u00e9goci\u00e9 par les parties. Il faut donc s'assurer que sa valorisation est \u00e9quitable \u00e9conomiquement.","breadcrumb":{"@id":"https:\/\/viager20.com\/index.php\/une-valorisation-equitable\/#breadcrumb"},"inLanguage":"fr-FR","potentialAction":[{"@type":"ReadAction","target":["https:\/\/viager20.com\/index.php\/une-valorisation-equitable\/"]}]},{"@type":"ImageObject","inLanguage":"fr-FR","@id":"https:\/\/viager20.com\/index.php\/une-valorisation-equitable\/#primaryimage","url":"https:\/\/viager20.com\/wordpress\/wp-content\/uploads\/2023\/06\/pic07a.jpg","contentUrl":"https:\/\/viager20.com\/wordpress\/wp-content\/uploads\/2023\/06\/pic07a.jpg","width":750,"height":1125,"caption":"La fin de Jean de Witt, le pr\u00e9curseur du calcul des rentes viag\u00e8res et de l'utilisation des tables de mortalit\u00e9, est d\u00e9crite dans La Tulipe Noire d'Alexandre Dumas."},{"@type":"BreadcrumbList","@id":"https:\/\/viager20.com\/index.php\/une-valorisation-equitable\/#breadcrumb","itemListElement":[{"@type":"ListItem","position":1,"name":"Accueil","item":"https:\/\/viager20.com\/"},{"@type":"ListItem","position":2,"name":"Une valorisation \u00e9quitable"}]},{"@type":"WebSite","@id":"https:\/\/viager20.com\/#website","url":"https:\/\/viager20.com\/","name":"Viager 2.0","description":"Le viager (plus) facile !","publisher":{"@id":"https:\/\/viager20.com\/#organization"},"potentialAction":[{"@type":"SearchAction","target":{"@type":"EntryPoint","urlTemplate":"https:\/\/viager20.com\/?s={search_term_string}"},"query-input":{"@type":"PropertyValueSpecification","valueRequired":true,"valueName":"search_term_string"}}],"inLanguage":"fr-FR"},{"@type":"Organization","@id":"https:\/\/viager20.com\/#organization","name":"Viager 2.0","url":"https:\/\/viager20.com\/","logo":{"@type":"ImageObject","inLanguage":"fr-FR","@id":"https:\/\/viager20.com\/#\/schema\/logo\/image\/","url":"https:\/\/viager20.com\/wordpress\/wp-content\/uploads\/2024\/11\/LogoViager20a.jpg","contentUrl":"https:\/\/viager20.com\/wordpress\/wp-content\/uploads\/2024\/11\/LogoViager20a.jpg","width":972,"height":302,"caption":"Viager 2.0"},"image":{"@id":"https:\/\/viager20.com\/#\/schema\/logo\/image\/"}}]}},"_links":{"self":[{"href":"https:\/\/viager20.com\/index.php\/wp-json\/wp\/v2\/pages\/1267","targetHints":{"allow":["GET"]}}],"collection":[{"href":"https:\/\/viager20.com\/index.php\/wp-json\/wp\/v2\/pages"}],"about":[{"href":"https:\/\/viager20.com\/index.php\/wp-json\/wp\/v2\/types\/page"}],"author":[{"embeddable":true,"href":"https:\/\/viager20.com\/index.php\/wp-json\/wp\/v2\/users\/1"}],"replies":[{"embeddable":true,"href":"https:\/\/viager20.com\/index.php\/wp-json\/wp\/v2\/comments?post=1267"}],"version-history":[{"count":46,"href":"https:\/\/viager20.com\/index.php\/wp-json\/wp\/v2\/pages\/1267\/revisions"}],"predecessor-version":[{"id":3505,"href":"https:\/\/viager20.com\/index.php\/wp-json\/wp\/v2\/pages\/1267\/revisions\/3505"}],"wp:featuredmedia":[{"embeddable":true,"href":"https:\/\/viager20.com\/index.php\/wp-json\/wp\/v2\/media\/112"}],"wp:attachment":[{"href":"https:\/\/viager20.com\/index.php\/wp-json\/wp\/v2\/media?parent=1267"}],"curies":[{"name":"wp","href":"https:\/\/api.w.org\/{rel}","templated":true}]}}