{"id":1270,"date":"2023-12-13T19:48:16","date_gmt":"2023-12-13T18:48:16","guid":{"rendered":"https:\/\/viager20.fr\/?page_id=1270"},"modified":"2025-12-18T16:14:51","modified_gmt":"2025-12-18T14:14:51","slug":"debirentier-credirentier-gagnant-au-juste-prix","status":"publish","type":"page","link":"https:\/\/viager20.com\/index.php\/debirentier-credirentier-gagnant-au-juste-prix\/","title":{"rendered":"Viager, rente viag\u00e8re et pr\u00eat immobilier"},"content":{"rendered":"\n<div class=\"wp-block-group alignfull is-vertical is-layout-flex wp-container-core-group-is-layout-8cf370e7 wp-block-group-is-layout-flex\">\n<h3 class=\"wp-block-heading has-text-color has-background has-link-color has-medium-font-size wp-elements-954c420c0192b83d9bcec5c2ae810a48\" style=\"color:#218ecc;background-color:#cecece;font-style:italic;font-weight:600\">Principe II : Le cr\u00e9direntier pr\u00eate au d\u00e9birentier, qui l&#8217;assure en retour contre le risque de long\u00e9vit\u00e9, .<\/h3>\n\n\n\n<div style=\"height:11px\" aria-hidden=\"true\" class=\"wp-block-spacer wp-container-content-2fc37c9d\"><\/div>\n<\/div>\n\n\n\n<div class=\"wp-block-group is-vertical is-layout-flex wp-container-core-group-is-layout-8cf370e7 wp-block-group-is-layout-flex\">\n<p class=\"has-black-color has-text-color has-link-color wp-elements-c9a21ed2e0f5822cae087add347ba2b0\" style=\"font-size:14px\">Le d\u00e9birentier et le cr\u00e9direntier peuvent chacun tirer profit d&#8217;une transaction viag\u00e8re. C&#8217;est une situation &#8220;gagnant-gagnant&#8221; ! Il est essentiel de comprendre les raisons de ce b\u00e9n\u00e9fice mutuel.<\/p>\n\n\n\n<p class=\"has-black-color has-text-color has-link-color wp-elements-d750097db7731f1cb93a2d425d2ed328\" style=\"font-size:14px\"><strong>Le cr\u00e9direntie<\/strong>r pourrait vendre son bien au comptant et souscrire&nbsp; une rente viag\u00e8re aupr\u00e8s d&#8217;une compagnie d&#8217;assurance. Pourquoi le viager est-il plus int\u00e9ressant ?<\/p>\n\n\n\n<p class=\"has-black-color has-text-color has-link-color wp-elements-b69e4488187674b57c610846f2526ce5\" style=\"font-size:14px\">Avec l&#8217;usufruit, il conserve le droit d\u2019occuper les lieux mais cet avantage est \u00e0 relativiser. D&#8217;abord, d&#8217;autres acqu\u00e9reurs auraient peut-\u00eatre&nbsp;offert un prix plus \u00e9lev\u00e9 pour un bien imm\u00e9diatement disponible. Par ailleurs, l&#8217;usufruit &#8220;factur\u00e9&#8221; au cr\u00e9direntier correspond au loyer qu&#8217;il aurait d\u00fb payer. L&#8217;avantage d&#8217;un usufruit est donc avant tout pratique ou sentimental, contrairement \u00e0 ce qui est parfois avanc\u00e9.<\/p>\n\n\n\n<div class=\"wp-block-group is-vertical is-layout-flex wp-container-core-group-is-layout-8cf370e7 wp-block-group-is-layout-flex\">\n<div class=\"wp-block-group\"><div class=\"wp-block-group__inner-container is-layout-constrained wp-block-group-is-layout-constrained\">\n<div class=\"wp-block-group is-vertical is-layout-flex wp-container-core-group-is-layout-8cf370e7 wp-block-group-is-layout-flex\">\n<div class=\"wp-block-group is-vertical is-layout-flex wp-container-core-group-is-layout-8cf370e7 wp-block-group-is-layout-flex\">\n<div class=\"wp-block-group is-nowrap is-layout-flex wp-container-core-group-is-layout-ad2f72ca wp-block-group-is-layout-flex\">\n<p class=\"has-text-color has-link-color wp-elements-9c21f8f289c52b7d01d73824ceff6c8d\" style=\"color:#218ecc;font-size:16px;font-style:italic;font-weight:600\">Le viager permet au cr\u00e9direntier de b\u00e9n\u00e9ficier  d&#8217;une rente viag\u00e8re \u00e0 des conditions avantageuses.<\/p>\n\n\n\n<ol class=\"wp-block-list\">\n<li class=\"has-black-color has-text-color has-link-color wp-elements-1840ae142d34ea5a4ebb6af482373ef8\" style=\"font-size:14px;font-style:normal;font-weight:400\">Les compagnies d&#8217;assurance r\u00e9percutent leurs frais de gestion et leurs marges sur les rentes servies, ce qui les r\u00e9duit de de 15 \u00e0 20 % ;<\/li>\n\n\n\n<li class=\"has-black-color has-text-color has-link-color wp-elements-555b8c984b534fa7a5e1a75e38ec63fe\" style=\"font-size:14px;font-style:normal;font-weight:400\">Depuis une <a style=\"color: #218ecc\" href=\"https:\/\/juricaf.org\/arret\/CJUE-COURDEJUSTICEDELUNIONEUROPEENNE-20110301-C23609\">d\u00e9cision de la CJUE<\/a> en 2012, les tables de mortalit\u00e9 des rentes viag\u00e8res p\u00e9nalisent les rentiers masculins.<\/li>\n<\/ol>\n<\/div>\n<\/div>\n\n\n\n<p class=\"has-black-color has-text-color has-link-color wp-elements-89535d49c5e0152d2844811446698f04\">En \u00e9liminant ces &#8220;frottements&#8221;, le cr\u00e9direntier peut acqu\u00e9rir une rente \u00e0 des conditions financi\u00e8res nettement plus avantageuses qu&#8217;avec une compagnie d&#8217;assurance.<\/p>\n<\/div>\n<\/div><\/div>\n<\/div>\n<\/div>\n\n\n\n<div class=\"wp-block-group\"><div class=\"wp-block-group__inner-container is-layout-constrained wp-block-group-is-layout-constrained\">\n<div style=\"height:10px\" aria-hidden=\"true\" class=\"wp-block-spacer\"><\/div>\n\n\n\n<div class=\"wp-block-group is-vertical is-layout-flex wp-container-core-group-is-layout-8cf370e7 wp-block-group-is-layout-flex\">\n<div class=\"wp-block-group is-vertical is-layout-flex wp-container-core-group-is-layout-8cf370e7 wp-block-group-is-layout-flex\">\n<p class=\"has-black-color has-text-color has-link-color wp-elements-1e3b27b03661dffd0fd86dc738e6dad4\" style=\"font-size:14px\"><strong>Le d\u00e9birentier<\/strong> verse un bouquet, inf\u00e9rieur \u00e0 la valeur totale du bien. Mais cette &#8220;d\u00e9cote&#8221; repr\u00e9sente en r\u00e9alit\u00e9 un pr\u00eat consenti par le cr\u00e9direntier. Comme un pr\u00eat n&#8217;est pas un don, le d\u00e9birentier le rembourse en versant une rente et en laissant l&#8217;usufruit du bien au cr\u00e9direntier.Toutefois, lorsque le viager est \u00e9valu\u00e9 de mani\u00e8re \u00e9quitable,<strong> le co\u00fbt combin\u00e9 de la rente et de l&#8217;usufruit reste inf\u00e9rieur \u00e0 celui d&#8217;un pr\u00eat bancaire<\/strong>.<\/p>\n\n\n\n<div style=\"height:48px\" aria-hidden=\"true\" class=\"wp-block-spacer wp-container-content-eb1ede72\"><\/div>\n\n\n\n<p class=\"has-text-align-center has-text-color has-background\" style=\"color:#218ecc;background-color:#cecece;font-size:16px;font-style:italic;font-weight:600\">Le d\u00e9birentier et le cr\u00e9direntier tirent un avantage mutuel d\u2019un viager au juste prix : l\u2019un b\u00e9n\u00e9ficie d\u2019un taux d\u2019emprunt r\u00e9duit, l\u2019autre d\u2019une rente plus abordable.<\/p>\n<\/div>\n<\/div>\n<\/div><\/div>\n","protected":false},"excerpt":{"rendered":"<p>Principe II : Le cr\u00e9direntier pr\u00eate au d\u00e9birentier, qui l&#8217;assure en retour contre le risque de long\u00e9vit\u00e9, . Le d\u00e9birentier et le cr\u00e9direntier peuvent chacun tirer profit d&#8217;une transaction viag\u00e8re. &#8230;<\/p>\n","protected":false},"author":1,"featured_media":112,"parent":0,"menu_order":0,"comment_status":"closed","ping_status":"closed","template":"template-fullwidth.php","meta":{"footnotes":""},"class_list":["post-1270","page","type-page","status-publish","has-post-thumbnail","hentry"],"yoast_head":"<!-- This site is optimized with the Yoast SEO plugin v27.5 - https:\/\/yoast.com\/product\/yoast-seo-wordpress\/ -->\n<title>D\u00e9birentier et cr\u00e9direntier gagnants avec un viager au juste prix.<\/title>\n<meta name=\"description\" content=\"Dans un viager, d\u00e9birentier et cr\u00e9direntier sont gagnants si la rente de l&#039;un et le cr\u00e9dit-vendeur de l&#039;autre sont bon march\u00e9.\" \/>\n<meta name=\"robots\" content=\"index, follow, max-snippet:-1, max-image-preview:large, max-video-preview:-1\" \/>\n<link rel=\"canonical\" href=\"https:\/\/viager20.com\/index.php\/debirentier-credirentier-gagnant-au-juste-prix\/\" \/>\n<meta property=\"og:locale\" content=\"fr_FR\" \/>\n<meta property=\"og:type\" content=\"article\" \/>\n<meta property=\"og:title\" content=\"D\u00e9birentier et cr\u00e9direntier gagnants avec un viager au juste prix.\" \/>\n<meta property=\"og:description\" content=\"Dans un viager, d\u00e9birentier et cr\u00e9direntier sont gagnants si la rente de l&#039;un et le cr\u00e9dit-vendeur de l&#039;autre sont bon march\u00e9.\" \/>\n<meta property=\"og:url\" content=\"https:\/\/viager20.com\/index.php\/debirentier-credirentier-gagnant-au-juste-prix\/\" \/>\n<meta property=\"og:site_name\" content=\"Viager 2.0\" \/>\n<meta property=\"article:modified_time\" content=\"2025-12-18T14:14:51+00:00\" \/>\n<meta property=\"og:image\" content=\"https:\/\/viager20.com\/wordpress\/wp-content\/uploads\/2023\/06\/pic07a.jpg\" \/>\n\t<meta property=\"og:image:width\" content=\"750\" \/>\n\t<meta property=\"og:image:height\" content=\"1125\" \/>\n\t<meta property=\"og:image:type\" content=\"image\/jpeg\" \/>\n<meta name=\"twitter:card\" content=\"summary_large_image\" \/>\n<meta name=\"twitter:label1\" content=\"Dur\u00e9e de lecture estim\u00e9e\" \/>\n\t<meta name=\"twitter:data1\" content=\"2 minutes\" \/>\n<script type=\"application\/ld+json\" class=\"yoast-schema-graph\">{\"@context\":\"https:\\\/\\\/schema.org\",\"@graph\":[{\"@type\":\"WebPage\",\"@id\":\"https:\\\/\\\/viager20.com\\\/index.php\\\/debirentier-credirentier-gagnant-au-juste-prix\\\/\",\"url\":\"https:\\\/\\\/viager20.com\\\/index.php\\\/debirentier-credirentier-gagnant-au-juste-prix\\\/\",\"name\":\"D\u00e9birentier et cr\u00e9direntier gagnants avec un viager au juste prix.\",\"isPartOf\":{\"@id\":\"https:\\\/\\\/viager20.com\\\/#website\"},\"primaryImageOfPage\":{\"@id\":\"https:\\\/\\\/viager20.com\\\/index.php\\\/debirentier-credirentier-gagnant-au-juste-prix\\\/#primaryimage\"},\"image\":{\"@id\":\"https:\\\/\\\/viager20.com\\\/index.php\\\/debirentier-credirentier-gagnant-au-juste-prix\\\/#primaryimage\"},\"thumbnailUrl\":\"https:\\\/\\\/viager20.com\\\/wordpress\\\/wp-content\\\/uploads\\\/2023\\\/06\\\/pic07a.jpg\",\"datePublished\":\"2023-12-13T18:48:16+00:00\",\"dateModified\":\"2025-12-18T14:14:51+00:00\",\"description\":\"Dans un viager, d\u00e9birentier et cr\u00e9direntier sont gagnants si la rente de l'un et le cr\u00e9dit-vendeur de l'autre sont bon march\u00e9.\",\"breadcrumb\":{\"@id\":\"https:\\\/\\\/viager20.com\\\/index.php\\\/debirentier-credirentier-gagnant-au-juste-prix\\\/#breadcrumb\"},\"inLanguage\":\"fr-FR\",\"potentialAction\":[{\"@type\":\"ReadAction\",\"target\":[\"https:\\\/\\\/viager20.com\\\/index.php\\\/debirentier-credirentier-gagnant-au-juste-prix\\\/\"]}]},{\"@type\":\"ImageObject\",\"inLanguage\":\"fr-FR\",\"@id\":\"https:\\\/\\\/viager20.com\\\/index.php\\\/debirentier-credirentier-gagnant-au-juste-prix\\\/#primaryimage\",\"url\":\"https:\\\/\\\/viager20.com\\\/wordpress\\\/wp-content\\\/uploads\\\/2023\\\/06\\\/pic07a.jpg\",\"contentUrl\":\"https:\\\/\\\/viager20.com\\\/wordpress\\\/wp-content\\\/uploads\\\/2023\\\/06\\\/pic07a.jpg\",\"width\":750,\"height\":1125,\"caption\":\"La fin de Jean de Witt, le pr\u00e9curseur du calcul des rentes viag\u00e8res et de l'utilisation des tables de mortalit\u00e9, est d\u00e9crite dans La Tulipe Noire d'Alexandre Dumas.\"},{\"@type\":\"BreadcrumbList\",\"@id\":\"https:\\\/\\\/viager20.com\\\/index.php\\\/debirentier-credirentier-gagnant-au-juste-prix\\\/#breadcrumb\",\"itemListElement\":[{\"@type\":\"ListItem\",\"position\":1,\"name\":\"Accueil\",\"item\":\"https:\\\/\\\/viager20.com\\\/\"},{\"@type\":\"ListItem\",\"position\":2,\"name\":\"Viager, rente viag\u00e8re et pr\u00eat immobilier\"}]},{\"@type\":\"WebSite\",\"@id\":\"https:\\\/\\\/viager20.com\\\/#website\",\"url\":\"https:\\\/\\\/viager20.com\\\/\",\"name\":\"Viager 2.0\",\"description\":\"Le viager (plus) facile !\",\"publisher\":{\"@id\":\"https:\\\/\\\/viager20.com\\\/#organization\"},\"potentialAction\":[{\"@type\":\"SearchAction\",\"target\":{\"@type\":\"EntryPoint\",\"urlTemplate\":\"https:\\\/\\\/viager20.com\\\/?s={search_term_string}\"},\"query-input\":{\"@type\":\"PropertyValueSpecification\",\"valueRequired\":true,\"valueName\":\"search_term_string\"}}],\"inLanguage\":\"fr-FR\"},{\"@type\":\"Organization\",\"@id\":\"https:\\\/\\\/viager20.com\\\/#organization\",\"name\":\"Viager 2.0\",\"url\":\"https:\\\/\\\/viager20.com\\\/\",\"logo\":{\"@type\":\"ImageObject\",\"inLanguage\":\"fr-FR\",\"@id\":\"https:\\\/\\\/viager20.com\\\/#\\\/schema\\\/logo\\\/image\\\/\",\"url\":\"https:\\\/\\\/viager20.com\\\/wordpress\\\/wp-content\\\/uploads\\\/2024\\\/11\\\/LogoViager20a.jpg\",\"contentUrl\":\"https:\\\/\\\/viager20.com\\\/wordpress\\\/wp-content\\\/uploads\\\/2024\\\/11\\\/LogoViager20a.jpg\",\"width\":972,\"height\":302,\"caption\":\"Viager 2.0\"},\"image\":{\"@id\":\"https:\\\/\\\/viager20.com\\\/#\\\/schema\\\/logo\\\/image\\\/\"}}]}<\/script>\n<!-- \/ Yoast SEO plugin. -->","yoast_head_json":{"title":"D\u00e9birentier et cr\u00e9direntier gagnants avec un viager au juste prix.","description":"Dans un viager, d\u00e9birentier et cr\u00e9direntier sont gagnants si la rente de l'un et le cr\u00e9dit-vendeur de l'autre sont bon march\u00e9.","robots":{"index":"index","follow":"follow","max-snippet":"max-snippet:-1","max-image-preview":"max-image-preview:large","max-video-preview":"max-video-preview:-1"},"canonical":"https:\/\/viager20.com\/index.php\/debirentier-credirentier-gagnant-au-juste-prix\/","og_locale":"fr_FR","og_type":"article","og_title":"D\u00e9birentier et cr\u00e9direntier gagnants avec un viager au juste prix.","og_description":"Dans un viager, d\u00e9birentier et cr\u00e9direntier sont gagnants si la rente de l'un et le cr\u00e9dit-vendeur de l'autre sont bon march\u00e9.","og_url":"https:\/\/viager20.com\/index.php\/debirentier-credirentier-gagnant-au-juste-prix\/","og_site_name":"Viager 2.0","article_modified_time":"2025-12-18T14:14:51+00:00","og_image":[{"width":750,"height":1125,"url":"https:\/\/viager20.com\/wordpress\/wp-content\/uploads\/2023\/06\/pic07a.jpg","type":"image\/jpeg"}],"twitter_card":"summary_large_image","twitter_misc":{"Dur\u00e9e de lecture estim\u00e9e":"2 minutes"},"schema":{"@context":"https:\/\/schema.org","@graph":[{"@type":"WebPage","@id":"https:\/\/viager20.com\/index.php\/debirentier-credirentier-gagnant-au-juste-prix\/","url":"https:\/\/viager20.com\/index.php\/debirentier-credirentier-gagnant-au-juste-prix\/","name":"D\u00e9birentier et cr\u00e9direntier gagnants avec un viager au juste prix.","isPartOf":{"@id":"https:\/\/viager20.com\/#website"},"primaryImageOfPage":{"@id":"https:\/\/viager20.com\/index.php\/debirentier-credirentier-gagnant-au-juste-prix\/#primaryimage"},"image":{"@id":"https:\/\/viager20.com\/index.php\/debirentier-credirentier-gagnant-au-juste-prix\/#primaryimage"},"thumbnailUrl":"https:\/\/viager20.com\/wordpress\/wp-content\/uploads\/2023\/06\/pic07a.jpg","datePublished":"2023-12-13T18:48:16+00:00","dateModified":"2025-12-18T14:14:51+00:00","description":"Dans un viager, d\u00e9birentier et cr\u00e9direntier sont gagnants si la rente de l'un et le cr\u00e9dit-vendeur de l'autre sont bon march\u00e9.","breadcrumb":{"@id":"https:\/\/viager20.com\/index.php\/debirentier-credirentier-gagnant-au-juste-prix\/#breadcrumb"},"inLanguage":"fr-FR","potentialAction":[{"@type":"ReadAction","target":["https:\/\/viager20.com\/index.php\/debirentier-credirentier-gagnant-au-juste-prix\/"]}]},{"@type":"ImageObject","inLanguage":"fr-FR","@id":"https:\/\/viager20.com\/index.php\/debirentier-credirentier-gagnant-au-juste-prix\/#primaryimage","url":"https:\/\/viager20.com\/wordpress\/wp-content\/uploads\/2023\/06\/pic07a.jpg","contentUrl":"https:\/\/viager20.com\/wordpress\/wp-content\/uploads\/2023\/06\/pic07a.jpg","width":750,"height":1125,"caption":"La fin de Jean de Witt, le pr\u00e9curseur du calcul des rentes viag\u00e8res et de l'utilisation des tables de mortalit\u00e9, est d\u00e9crite dans La Tulipe Noire d'Alexandre Dumas."},{"@type":"BreadcrumbList","@id":"https:\/\/viager20.com\/index.php\/debirentier-credirentier-gagnant-au-juste-prix\/#breadcrumb","itemListElement":[{"@type":"ListItem","position":1,"name":"Accueil","item":"https:\/\/viager20.com\/"},{"@type":"ListItem","position":2,"name":"Viager, rente viag\u00e8re et pr\u00eat immobilier"}]},{"@type":"WebSite","@id":"https:\/\/viager20.com\/#website","url":"https:\/\/viager20.com\/","name":"Viager 2.0","description":"Le viager (plus) facile !","publisher":{"@id":"https:\/\/viager20.com\/#organization"},"potentialAction":[{"@type":"SearchAction","target":{"@type":"EntryPoint","urlTemplate":"https:\/\/viager20.com\/?s={search_term_string}"},"query-input":{"@type":"PropertyValueSpecification","valueRequired":true,"valueName":"search_term_string"}}],"inLanguage":"fr-FR"},{"@type":"Organization","@id":"https:\/\/viager20.com\/#organization","name":"Viager 2.0","url":"https:\/\/viager20.com\/","logo":{"@type":"ImageObject","inLanguage":"fr-FR","@id":"https:\/\/viager20.com\/#\/schema\/logo\/image\/","url":"https:\/\/viager20.com\/wordpress\/wp-content\/uploads\/2024\/11\/LogoViager20a.jpg","contentUrl":"https:\/\/viager20.com\/wordpress\/wp-content\/uploads\/2024\/11\/LogoViager20a.jpg","width":972,"height":302,"caption":"Viager 2.0"},"image":{"@id":"https:\/\/viager20.com\/#\/schema\/logo\/image\/"}}]}},"_links":{"self":[{"href":"https:\/\/viager20.com\/index.php\/wp-json\/wp\/v2\/pages\/1270","targetHints":{"allow":["GET"]}}],"collection":[{"href":"https:\/\/viager20.com\/index.php\/wp-json\/wp\/v2\/pages"}],"about":[{"href":"https:\/\/viager20.com\/index.php\/wp-json\/wp\/v2\/types\/page"}],"author":[{"embeddable":true,"href":"https:\/\/viager20.com\/index.php\/wp-json\/wp\/v2\/users\/1"}],"replies":[{"embeddable":true,"href":"https:\/\/viager20.com\/index.php\/wp-json\/wp\/v2\/comments?post=1270"}],"version-history":[{"count":79,"href":"https:\/\/viager20.com\/index.php\/wp-json\/wp\/v2\/pages\/1270\/revisions"}],"predecessor-version":[{"id":3798,"href":"https:\/\/viager20.com\/index.php\/wp-json\/wp\/v2\/pages\/1270\/revisions\/3798"}],"wp:featuredmedia":[{"embeddable":true,"href":"https:\/\/viager20.com\/index.php\/wp-json\/wp\/v2\/media\/112"}],"wp:attachment":[{"href":"https:\/\/viager20.com\/index.php\/wp-json\/wp\/v2\/media?parent=1270"}],"curies":[{"name":"wp","href":"https:\/\/api.w.org\/{rel}","templated":true}]}}