{"id":1279,"date":"2023-12-13T20:55:35","date_gmt":"2023-12-13T19:55:35","guid":{"rendered":"https:\/\/viager20.fr\/?page_id=1279"},"modified":"2025-12-18T17:09:15","modified_gmt":"2025-12-18T15:09:15","slug":"dispersion-vie-residuelle-risques","status":"publish","type":"page","link":"https:\/\/viager20.com\/index.php\/dispersion-vie-residuelle-risques\/","title":{"rendered":"Mesurer le risque de long\u00e9vit\u00e9"},"content":{"rendered":"\n<h2 class=\"wp-block-heading has-text-color has-background has-link-color wp-elements-d6d7150901a9b6de0453e71e5f16488f\" style=\"color:#218ecc;background-color:#cecece;font-size:20px;font-style:italic;font-weight:600\">Principe VI : La dispersion des dur\u00e9es de vie r\u00e9siduelle d\u00e9termine le risque financier d&#8217;un viager.<\/h2>\n\n\n\n<div style=\"height:16px\" aria-hidden=\"true\" class=\"wp-block-spacer\"><\/div>\n\n\n\n<div class=\"wp-block-group alignwide\"><div class=\"wp-block-group__inner-container is-layout-constrained wp-block-group-is-layout-constrained\">\n<div class=\"wp-block-media-text alignwide is-stacked-on-mobile\" style=\"grid-template-columns:44% auto\"><figure class=\"wp-block-media-text__media\"><img decoding=\"async\" width=\"900\" height=\"600\" src=\"https:\/\/viager20.com\/wordpress\/wp-content\/uploads\/2025\/12\/dispersion_viager.jpg\" alt=\"\" class=\"wp-image-3810 size-full\" srcset=\"https:\/\/viager20.com\/wordpress\/wp-content\/uploads\/2025\/12\/dispersion_viager.jpg 900w, https:\/\/viager20.com\/wordpress\/wp-content\/uploads\/2025\/12\/dispersion_viager-300x200.jpg 300w, https:\/\/viager20.com\/wordpress\/wp-content\/uploads\/2025\/12\/dispersion_viager-768x512.jpg 768w\" sizes=\"(max-width: 900px) 100vw, 900px\" \/><\/figure><div class=\"wp-block-media-text__content\">\n<div class=\"wp-block-group is-vertical is-layout-flex wp-container-core-group-is-layout-8cf370e7 wp-block-group-is-layout-flex\">\n<p class=\"has-black-color has-text-color has-link-color wp-elements-cedaf5ff9c6d58295d722b49085563e5\" style=\"font-size:14px\">La dispersion de la vie r\u00e9siduelle du cr\u00e9direntier, autour de son esp\u00e9rance de vie, d\u00e9termine les risques financiers d&#8217;un viager.<\/p>\n\n\n\n<p class=\"has-black-color has-text-color has-link-color wp-elements-736f76291ac6b62d85d5abb5954daf99\" style=\"font-size:14px\">Avec la table de mortalit\u00e9 choisie, <strong><em>Viager 2.0<\/em><\/strong> calcule la probabilit\u00e9 que cette vie r\u00e9siduelle d\u00e9passe une certaine dur\u00e9e.<\/p>\n\n\n\n<p class=\"has-black-color has-text-color has-link-color wp-elements-ba65080b88e4a3d6d8951697ba46528c\" style=\"font-size:14px\">La barre rouge du graphique repr\u00e9sente l&#8217;esp\u00e9rance de vie du cr\u00e9direntier. On visualise aussi la probabilit\u00e9 que le cr\u00e9direntier d\u00e9c\u00e8de avant 10 ans &#8230; ou apr\u00e8s plus de 30 ans.<\/p>\n\n\n\n<div class=\"wp-block-group is-vertical is-layout-flex wp-container-core-group-is-layout-8cf370e7 wp-block-group-is-layout-flex\">\n<p class=\"has-black-color has-text-color has-link-color wp-elements-fd0976e424c30e56a261300013bda88e\" style=\"font-size:14px\">Pour un couple (homme : 73 ans, femme : 71 ans), l&#8217;esp\u00e9rance de vie en 2025 du dernier survivant est de 25.8 ann\u00e9es, selon les Tables TGH05-TGF05. Elle d\u00e9passe donc celle de la femme seule, bien qu&#8217;elle soit plus jeune que son \u00e9poux.<\/p>\n\n\n\n<p class=\"has-black-color has-text-color has-link-color wp-elements-4bafc29688a39ea7d33539323cbf47bb\" style=\"font-size:14px\">Les coefficients &#8220;Px&#8221; mesurent la dur\u00e9e de vie qui ne sera d\u00e9pass\u00e9e que dans x % des cas. Par exemple, \u00ab P10 : 32.8 ans \u00bb signifie que dans 10 % des cas, la dur\u00e9e de vie r\u00e9siduelle d\u00e9passera 32.8 ans. L\u2019un des conjoints (souvent la femme, mais pas syst\u00e9matiquement) pourrait ainsi devenir centenaire, dans un sc\u00e9nario \u00e0 la Jeanne Calment.<\/p>\n\n\n\n<p class=\"has-black-color has-text-color has-link-color wp-elements-28e39ef22af22ac080c4f03197a26a57\" style=\"font-size:14px\">Il est \u00e9galement possible d\u2019\u00e9valuer les <a style=\"color:#218ecc\" href=\"https:\/\/viager20.com\/index.php\/mesure-risques-financiers\/\">risques financiers encourus<\/a>. Ils sont d&#8217;autant plus importants que la vie r\u00e9siduelle est al\u00e9atoire.<\/p>\n<\/div>\n<\/div>\n<\/div><\/div>\n\n\n\n<div style=\"height:20px\" aria-hidden=\"true\" class=\"wp-block-spacer\"><\/div>\n\n\n\n<div class=\"wp-block-group\"><div class=\"wp-block-group__inner-container is-layout-constrained wp-block-group-is-layout-constrained\">\n<p class=\"has-text-align-center has-text-color has-background has-link-color wp-elements-52d218bac1c04ad4ad4d15a6db2415f4\" style=\"color:#218ecc;background-color:#cecece;font-size:16px;font-style:italic;font-weight:600\"><strong>Un viager n&#8217;est pas une transaction \u00e0 terme o\u00f9 le d\u00e9c\u00e8s du cr\u00e9direntier intervient \u00e0 l&#8217;horizon qui correspond \u00e0 son esp\u00e9rance de vie r\u00e9siduelle au moment de la vente. <br><strong>Pour \u00e9valuer le risque financier d&#8217;un viager, on doit <\/strong>mesurer la dispersion de la vie r\u00e9siduelle du cr\u00e9direntier.<\/strong><\/p>\n<\/div><\/div>\n<\/div><\/div>\n\n\n\n<p><\/p>\n","protected":false},"excerpt":{"rendered":"<p>Principe VI : La dispersion des dur\u00e9es de vie r\u00e9siduelle d\u00e9termine le risque financier d&#8217;un viager. La dispersion de la vie r\u00e9siduelle du cr\u00e9direntier, autour de son esp\u00e9rance de vie, &#8230;<\/p>\n","protected":false},"author":1,"featured_media":112,"parent":0,"menu_order":0,"comment_status":"closed","ping_status":"closed","template":"template-fullwidth.php","meta":{"footnotes":""},"class_list":["post-1279","page","type-page","status-publish","has-post-thumbnail","hentry"],"yoast_head":"<!-- This site is optimized with the Yoast SEO plugin v27.5 - https:\/\/yoast.com\/product\/yoast-seo-wordpress\/ -->\n<title>Dispersion de la vie r\u00e9siduelle et risques<\/title>\n<meta name=\"description\" content=\"La dispersion des dur\u00e9es de vie r\u00e9siduelle d\u00e9termine les risques financiers d&#039;un viager. On l&#039;appr\u00e9cie avec la table de mortalit\u00e9.\" \/>\n<meta name=\"robots\" content=\"index, follow, max-snippet:-1, max-image-preview:large, max-video-preview:-1\" \/>\n<link rel=\"canonical\" href=\"https:\/\/viager20.com\/index.php\/dispersion-vie-residuelle-risques\/\" \/>\n<meta property=\"og:locale\" content=\"fr_FR\" \/>\n<meta property=\"og:type\" content=\"article\" \/>\n<meta property=\"og:title\" content=\"Dispersion de la vie r\u00e9siduelle et risques\" \/>\n<meta property=\"og:description\" content=\"La dispersion des dur\u00e9es de vie r\u00e9siduelle d\u00e9termine les risques financiers d&#039;un viager. On l&#039;appr\u00e9cie avec la table de mortalit\u00e9.\" \/>\n<meta property=\"og:url\" content=\"https:\/\/viager20.com\/index.php\/dispersion-vie-residuelle-risques\/\" \/>\n<meta property=\"og:site_name\" content=\"Viager 2.0\" \/>\n<meta property=\"article:modified_time\" content=\"2025-12-18T15:09:15+00:00\" \/>\n<meta property=\"og:image\" content=\"https:\/\/viager20.com\/wordpress\/wp-content\/uploads\/2023\/06\/pic07a.jpg\" \/>\n\t<meta property=\"og:image:width\" content=\"750\" \/>\n\t<meta property=\"og:image:height\" content=\"1125\" \/>\n\t<meta property=\"og:image:type\" content=\"image\/jpeg\" \/>\n<meta name=\"twitter:card\" content=\"summary_large_image\" \/>\n<meta name=\"twitter:label1\" content=\"Dur\u00e9e de lecture estim\u00e9e\" \/>\n\t<meta name=\"twitter:data1\" content=\"2 minutes\" \/>\n<script type=\"application\/ld+json\" class=\"yoast-schema-graph\">{\"@context\":\"https:\\\/\\\/schema.org\",\"@graph\":[{\"@type\":\"WebPage\",\"@id\":\"https:\\\/\\\/viager20.com\\\/index.php\\\/dispersion-vie-residuelle-risques\\\/\",\"url\":\"https:\\\/\\\/viager20.com\\\/index.php\\\/dispersion-vie-residuelle-risques\\\/\",\"name\":\"Dispersion de la vie r\u00e9siduelle et risques\",\"isPartOf\":{\"@id\":\"https:\\\/\\\/viager20.com\\\/#website\"},\"primaryImageOfPage\":{\"@id\":\"https:\\\/\\\/viager20.com\\\/index.php\\\/dispersion-vie-residuelle-risques\\\/#primaryimage\"},\"image\":{\"@id\":\"https:\\\/\\\/viager20.com\\\/index.php\\\/dispersion-vie-residuelle-risques\\\/#primaryimage\"},\"thumbnailUrl\":\"https:\\\/\\\/viager20.com\\\/wordpress\\\/wp-content\\\/uploads\\\/2023\\\/06\\\/pic07a.jpg\",\"datePublished\":\"2023-12-13T19:55:35+00:00\",\"dateModified\":\"2025-12-18T15:09:15+00:00\",\"description\":\"La dispersion des dur\u00e9es de vie r\u00e9siduelle d\u00e9termine les risques financiers d'un viager. On l'appr\u00e9cie avec la table de mortalit\u00e9.\",\"breadcrumb\":{\"@id\":\"https:\\\/\\\/viager20.com\\\/index.php\\\/dispersion-vie-residuelle-risques\\\/#breadcrumb\"},\"inLanguage\":\"fr-FR\",\"potentialAction\":[{\"@type\":\"ReadAction\",\"target\":[\"https:\\\/\\\/viager20.com\\\/index.php\\\/dispersion-vie-residuelle-risques\\\/\"]}]},{\"@type\":\"ImageObject\",\"inLanguage\":\"fr-FR\",\"@id\":\"https:\\\/\\\/viager20.com\\\/index.php\\\/dispersion-vie-residuelle-risques\\\/#primaryimage\",\"url\":\"https:\\\/\\\/viager20.com\\\/wordpress\\\/wp-content\\\/uploads\\\/2023\\\/06\\\/pic07a.jpg\",\"contentUrl\":\"https:\\\/\\\/viager20.com\\\/wordpress\\\/wp-content\\\/uploads\\\/2023\\\/06\\\/pic07a.jpg\",\"width\":750,\"height\":1125,\"caption\":\"La fin de Jean de Witt, le pr\u00e9curseur du calcul des rentes viag\u00e8res et de l'utilisation des tables de mortalit\u00e9, est d\u00e9crite dans La Tulipe Noire d'Alexandre Dumas.\"},{\"@type\":\"BreadcrumbList\",\"@id\":\"https:\\\/\\\/viager20.com\\\/index.php\\\/dispersion-vie-residuelle-risques\\\/#breadcrumb\",\"itemListElement\":[{\"@type\":\"ListItem\",\"position\":1,\"name\":\"Accueil\",\"item\":\"https:\\\/\\\/viager20.com\\\/\"},{\"@type\":\"ListItem\",\"position\":2,\"name\":\"Mesurer le risque de long\u00e9vit\u00e9\"}]},{\"@type\":\"WebSite\",\"@id\":\"https:\\\/\\\/viager20.com\\\/#website\",\"url\":\"https:\\\/\\\/viager20.com\\\/\",\"name\":\"Viager 2.0\",\"description\":\"Le viager (plus) facile !\",\"publisher\":{\"@id\":\"https:\\\/\\\/viager20.com\\\/#organization\"},\"potentialAction\":[{\"@type\":\"SearchAction\",\"target\":{\"@type\":\"EntryPoint\",\"urlTemplate\":\"https:\\\/\\\/viager20.com\\\/?s={search_term_string}\"},\"query-input\":{\"@type\":\"PropertyValueSpecification\",\"valueRequired\":true,\"valueName\":\"search_term_string\"}}],\"inLanguage\":\"fr-FR\"},{\"@type\":\"Organization\",\"@id\":\"https:\\\/\\\/viager20.com\\\/#organization\",\"name\":\"Viager 2.0\",\"url\":\"https:\\\/\\\/viager20.com\\\/\",\"logo\":{\"@type\":\"ImageObject\",\"inLanguage\":\"fr-FR\",\"@id\":\"https:\\\/\\\/viager20.com\\\/#\\\/schema\\\/logo\\\/image\\\/\",\"url\":\"https:\\\/\\\/viager20.com\\\/wordpress\\\/wp-content\\\/uploads\\\/2024\\\/11\\\/LogoViager20a.jpg\",\"contentUrl\":\"https:\\\/\\\/viager20.com\\\/wordpress\\\/wp-content\\\/uploads\\\/2024\\\/11\\\/LogoViager20a.jpg\",\"width\":972,\"height\":302,\"caption\":\"Viager 2.0\"},\"image\":{\"@id\":\"https:\\\/\\\/viager20.com\\\/#\\\/schema\\\/logo\\\/image\\\/\"}}]}<\/script>\n<!-- \/ Yoast SEO plugin. -->","yoast_head_json":{"title":"Dispersion de la vie r\u00e9siduelle et risques","description":"La dispersion des dur\u00e9es de vie r\u00e9siduelle d\u00e9termine les risques financiers d'un viager. On l'appr\u00e9cie avec la table de mortalit\u00e9.","robots":{"index":"index","follow":"follow","max-snippet":"max-snippet:-1","max-image-preview":"max-image-preview:large","max-video-preview":"max-video-preview:-1"},"canonical":"https:\/\/viager20.com\/index.php\/dispersion-vie-residuelle-risques\/","og_locale":"fr_FR","og_type":"article","og_title":"Dispersion de la vie r\u00e9siduelle et risques","og_description":"La dispersion des dur\u00e9es de vie r\u00e9siduelle d\u00e9termine les risques financiers d'un viager. On l'appr\u00e9cie avec la table de mortalit\u00e9.","og_url":"https:\/\/viager20.com\/index.php\/dispersion-vie-residuelle-risques\/","og_site_name":"Viager 2.0","article_modified_time":"2025-12-18T15:09:15+00:00","og_image":[{"width":750,"height":1125,"url":"https:\/\/viager20.com\/wordpress\/wp-content\/uploads\/2023\/06\/pic07a.jpg","type":"image\/jpeg"}],"twitter_card":"summary_large_image","twitter_misc":{"Dur\u00e9e de lecture estim\u00e9e":"2 minutes"},"schema":{"@context":"https:\/\/schema.org","@graph":[{"@type":"WebPage","@id":"https:\/\/viager20.com\/index.php\/dispersion-vie-residuelle-risques\/","url":"https:\/\/viager20.com\/index.php\/dispersion-vie-residuelle-risques\/","name":"Dispersion de la vie r\u00e9siduelle et risques","isPartOf":{"@id":"https:\/\/viager20.com\/#website"},"primaryImageOfPage":{"@id":"https:\/\/viager20.com\/index.php\/dispersion-vie-residuelle-risques\/#primaryimage"},"image":{"@id":"https:\/\/viager20.com\/index.php\/dispersion-vie-residuelle-risques\/#primaryimage"},"thumbnailUrl":"https:\/\/viager20.com\/wordpress\/wp-content\/uploads\/2023\/06\/pic07a.jpg","datePublished":"2023-12-13T19:55:35+00:00","dateModified":"2025-12-18T15:09:15+00:00","description":"La dispersion des dur\u00e9es de vie r\u00e9siduelle d\u00e9termine les risques financiers d'un viager. On l'appr\u00e9cie avec la table de mortalit\u00e9.","breadcrumb":{"@id":"https:\/\/viager20.com\/index.php\/dispersion-vie-residuelle-risques\/#breadcrumb"},"inLanguage":"fr-FR","potentialAction":[{"@type":"ReadAction","target":["https:\/\/viager20.com\/index.php\/dispersion-vie-residuelle-risques\/"]}]},{"@type":"ImageObject","inLanguage":"fr-FR","@id":"https:\/\/viager20.com\/index.php\/dispersion-vie-residuelle-risques\/#primaryimage","url":"https:\/\/viager20.com\/wordpress\/wp-content\/uploads\/2023\/06\/pic07a.jpg","contentUrl":"https:\/\/viager20.com\/wordpress\/wp-content\/uploads\/2023\/06\/pic07a.jpg","width":750,"height":1125,"caption":"La fin de Jean de Witt, le pr\u00e9curseur du calcul des rentes viag\u00e8res et de l'utilisation des tables de mortalit\u00e9, est d\u00e9crite dans La Tulipe Noire d'Alexandre Dumas."},{"@type":"BreadcrumbList","@id":"https:\/\/viager20.com\/index.php\/dispersion-vie-residuelle-risques\/#breadcrumb","itemListElement":[{"@type":"ListItem","position":1,"name":"Accueil","item":"https:\/\/viager20.com\/"},{"@type":"ListItem","position":2,"name":"Mesurer le risque de long\u00e9vit\u00e9"}]},{"@type":"WebSite","@id":"https:\/\/viager20.com\/#website","url":"https:\/\/viager20.com\/","name":"Viager 2.0","description":"Le viager (plus) facile !","publisher":{"@id":"https:\/\/viager20.com\/#organization"},"potentialAction":[{"@type":"SearchAction","target":{"@type":"EntryPoint","urlTemplate":"https:\/\/viager20.com\/?s={search_term_string}"},"query-input":{"@type":"PropertyValueSpecification","valueRequired":true,"valueName":"search_term_string"}}],"inLanguage":"fr-FR"},{"@type":"Organization","@id":"https:\/\/viager20.com\/#organization","name":"Viager 2.0","url":"https:\/\/viager20.com\/","logo":{"@type":"ImageObject","inLanguage":"fr-FR","@id":"https:\/\/viager20.com\/#\/schema\/logo\/image\/","url":"https:\/\/viager20.com\/wordpress\/wp-content\/uploads\/2024\/11\/LogoViager20a.jpg","contentUrl":"https:\/\/viager20.com\/wordpress\/wp-content\/uploads\/2024\/11\/LogoViager20a.jpg","width":972,"height":302,"caption":"Viager 2.0"},"image":{"@id":"https:\/\/viager20.com\/#\/schema\/logo\/image\/"}}]}},"_links":{"self":[{"href":"https:\/\/viager20.com\/index.php\/wp-json\/wp\/v2\/pages\/1279","targetHints":{"allow":["GET"]}}],"collection":[{"href":"https:\/\/viager20.com\/index.php\/wp-json\/wp\/v2\/pages"}],"about":[{"href":"https:\/\/viager20.com\/index.php\/wp-json\/wp\/v2\/types\/page"}],"author":[{"embeddable":true,"href":"https:\/\/viager20.com\/index.php\/wp-json\/wp\/v2\/users\/1"}],"replies":[{"embeddable":true,"href":"https:\/\/viager20.com\/index.php\/wp-json\/wp\/v2\/comments?post=1279"}],"version-history":[{"count":52,"href":"https:\/\/viager20.com\/index.php\/wp-json\/wp\/v2\/pages\/1279\/revisions"}],"predecessor-version":[{"id":3815,"href":"https:\/\/viager20.com\/index.php\/wp-json\/wp\/v2\/pages\/1279\/revisions\/3815"}],"wp:featuredmedia":[{"embeddable":true,"href":"https:\/\/viager20.com\/index.php\/wp-json\/wp\/v2\/media\/112"}],"wp:attachment":[{"href":"https:\/\/viager20.com\/index.php\/wp-json\/wp\/v2\/media?parent=1279"}],"curies":[{"name":"wp","href":"https:\/\/api.w.org\/{rel}","templated":true}]}}