{"id":1398,"date":"2023-06-09T17:18:04","date_gmt":"2023-06-09T15:18:04","guid":{"rendered":"https:\/\/viager20.fr\/?page_id=44"},"modified":"2025-12-18T16:07:09","modified_gmt":"2025-12-18T14:07:09","slug":"principes-et-parametres-de-valorisation-equitable-des-viagers","status":"publish","type":"page","link":"https:\/\/viager20.com\/index.php\/principes-et-parametres-de-valorisation-equitable-des-viagers\/","title":{"rendered":"Principes de valorisation"},"content":{"rendered":"\n<div class=\"wp-block-group\"><div class=\"wp-block-group__inner-container is-layout-constrained wp-block-group-is-layout-constrained\">\n<div class=\"wp-block-group\"><div class=\"wp-block-group__inner-container is-layout-constrained wp-block-group-is-layout-constrained\">\n<p class=\"has-black-color has-text-color has-link-color wp-elements-2d0d02a41dd71b5da8434443b188d75f\" style=\"font-size:14px\">Certes, on peut acqu\u00e9rir un bien en viager sans estimer son co\u00fbt d&#8217;acquisition et faire tout de m\u00eame une tr\u00e8s bonne affaire. Mais, pourquoi ne pas mettre toutes les chances de son c\u00f4t\u00e9 en appliquant les principes d&#8217;une <strong>valorisation \u00e9quitable<\/strong> d&#8217;un viager ?&nbsp;<\/p>\n\n\n\n<p class=\"has-black-color has-text-color has-link-color\" style=\"font-size:14px\">Pour les plus courageux, ces principes sont d\u00e9crits <a href=\"https:\/\/viager20.com\/wordpress\/wp-content\/uploads\/2024\/11\/Article_Viager_2023.pdf\" target=\"_blank\" rel=\"noreferrer noopener\" style=\"color: #218ecc\">ici<\/a> et <a href=\"https:\/\/viager20.com\/wordpress\/wp-content\/uploads\/2024\/11\/Viager_vf.pdf\" target=\"_blank\" rel=\"noreferrer noopener\" style=\"color: #218ecc\">l\u00e0<\/a>. Pour les autres, nous allons r\u00e9sumer leur logique et surtout d\u00e9crire leur mise en oeuvre.<\/p>\n\n\n\n<div style=\"height:14px\" aria-hidden=\"true\" class=\"wp-block-spacer\"><\/div>\n\n\n\n<h1 class=\"wp-block-heading has-text-align-center has-text-color has-link-color wp-elements-1207182077d058a70cd045c7722ec6ed\" style=\"color:#218ecc;font-size:16px;font-style:italic;font-weight:600\">Quelques principes permettent de valoriser \u00e9quitablement un viager et de choisir les principaux param\u00e8tres de valorisation. <\/h1>\n<\/div><\/div>\n\n\n\n<p class=\"has-black-color has-text-color has-link-color has-black-color has-text-color\">Pour juger si l&#8217;on a une <a href=\"https:\/\/viager20.com\/index.php\/une-valorisation-equitable\/\">transaction \u00e9quitable<\/a> entre cr\u00e9direntier et d\u00e9birentier, il faut comprendre la nature d&#8217;un viager. C&#8217;est d&#8217;abord un mode de financement particulier de l&#8217;achat d&#8217;un bien, puisque le cr\u00e9direntier accorde un <a href=\"https:\/\/viager20.com\/index.php\/debirentier-credirentier-gagnant-au-juste-prix\/\">cr\u00e9dit-vendeur<\/a> au d\u00e9birentier. En \u00e9change, le cr\u00e9direntier b\u00e9n\u00e9ficie d&#8217;un usufruit \u00e9ventuel et d&#8217;une <a href=\"https:\/\/viager20.com\/index.php\/dispersion-vie-residuelle-risques\/\">protection contre le risque de long\u00e9vit\u00e9<\/a>, avec une rente viag\u00e8re vers\u00e9e jusqu&#8217;\u00e0 sa mort.<\/p>\n\n\n\n<p class=\"has-black-color has-text-color has-link-color wp-elements-6b53950dcb507b708206a13ce4740c84\" style=\"font-size:14px\">Au juste prix d&#8217;un viager, la somme du bouquet, de l&#8217;usufruit et de la rente correspond \u00e0 la valeur v\u00e9nale du bien. Si cette somme la d\u00e9passe, le d\u00e9birentier aurait int\u00e9r\u00eat \u00e0 opter pour une vente au comptant. Dans le cas contraire, il r\u00e9alise avec le viager une meilleure op\u00e9ration qu&#8217;en achetant le bien au comptant.<\/p>\n\n\n\n<p class=\"has-black-color has-text-color has-link-color wp-elements-a49ae777a5e18fe6bd5fb1b6e03f3c70\" style=\"font-size:14px\">Or les valeurs de la rente et de l&#8217;usufruit d\u00e9pendent en particulier de l&#8217;esp\u00e9rance de vie du cr\u00e9direntier et des taux d&#8217;int\u00e9r\u00eat.<\/p>\n\n\n\n<div class=\"wp-block-group is-vertical is-layout-flex wp-container-core-group-is-layout-8cf370e7 wp-block-group-is-layout-flex\">\n<div class=\"wp-block-group\"><div class=\"wp-block-group__inner-container is-layout-constrained wp-block-group-is-layout-constrained\">\n<div class=\"wp-block-group\"><div class=\"wp-block-group__inner-container is-layout-constrained wp-block-group-is-layout-constrained\">\n<p class=\"has-text-align-left has-black-color has-text-color has-link-color wp-elements-2d4a1f2fff380cb0227cbeae6c0e3c6b\" style=\"font-size:14px\">Les param\u00e8tres cl\u00e9s de la valorisation en d\u00e9coulent donc :<\/p>\n\n\n\n<ol class=\"wp-block-list\">\n<li class=\"has-black-color has-text-color has-link-color wp-elements-c96b6edfccc07634845545478182d4e0\" style=\"font-size:14px\"><strong>La valeur v\u00e9nale du bien<\/strong>, dont l&#8217;\u00e9valuation est une \u00e9tape essentielle, comme lors d&#8217;une vente au comptant ;<\/li>\n\n\n\n<li class=\"has-black-color has-text-color has-link-color wp-elements-7f685fa6d479534fdd09dba4fcc49aa3\" style=\"font-size:14px\"><a href=\"https:\/\/viager20.com\/index.php\/valeur-locative-et-usufruit\/\" style=\"color: #218ecc\">Les revenus locatifs<\/a> attendus, nets des taxes et autres charges. La l\u00e9gislation impose \u00e0 l&#8217;usufruitier des r\u00e8gles d&#8217;entretien du bien plus strictes que pour un locataire et potentiellement co\u00fbteuses ;<\/li>\n\n\n\n<li class=\"has-black-color has-text-color has-link-color wp-elements-43bb537d030c3ce6c5bbb485ead9beae\" style=\"font-size:14px\"><a href=\"https:\/\/viager20.com\/index.php\/tables-de-mortalite\/\" style=\"color: #218ecc\">La table de mortalit\u00e9<\/a> appropri\u00e9e refl\u00e8te les particularit\u00e9s des cr\u00e9direntiers, \u00e0 l&#8217;esp\u00e9rance de vie souvent \u00e9lev\u00e9e ;<\/li>\n\n\n\n<li class=\"has-black-color has-text-color has-link-color wp-elements-f681a0ad7fba0ec249a9696b0e70b43a\" style=\"font-size:14px\"><a style=\"color: #218ecc\" href=\"https:\/\/viager20.com\/index.php\/rente-table-mortalite-taux-interet\/\">Le taux d&#8217;int\u00e9r\u00eat r\u00e9el<\/a>, diff\u00e9rence entre le taux d&#8217;int\u00e9r\u00eat nominal \u00e0 long terme sur les obligations d&#8217;\u00c9tat et l&#8217;inflation attendue sur la dur\u00e9e du viager.<\/li>\n<\/ol>\n<\/div><\/div>\n<\/div><\/div>\n<\/div>\n\n\n\n<p class=\"has-text-align-center has-text-color has-background has-link-color wp-elements-7c4dba87b00c56b2b6918c30492c7bb3\" style=\"color:#218ecc;background-color:#cecece;font-size:16px;font-style:italic;font-weight:600\">Valeur locative du bien ? Table de mortalit\u00e9 pour le cr\u00e9direntier ? Taux d&#8217;int\u00e9r\u00eat pour la rente ? Seul un choix pr\u00e9cis et adapt\u00e9 de ces param\u00e8tres assure une valorisation \u00e9quitable d&#8217;un viager.<\/p>\n<\/div><\/div>\n","protected":false},"excerpt":{"rendered":"<p>Certes, on peut acqu\u00e9rir un bien en viager sans estimer son co\u00fbt d&#8217;acquisition et faire tout de m\u00eame une tr\u00e8s bonne affaire. Mais, pourquoi ne pas mettre toutes les chances &#8230;<\/p>\n","protected":false},"author":1,"featured_media":112,"parent":0,"menu_order":0,"comment_status":"closed","ping_status":"closed","template":"template-fullwidth.php","meta":{"footnotes":""},"class_list":["post-1398","page","type-page","status-publish","has-post-thumbnail","hentry"],"yoast_head":"<!-- This site is optimized with the Yoast SEO plugin v27.5 - https:\/\/yoast.com\/product\/yoast-seo-wordpress\/ -->\n<title>Principes de valorisation Principes et param\u00e8tres de valorisation<\/title>\n<meta name=\"description\" content=\"Une valorisation \u00e9quitable d&#039;un viager suppose d&#039;appliquer quelques principes et d&#039;utiliser des param\u00e8tres appropri\u00e9s.\" \/>\n<meta name=\"robots\" content=\"index, follow, max-snippet:-1, max-image-preview:large, max-video-preview:-1\" \/>\n<link rel=\"canonical\" href=\"https:\/\/viager20.com\/index.php\/principes-et-parametres-de-valorisation-equitable-des-viagers\/\" \/>\n<meta property=\"og:locale\" content=\"fr_FR\" \/>\n<meta property=\"og:type\" content=\"article\" \/>\n<meta property=\"og:title\" content=\"Principes de valorisation Principes et param\u00e8tres de valorisation\" \/>\n<meta property=\"og:description\" content=\"Une valorisation \u00e9quitable d&#039;un viager suppose d&#039;appliquer quelques principes et d&#039;utiliser des param\u00e8tres appropri\u00e9s.\" \/>\n<meta property=\"og:url\" content=\"https:\/\/viager20.com\/index.php\/principes-et-parametres-de-valorisation-equitable-des-viagers\/\" \/>\n<meta property=\"og:site_name\" content=\"Viager 2.0\" \/>\n<meta property=\"article:modified_time\" content=\"2025-12-18T14:07:09+00:00\" \/>\n<meta property=\"og:image\" content=\"https:\/\/viager20.com\/wordpress\/wp-content\/uploads\/2023\/06\/pic07a.jpg\" \/>\n\t<meta property=\"og:image:width\" content=\"750\" \/>\n\t<meta property=\"og:image:height\" content=\"1125\" \/>\n\t<meta property=\"og:image:type\" content=\"image\/jpeg\" \/>\n<meta name=\"twitter:card\" content=\"summary_large_image\" \/>\n<meta name=\"twitter:label1\" content=\"Dur\u00e9e de lecture estim\u00e9e\" \/>\n\t<meta name=\"twitter:data1\" content=\"2 minutes\" \/>\n<script type=\"application\/ld+json\" class=\"yoast-schema-graph\">{\"@context\":\"https:\\\/\\\/schema.org\",\"@graph\":[{\"@type\":\"WebPage\",\"@id\":\"https:\\\/\\\/viager20.com\\\/index.php\\\/principes-et-parametres-de-valorisation-equitable-des-viagers\\\/\",\"url\":\"https:\\\/\\\/viager20.com\\\/index.php\\\/principes-et-parametres-de-valorisation-equitable-des-viagers\\\/\",\"name\":\"Principes de valorisation Principes et param\u00e8tres de valorisation\",\"isPartOf\":{\"@id\":\"https:\\\/\\\/viager20.com\\\/#website\"},\"primaryImageOfPage\":{\"@id\":\"https:\\\/\\\/viager20.com\\\/index.php\\\/principes-et-parametres-de-valorisation-equitable-des-viagers\\\/#primaryimage\"},\"image\":{\"@id\":\"https:\\\/\\\/viager20.com\\\/index.php\\\/principes-et-parametres-de-valorisation-equitable-des-viagers\\\/#primaryimage\"},\"thumbnailUrl\":\"https:\\\/\\\/viager20.com\\\/wordpress\\\/wp-content\\\/uploads\\\/2023\\\/06\\\/pic07a.jpg\",\"datePublished\":\"2023-06-09T15:18:04+00:00\",\"dateModified\":\"2025-12-18T14:07:09+00:00\",\"description\":\"Une valorisation \u00e9quitable d'un viager suppose d'appliquer quelques principes et d'utiliser des param\u00e8tres appropri\u00e9s.\",\"breadcrumb\":{\"@id\":\"https:\\\/\\\/viager20.com\\\/index.php\\\/principes-et-parametres-de-valorisation-equitable-des-viagers\\\/#breadcrumb\"},\"inLanguage\":\"fr-FR\",\"potentialAction\":[{\"@type\":\"ReadAction\",\"target\":[\"https:\\\/\\\/viager20.com\\\/index.php\\\/principes-et-parametres-de-valorisation-equitable-des-viagers\\\/\"]}]},{\"@type\":\"ImageObject\",\"inLanguage\":\"fr-FR\",\"@id\":\"https:\\\/\\\/viager20.com\\\/index.php\\\/principes-et-parametres-de-valorisation-equitable-des-viagers\\\/#primaryimage\",\"url\":\"https:\\\/\\\/viager20.com\\\/wordpress\\\/wp-content\\\/uploads\\\/2023\\\/06\\\/pic07a.jpg\",\"contentUrl\":\"https:\\\/\\\/viager20.com\\\/wordpress\\\/wp-content\\\/uploads\\\/2023\\\/06\\\/pic07a.jpg\",\"width\":750,\"height\":1125,\"caption\":\"La fin de Jean de Witt, le pr\u00e9curseur du calcul des rentes viag\u00e8res et de l'utilisation des tables de mortalit\u00e9, est d\u00e9crite dans La Tulipe Noire d'Alexandre Dumas.\"},{\"@type\":\"BreadcrumbList\",\"@id\":\"https:\\\/\\\/viager20.com\\\/index.php\\\/principes-et-parametres-de-valorisation-equitable-des-viagers\\\/#breadcrumb\",\"itemListElement\":[{\"@type\":\"ListItem\",\"position\":1,\"name\":\"Accueil\",\"item\":\"https:\\\/\\\/viager20.com\\\/\"},{\"@type\":\"ListItem\",\"position\":2,\"name\":\"Principes de valorisation\"}]},{\"@type\":\"WebSite\",\"@id\":\"https:\\\/\\\/viager20.com\\\/#website\",\"url\":\"https:\\\/\\\/viager20.com\\\/\",\"name\":\"Viager 2.0\",\"description\":\"Le viager (plus) facile !\",\"publisher\":{\"@id\":\"https:\\\/\\\/viager20.com\\\/#organization\"},\"potentialAction\":[{\"@type\":\"SearchAction\",\"target\":{\"@type\":\"EntryPoint\",\"urlTemplate\":\"https:\\\/\\\/viager20.com\\\/?s={search_term_string}\"},\"query-input\":{\"@type\":\"PropertyValueSpecification\",\"valueRequired\":true,\"valueName\":\"search_term_string\"}}],\"inLanguage\":\"fr-FR\"},{\"@type\":\"Organization\",\"@id\":\"https:\\\/\\\/viager20.com\\\/#organization\",\"name\":\"Viager 2.0\",\"url\":\"https:\\\/\\\/viager20.com\\\/\",\"logo\":{\"@type\":\"ImageObject\",\"inLanguage\":\"fr-FR\",\"@id\":\"https:\\\/\\\/viager20.com\\\/#\\\/schema\\\/logo\\\/image\\\/\",\"url\":\"https:\\\/\\\/viager20.com\\\/wordpress\\\/wp-content\\\/uploads\\\/2024\\\/11\\\/LogoViager20a.jpg\",\"contentUrl\":\"https:\\\/\\\/viager20.com\\\/wordpress\\\/wp-content\\\/uploads\\\/2024\\\/11\\\/LogoViager20a.jpg\",\"width\":972,\"height\":302,\"caption\":\"Viager 2.0\"},\"image\":{\"@id\":\"https:\\\/\\\/viager20.com\\\/#\\\/schema\\\/logo\\\/image\\\/\"}}]}<\/script>\n<!-- \/ Yoast SEO plugin. -->","yoast_head_json":{"title":"Principes de valorisation Principes et param\u00e8tres de valorisation","description":"Une valorisation \u00e9quitable d'un viager suppose d'appliquer quelques principes et d'utiliser des param\u00e8tres appropri\u00e9s.","robots":{"index":"index","follow":"follow","max-snippet":"max-snippet:-1","max-image-preview":"max-image-preview:large","max-video-preview":"max-video-preview:-1"},"canonical":"https:\/\/viager20.com\/index.php\/principes-et-parametres-de-valorisation-equitable-des-viagers\/","og_locale":"fr_FR","og_type":"article","og_title":"Principes de valorisation Principes et param\u00e8tres de valorisation","og_description":"Une valorisation \u00e9quitable d'un viager suppose d'appliquer quelques principes et d'utiliser des param\u00e8tres appropri\u00e9s.","og_url":"https:\/\/viager20.com\/index.php\/principes-et-parametres-de-valorisation-equitable-des-viagers\/","og_site_name":"Viager 2.0","article_modified_time":"2025-12-18T14:07:09+00:00","og_image":[{"width":750,"height":1125,"url":"https:\/\/viager20.com\/wordpress\/wp-content\/uploads\/2023\/06\/pic07a.jpg","type":"image\/jpeg"}],"twitter_card":"summary_large_image","twitter_misc":{"Dur\u00e9e de lecture estim\u00e9e":"2 minutes"},"schema":{"@context":"https:\/\/schema.org","@graph":[{"@type":"WebPage","@id":"https:\/\/viager20.com\/index.php\/principes-et-parametres-de-valorisation-equitable-des-viagers\/","url":"https:\/\/viager20.com\/index.php\/principes-et-parametres-de-valorisation-equitable-des-viagers\/","name":"Principes de valorisation Principes et param\u00e8tres de valorisation","isPartOf":{"@id":"https:\/\/viager20.com\/#website"},"primaryImageOfPage":{"@id":"https:\/\/viager20.com\/index.php\/principes-et-parametres-de-valorisation-equitable-des-viagers\/#primaryimage"},"image":{"@id":"https:\/\/viager20.com\/index.php\/principes-et-parametres-de-valorisation-equitable-des-viagers\/#primaryimage"},"thumbnailUrl":"https:\/\/viager20.com\/wordpress\/wp-content\/uploads\/2023\/06\/pic07a.jpg","datePublished":"2023-06-09T15:18:04+00:00","dateModified":"2025-12-18T14:07:09+00:00","description":"Une valorisation \u00e9quitable d'un viager suppose d'appliquer quelques principes et d'utiliser des param\u00e8tres appropri\u00e9s.","breadcrumb":{"@id":"https:\/\/viager20.com\/index.php\/principes-et-parametres-de-valorisation-equitable-des-viagers\/#breadcrumb"},"inLanguage":"fr-FR","potentialAction":[{"@type":"ReadAction","target":["https:\/\/viager20.com\/index.php\/principes-et-parametres-de-valorisation-equitable-des-viagers\/"]}]},{"@type":"ImageObject","inLanguage":"fr-FR","@id":"https:\/\/viager20.com\/index.php\/principes-et-parametres-de-valorisation-equitable-des-viagers\/#primaryimage","url":"https:\/\/viager20.com\/wordpress\/wp-content\/uploads\/2023\/06\/pic07a.jpg","contentUrl":"https:\/\/viager20.com\/wordpress\/wp-content\/uploads\/2023\/06\/pic07a.jpg","width":750,"height":1125,"caption":"La fin de Jean de Witt, le pr\u00e9curseur du calcul des rentes viag\u00e8res et de l'utilisation des tables de mortalit\u00e9, est d\u00e9crite dans La Tulipe Noire d'Alexandre Dumas."},{"@type":"BreadcrumbList","@id":"https:\/\/viager20.com\/index.php\/principes-et-parametres-de-valorisation-equitable-des-viagers\/#breadcrumb","itemListElement":[{"@type":"ListItem","position":1,"name":"Accueil","item":"https:\/\/viager20.com\/"},{"@type":"ListItem","position":2,"name":"Principes de valorisation"}]},{"@type":"WebSite","@id":"https:\/\/viager20.com\/#website","url":"https:\/\/viager20.com\/","name":"Viager 2.0","description":"Le viager (plus) facile !","publisher":{"@id":"https:\/\/viager20.com\/#organization"},"potentialAction":[{"@type":"SearchAction","target":{"@type":"EntryPoint","urlTemplate":"https:\/\/viager20.com\/?s={search_term_string}"},"query-input":{"@type":"PropertyValueSpecification","valueRequired":true,"valueName":"search_term_string"}}],"inLanguage":"fr-FR"},{"@type":"Organization","@id":"https:\/\/viager20.com\/#organization","name":"Viager 2.0","url":"https:\/\/viager20.com\/","logo":{"@type":"ImageObject","inLanguage":"fr-FR","@id":"https:\/\/viager20.com\/#\/schema\/logo\/image\/","url":"https:\/\/viager20.com\/wordpress\/wp-content\/uploads\/2024\/11\/LogoViager20a.jpg","contentUrl":"https:\/\/viager20.com\/wordpress\/wp-content\/uploads\/2024\/11\/LogoViager20a.jpg","width":972,"height":302,"caption":"Viager 2.0"},"image":{"@id":"https:\/\/viager20.com\/#\/schema\/logo\/image\/"}}]}},"_links":{"self":[{"href":"https:\/\/viager20.com\/index.php\/wp-json\/wp\/v2\/pages\/1398","targetHints":{"allow":["GET"]}}],"collection":[{"href":"https:\/\/viager20.com\/index.php\/wp-json\/wp\/v2\/pages"}],"about":[{"href":"https:\/\/viager20.com\/index.php\/wp-json\/wp\/v2\/types\/page"}],"author":[{"embeddable":true,"href":"https:\/\/viager20.com\/index.php\/wp-json\/wp\/v2\/users\/1"}],"replies":[{"embeddable":true,"href":"https:\/\/viager20.com\/index.php\/wp-json\/wp\/v2\/comments?post=1398"}],"version-history":[{"count":129,"href":"https:\/\/viager20.com\/index.php\/wp-json\/wp\/v2\/pages\/1398\/revisions"}],"predecessor-version":[{"id":3792,"href":"https:\/\/viager20.com\/index.php\/wp-json\/wp\/v2\/pages\/1398\/revisions\/3792"}],"wp:featuredmedia":[{"embeddable":true,"href":"https:\/\/viager20.com\/index.php\/wp-json\/wp\/v2\/media\/112"}],"wp:attachment":[{"href":"https:\/\/viager20.com\/index.php\/wp-json\/wp\/v2\/media?parent=1398"}],"curies":[{"name":"wp","href":"https:\/\/api.w.org\/{rel}","templated":true}]}}