{"id":1566,"date":"2024-04-29T12:43:17","date_gmt":"2024-04-29T12:43:17","guid":{"rendered":"https:\/\/viager20.com\/wordpress\/?page_id=1566"},"modified":"2025-12-18T16:51:52","modified_gmt":"2025-12-18T14:51:52","slug":"tables-de-mortalite-esperance-vie","status":"publish","type":"page","link":"https:\/\/viager20.com\/index.php\/tables-de-mortalite-esperance-vie\/","title":{"rendered":"Tables de mortalit\u00e9"},"content":{"rendered":"\n<h3 class=\"wp-block-heading has-text-color has-background has-link-color wp-elements-b496172d04c7c75caabcc41c473e4064\" style=\"color:#218ecc;background-color:#cecece;font-size:20px;font-style:italic;font-weight:600\">Principe V : Les tables de mortalit\u00e9, qu&#8217;elles soient officielles ou certifi\u00e9es, doivent refl\u00e9ter l&#8217;esp\u00e9rance de vie d&#8217;un cr\u00e9direntier.<\/h3>\n\n\n\n<p class=\"has-black-color has-text-color has-link-color wp-elements-a4a7a94fcbc1be2ffb686ccaa95292ec\" style=\"font-size:14px\">Le choix de la table de mortalit\u00e9 est essentiel pour appr\u00e9cier correctement l&#8217;esp\u00e9rance de vie du cr\u00e9direntier.<\/p>\n\n\n\n<p class=\"has-black-color has-text-color has-link-color wp-elements-1cc81626d49e8bd575bcb523086dae68\" style=\"font-size:14px\">Commen\u00e7ons par <strong>les choses \u00e0 proscrire<\/strong>. Certains viag\u00e9ristes pr\u00e9tendent construire des tables de mortalit\u00e9 \u00e0 partir de leurs transactions. Il faut s&#8217;en m\u00e9fier ! Il faut des comp\u00e9tences actuarielles av\u00e9r\u00e9es et des dizaines de milliers d&#8217;observations pour construire des tables fiables. Or, les transactions viag\u00e8res se comptent en milliers par an &#8230;<\/p>\n\n\n\n<div class=\"wp-block-group\"><div class=\"wp-block-group__inner-container is-layout-constrained wp-block-group-is-layout-constrained\">\n<p class=\"has-black-color has-text-color has-link-color wp-elements-9dea39d69b5c8c94b606de185c8d3327\" style=\"font-size:14px\">Les d\u00e9birentiers s&#8217;inqui\u00e8tent souvent d&#8217;une surestimation de la mortalit\u00e9 dans les tables officielles. Ils n&#8217;ont pas tort, mais cela d\u00e9pend des tables choisies. En effet, il existe plusieurs types de tables de mortalit\u00e9 :<\/p>\n\n\n\n<p class=\"has-black-color has-text-color has-link-color wp-elements-c0bdf318ea32ceef59441bb45a4ac37f\" style=\"font-size:14px\">1. Les <em><strong>tables de moment<\/strong><\/em>, comme la Table INSEE 2019, \u00a0refl\u00e8tent la mortalit\u00e9 des trois derni\u00e8res ann\u00e9es. Si elles mesurent la mortalit\u00e9 <em>actuelle<\/em>, disons des octog\u00e9naires, elles ne pr\u00e9voient pas la mortalit\u00e9 <em>future<\/em> \u00e0 85 ans des sexag\u00e9naires actuels. Comme la mortalit\u00e9 baisse tendanciellement, ces tables sous-estiment l&#8217;esp\u00e9rance de vie au grand \u00e2ge. C&#8217;est g\u00eanant pour un viager !<\/p>\n\n\n\n<p class=\"has-black-color has-text-color has-link-color wp-elements-c5b844dca438e77494b3c54993829ac8\" style=\"font-size:14px\">2. \u00c0 l&#8217;inverse, les <strong><em>tables g\u00e9n\u00e9rationnelles<\/em><\/strong> extrapolent la baisse tendancielle de la mortalit\u00e9 et sont donc mieux adapt\u00e9es pour \u00e9valuer les viagers.<\/p>\n\n\n\n<p class=\"has-black-color has-text-color has-link-color wp-elements-c86a56bc1b68e3828504617c30ce059c\" style=\"font-size:14px\">Bien qu&#8217;un peu anciennes, <strong>on privil\u00e9giera les<\/strong> <a style=\"color:#218ecc\" href=\"https:\/\/www.ressources-actuarielles.net\/EXT\/ISFA\/fp-isfa.nsf\/0\/39B54166464089AFC12572B0003D88C2\/$FILE\/1291-01.pdf?OpenElement\">Tables TGH05-TGF05<\/a>, construites par les assureurs \u00e0 partir d&#8217;une population de rentiers\u00a0d\u00e9mographiquement proche de celle des cr\u00e9direntiers. Comme un vendeur en viager, l&#8217;acheteur d&#8217;une rente se sait en bonne sant\u00e9. Son esp\u00e9rance de vie d\u00e9passe donc celle de l&#8217;ensemble de la population.<\/p>\n\n\n\n<div class=\"wp-block-media-text is-stacked-on-mobile\" style=\"grid-template-columns:46% auto\"><figure class=\"wp-block-media-text__media\"><img decoding=\"async\" width=\"719\" height=\"236\" src=\"https:\/\/viager20.com\/wordpress\/wp-content\/uploads\/2025\/12\/ex_EV_tables.jpg\" alt=\"\" class=\"wp-image-3807 size-full\" srcset=\"https:\/\/viager20.com\/wordpress\/wp-content\/uploads\/2025\/12\/ex_EV_tables.jpg 719w, https:\/\/viager20.com\/wordpress\/wp-content\/uploads\/2025\/12\/ex_EV_tables-300x98.jpg 300w\" sizes=\"(max-width: 719px) 100vw, 719px\" \/><\/figure><div class=\"wp-block-media-text__content\">\n<p class=\"has-black-color has-text-color has-link-color wp-elements-f937c4f55ff1a85c050f139049986f1a\">L&#8217;\u00e9cart d&#8217;esp\u00e9rance de vie entre les tables INSEE 2019 et TGH05-TGF05 peut d\u00e9passer 6 ans.\u00a0Cela influe sur les <a style=\"color:#218ecc\" href=\"https:\/\/viager20.com\/index.php\/mesure-risques-financiers\/\">risques financiers<\/a> \u00a0li\u00e9s aux transactions viag\u00e8res.<\/p>\n<\/div><\/div>\n<\/div><\/div>\n\n\n\n<div style=\"height:51px\" aria-hidden=\"true\" class=\"wp-block-spacer\"><\/div>\n\n\n\n<p class=\"has-text-align-center has-text-color has-background has-link-color wp-elements-56d1609604dfc0cc7aab0ed51fa4f060\" style=\"color:#218ecc;background-color:#cecece;font-size:16px;font-style:italic;font-weight:600\">Acheteurs et vendeurs doivent s&#8217;interroger sur la pertinence d&#8217;une table de mortalit\u00e9, toujours impr\u00e9cise au grand \u00e2ge. <br>&nbsp;\u00c0 l&#8217;instar des assureurs pour les rentes viag\u00e8res, il est conseill\u00e9 de privil\u00e9gier l&#8217;utilisation des tables TGH05-TGF05.<\/p>\n\n\n\n<p><\/p>\n","protected":false},"excerpt":{"rendered":"<p>Principe V : Les tables de mortalit\u00e9, qu&#8217;elles soient officielles ou certifi\u00e9es, doivent refl\u00e9ter l&#8217;esp\u00e9rance de vie d&#8217;un cr\u00e9direntier. Le choix de la table de mortalit\u00e9 est essentiel pour appr\u00e9cier &#8230;<\/p>\n","protected":false},"author":1,"featured_media":0,"parent":0,"menu_order":0,"comment_status":"closed","ping_status":"closed","template":"template-fullwidth.php","meta":{"footnotes":""},"class_list":["post-1566","page","type-page","status-publish","hentry"],"yoast_head":"<!-- This site is optimized with the Yoast SEO plugin v27.5 - https:\/\/yoast.com\/product\/yoast-seo-wordpress\/ -->\n<title>Table de mortalit\u00e9 et esp\u00e9rance de vie du cr\u00e9direntier<\/title>\n<meta name=\"description\" content=\"Seules les table de mortalit\u00e9 g\u00e9n\u00e9rationnelles, comme les tables TGH05-TGF05, estiment correctement l&#039;esp\u00e9rance de vie du cr\u00e9direntier.\" \/>\n<meta name=\"robots\" content=\"index, follow, max-snippet:-1, max-image-preview:large, max-video-preview:-1\" \/>\n<link rel=\"canonical\" href=\"https:\/\/viager20.com\/index.php\/tables-de-mortalite-esperance-vie\/\" \/>\n<meta property=\"og:locale\" content=\"fr_FR\" \/>\n<meta property=\"og:type\" content=\"article\" \/>\n<meta property=\"og:title\" content=\"Table de mortalit\u00e9 et esp\u00e9rance de vie du cr\u00e9direntier\" \/>\n<meta property=\"og:description\" content=\"Seules les table de mortalit\u00e9 g\u00e9n\u00e9rationnelles, comme les tables TGH05-TGF05, estiment correctement l&#039;esp\u00e9rance de vie du cr\u00e9direntier.\" \/>\n<meta property=\"og:url\" content=\"https:\/\/viager20.com\/index.php\/tables-de-mortalite-esperance-vie\/\" \/>\n<meta property=\"og:site_name\" content=\"Viager 2.0\" \/>\n<meta property=\"article:modified_time\" content=\"2025-12-18T14:51:52+00:00\" \/>\n<meta property=\"og:image\" content=\"https:\/\/viager20.com\/wordpress\/wp-content\/uploads\/2025\/12\/ex_EV_tables.jpg\" \/>\n\t<meta property=\"og:image:width\" content=\"719\" \/>\n\t<meta property=\"og:image:height\" content=\"236\" \/>\n\t<meta property=\"og:image:type\" content=\"image\/jpeg\" \/>\n<meta name=\"twitter:card\" content=\"summary_large_image\" \/>\n<meta name=\"twitter:label1\" content=\"Dur\u00e9e de lecture estim\u00e9e\" \/>\n\t<meta name=\"twitter:data1\" content=\"2 minutes\" \/>\n<script type=\"application\/ld+json\" class=\"yoast-schema-graph\">{\"@context\":\"https:\\\/\\\/schema.org\",\"@graph\":[{\"@type\":\"WebPage\",\"@id\":\"https:\\\/\\\/viager20.com\\\/index.php\\\/tables-de-mortalite-esperance-vie\\\/\",\"url\":\"https:\\\/\\\/viager20.com\\\/index.php\\\/tables-de-mortalite-esperance-vie\\\/\",\"name\":\"Table de mortalit\u00e9 et esp\u00e9rance de vie du cr\u00e9direntier\",\"isPartOf\":{\"@id\":\"https:\\\/\\\/viager20.com\\\/#website\"},\"primaryImageOfPage\":{\"@id\":\"https:\\\/\\\/viager20.com\\\/index.php\\\/tables-de-mortalite-esperance-vie\\\/#primaryimage\"},\"image\":{\"@id\":\"https:\\\/\\\/viager20.com\\\/index.php\\\/tables-de-mortalite-esperance-vie\\\/#primaryimage\"},\"thumbnailUrl\":\"https:\\\/\\\/viager20.com\\\/wordpress\\\/wp-content\\\/uploads\\\/2025\\\/12\\\/ex_EV_tables.jpg\",\"datePublished\":\"2024-04-29T12:43:17+00:00\",\"dateModified\":\"2025-12-18T14:51:52+00:00\",\"description\":\"Seules les table de mortalit\u00e9 g\u00e9n\u00e9rationnelles, comme les tables TGH05-TGF05, estiment correctement l'esp\u00e9rance de vie du cr\u00e9direntier.\",\"breadcrumb\":{\"@id\":\"https:\\\/\\\/viager20.com\\\/index.php\\\/tables-de-mortalite-esperance-vie\\\/#breadcrumb\"},\"inLanguage\":\"fr-FR\",\"potentialAction\":[{\"@type\":\"ReadAction\",\"target\":[\"https:\\\/\\\/viager20.com\\\/index.php\\\/tables-de-mortalite-esperance-vie\\\/\"]}]},{\"@type\":\"ImageObject\",\"inLanguage\":\"fr-FR\",\"@id\":\"https:\\\/\\\/viager20.com\\\/index.php\\\/tables-de-mortalite-esperance-vie\\\/#primaryimage\",\"url\":\"https:\\\/\\\/viager20.com\\\/wordpress\\\/wp-content\\\/uploads\\\/2025\\\/12\\\/ex_EV_tables.jpg\",\"contentUrl\":\"https:\\\/\\\/viager20.com\\\/wordpress\\\/wp-content\\\/uploads\\\/2025\\\/12\\\/ex_EV_tables.jpg\",\"width\":719,\"height\":236},{\"@type\":\"BreadcrumbList\",\"@id\":\"https:\\\/\\\/viager20.com\\\/index.php\\\/tables-de-mortalite-esperance-vie\\\/#breadcrumb\",\"itemListElement\":[{\"@type\":\"ListItem\",\"position\":1,\"name\":\"Accueil\",\"item\":\"https:\\\/\\\/viager20.com\\\/\"},{\"@type\":\"ListItem\",\"position\":2,\"name\":\"Tables de mortalit\u00e9\"}]},{\"@type\":\"WebSite\",\"@id\":\"https:\\\/\\\/viager20.com\\\/#website\",\"url\":\"https:\\\/\\\/viager20.com\\\/\",\"name\":\"Viager 2.0\",\"description\":\"Le viager (plus) facile !\",\"publisher\":{\"@id\":\"https:\\\/\\\/viager20.com\\\/#organization\"},\"potentialAction\":[{\"@type\":\"SearchAction\",\"target\":{\"@type\":\"EntryPoint\",\"urlTemplate\":\"https:\\\/\\\/viager20.com\\\/?s={search_term_string}\"},\"query-input\":{\"@type\":\"PropertyValueSpecification\",\"valueRequired\":true,\"valueName\":\"search_term_string\"}}],\"inLanguage\":\"fr-FR\"},{\"@type\":\"Organization\",\"@id\":\"https:\\\/\\\/viager20.com\\\/#organization\",\"name\":\"Viager 2.0\",\"url\":\"https:\\\/\\\/viager20.com\\\/\",\"logo\":{\"@type\":\"ImageObject\",\"inLanguage\":\"fr-FR\",\"@id\":\"https:\\\/\\\/viager20.com\\\/#\\\/schema\\\/logo\\\/image\\\/\",\"url\":\"https:\\\/\\\/viager20.com\\\/wordpress\\\/wp-content\\\/uploads\\\/2024\\\/11\\\/LogoViager20a.jpg\",\"contentUrl\":\"https:\\\/\\\/viager20.com\\\/wordpress\\\/wp-content\\\/uploads\\\/2024\\\/11\\\/LogoViager20a.jpg\",\"width\":972,\"height\":302,\"caption\":\"Viager 2.0\"},\"image\":{\"@id\":\"https:\\\/\\\/viager20.com\\\/#\\\/schema\\\/logo\\\/image\\\/\"}}]}<\/script>\n<!-- \/ Yoast SEO plugin. -->","yoast_head_json":{"title":"Table de mortalit\u00e9 et esp\u00e9rance de vie du cr\u00e9direntier","description":"Seules les table de mortalit\u00e9 g\u00e9n\u00e9rationnelles, comme les tables TGH05-TGF05, estiment correctement l'esp\u00e9rance de vie du cr\u00e9direntier.","robots":{"index":"index","follow":"follow","max-snippet":"max-snippet:-1","max-image-preview":"max-image-preview:large","max-video-preview":"max-video-preview:-1"},"canonical":"https:\/\/viager20.com\/index.php\/tables-de-mortalite-esperance-vie\/","og_locale":"fr_FR","og_type":"article","og_title":"Table de mortalit\u00e9 et esp\u00e9rance de vie du cr\u00e9direntier","og_description":"Seules les table de mortalit\u00e9 g\u00e9n\u00e9rationnelles, comme les tables TGH05-TGF05, estiment correctement l'esp\u00e9rance de vie du cr\u00e9direntier.","og_url":"https:\/\/viager20.com\/index.php\/tables-de-mortalite-esperance-vie\/","og_site_name":"Viager 2.0","article_modified_time":"2025-12-18T14:51:52+00:00","og_image":[{"width":719,"height":236,"url":"https:\/\/viager20.com\/wordpress\/wp-content\/uploads\/2025\/12\/ex_EV_tables.jpg","type":"image\/jpeg"}],"twitter_card":"summary_large_image","twitter_misc":{"Dur\u00e9e de lecture estim\u00e9e":"2 minutes"},"schema":{"@context":"https:\/\/schema.org","@graph":[{"@type":"WebPage","@id":"https:\/\/viager20.com\/index.php\/tables-de-mortalite-esperance-vie\/","url":"https:\/\/viager20.com\/index.php\/tables-de-mortalite-esperance-vie\/","name":"Table de mortalit\u00e9 et esp\u00e9rance de vie du cr\u00e9direntier","isPartOf":{"@id":"https:\/\/viager20.com\/#website"},"primaryImageOfPage":{"@id":"https:\/\/viager20.com\/index.php\/tables-de-mortalite-esperance-vie\/#primaryimage"},"image":{"@id":"https:\/\/viager20.com\/index.php\/tables-de-mortalite-esperance-vie\/#primaryimage"},"thumbnailUrl":"https:\/\/viager20.com\/wordpress\/wp-content\/uploads\/2025\/12\/ex_EV_tables.jpg","datePublished":"2024-04-29T12:43:17+00:00","dateModified":"2025-12-18T14:51:52+00:00","description":"Seules les table de mortalit\u00e9 g\u00e9n\u00e9rationnelles, comme les tables TGH05-TGF05, estiment correctement l'esp\u00e9rance de vie du cr\u00e9direntier.","breadcrumb":{"@id":"https:\/\/viager20.com\/index.php\/tables-de-mortalite-esperance-vie\/#breadcrumb"},"inLanguage":"fr-FR","potentialAction":[{"@type":"ReadAction","target":["https:\/\/viager20.com\/index.php\/tables-de-mortalite-esperance-vie\/"]}]},{"@type":"ImageObject","inLanguage":"fr-FR","@id":"https:\/\/viager20.com\/index.php\/tables-de-mortalite-esperance-vie\/#primaryimage","url":"https:\/\/viager20.com\/wordpress\/wp-content\/uploads\/2025\/12\/ex_EV_tables.jpg","contentUrl":"https:\/\/viager20.com\/wordpress\/wp-content\/uploads\/2025\/12\/ex_EV_tables.jpg","width":719,"height":236},{"@type":"BreadcrumbList","@id":"https:\/\/viager20.com\/index.php\/tables-de-mortalite-esperance-vie\/#breadcrumb","itemListElement":[{"@type":"ListItem","position":1,"name":"Accueil","item":"https:\/\/viager20.com\/"},{"@type":"ListItem","position":2,"name":"Tables de mortalit\u00e9"}]},{"@type":"WebSite","@id":"https:\/\/viager20.com\/#website","url":"https:\/\/viager20.com\/","name":"Viager 2.0","description":"Le viager (plus) facile !","publisher":{"@id":"https:\/\/viager20.com\/#organization"},"potentialAction":[{"@type":"SearchAction","target":{"@type":"EntryPoint","urlTemplate":"https:\/\/viager20.com\/?s={search_term_string}"},"query-input":{"@type":"PropertyValueSpecification","valueRequired":true,"valueName":"search_term_string"}}],"inLanguage":"fr-FR"},{"@type":"Organization","@id":"https:\/\/viager20.com\/#organization","name":"Viager 2.0","url":"https:\/\/viager20.com\/","logo":{"@type":"ImageObject","inLanguage":"fr-FR","@id":"https:\/\/viager20.com\/#\/schema\/logo\/image\/","url":"https:\/\/viager20.com\/wordpress\/wp-content\/uploads\/2024\/11\/LogoViager20a.jpg","contentUrl":"https:\/\/viager20.com\/wordpress\/wp-content\/uploads\/2024\/11\/LogoViager20a.jpg","width":972,"height":302,"caption":"Viager 2.0"},"image":{"@id":"https:\/\/viager20.com\/#\/schema\/logo\/image\/"}}]}},"_links":{"self":[{"href":"https:\/\/viager20.com\/index.php\/wp-json\/wp\/v2\/pages\/1566","targetHints":{"allow":["GET"]}}],"collection":[{"href":"https:\/\/viager20.com\/index.php\/wp-json\/wp\/v2\/pages"}],"about":[{"href":"https:\/\/viager20.com\/index.php\/wp-json\/wp\/v2\/types\/page"}],"author":[{"embeddable":true,"href":"https:\/\/viager20.com\/index.php\/wp-json\/wp\/v2\/users\/1"}],"replies":[{"embeddable":true,"href":"https:\/\/viager20.com\/index.php\/wp-json\/wp\/v2\/comments?post=1566"}],"version-history":[{"count":40,"href":"https:\/\/viager20.com\/index.php\/wp-json\/wp\/v2\/pages\/1566\/revisions"}],"predecessor-version":[{"id":3809,"href":"https:\/\/viager20.com\/index.php\/wp-json\/wp\/v2\/pages\/1566\/revisions\/3809"}],"wp:attachment":[{"href":"https:\/\/viager20.com\/index.php\/wp-json\/wp\/v2\/media?parent=1566"}],"curies":[{"name":"wp","href":"https:\/\/api.w.org\/{rel}","templated":true}]}}